{"id":6200,"date":"2025-03-20T00:36:15","date_gmt":"2025-03-19T22:36:15","guid":{"rendered":"https:\/\/wellmax.ee\/?post_type=product&#038;p=6200"},"modified":"2025-09-23T12:55:00","modified_gmt":"2025-09-23T10:55:00","slug":"bambuse-terrass","status":"publish","type":"product","link":"https:\/\/wellmax.ee\/sv\/tooted\/bambuse-terrass\/","title":{"rendered":"Bambu terrass"},"content":{"rendered":"<h3>Varf\u00f6r v\u00e4lja bambutrall?<\/h3>\n<p>Terrassbord i bambu \u00e4r ett h\u00e5llbart, milj\u00f6v\u00e4nligt och vackert naturligt val f\u00f6r alla tr\u00e4dg\u00e5rdar och utomhusutrymmen. Om du letar efter ett trallmaterial som kombinerar estetik, styrka och l\u00e5ng livsl\u00e4ngd \u00e4r bambu ett utm\u00e4rkt val.<\/p>","protected":false},"excerpt":{"rendered":"<p>Utebord i bambu \u00e4r ett h\u00e5llbart, milj\u00f6v\u00e4nligt och vackert naturtroget val f\u00f6r alla tr\u00e4dg\u00e5rdar och uterum.<\/p>","protected":false},"featured_media":6202,"template":"","meta":{"_acf_changed":false},"product_brand":[],"product_cat":[48,700,710],"product_tag":[705],"class_list":{"0":"post-6200","1":"product","2":"type-product","3":"status-publish","4":"has-post-thumbnail","6":"product_cat-tooted","7":"product_cat-paring","8":"product_cat-terrassilauad","9":"product_tag-est","10":"pa_laius-w-140mm","11":"pa_paksus-t-20mm-fin","12":"pa_pikkus-l-14m","14":"first","15":"instock","16":"taxable","17":"shipping-taxable","18":"purchasable","19":"product-type-variable"},"acf":[],"_links":{"self":[{"href":"https:\/\/wellmax.ee\/sv\/wp-json\/wp\/v2\/product\/6200","targetHints":{"allow":["GET"]}}],"collection":[{"href":"https:\/\/wellmax.ee\/sv\/wp-json\/wp\/v2\/product"}],"about":[{"href":"https:\/\/wellmax.ee\/sv\/wp-json\/wp\/v2\/types\/product"}],"wp:featuredmedia":[{"embeddable":true,"href":"https:\/\/wellmax.ee\/sv\/wp-json\/wp\/v2\/media\/6202"}],"wp:attachment":[{"href":"https:\/\/wellmax.ee\/sv\/wp-json\/wp\/v2\/media?parent=6200"}],"wp:term":[{"taxonomy":"product_brand","embeddable":true,"href":"https:\/\/wellmax.ee\/sv\/wp-json\/wp\/v2\/product_brand?post=6200"},{"taxonomy":"product_cat","embeddable":true,"href":"https:\/\/wellmax.ee\/sv\/wp-json\/wp\/v2\/product_cat?post=6200"},{"taxonomy":"product_tag","embeddable":true,"href":"https:\/\/wellmax.ee\/sv\/wp-json\/wp\/v2\/product_tag?post=6200"}],"curies":[{"name":"wp","href":"https:\/\/api.w.org\/{rel}","templated":true}]}}