{"id":5845,"date":"2023-08-16T07:30:38","date_gmt":"2023-08-16T05:30:38","guid":{"rendered":"https:\/\/wellmax.ee\/?post_type=product&#038;p=5845"},"modified":"2025-09-23T12:05:58","modified_gmt":"2025-09-23T10:05:58","slug":"termotoodeldud-kuusest-lillekastid","status":"publish","type":"product","link":"https:\/\/wellmax.ee\/sv\/tooted\/termoproducerade-gran-blomma-lador\/","title":{"rendered":"Bloml\u00e5dor av v\u00e4rmebehandlad gran"},"content":{"rendered":"<p>*100% naturlig bearbetning - processen anv\u00e4nder endast h\u00f6g temperatur och \u00e5nga.<br \/>\n*Termobehandlat granmaterial \u00e4r mycket stabilt och v\u00e4derbest\u00e4ndigt.<br \/>\n*Efter v\u00e4rmebehandling har materialets vattenupptagning minskat avsev\u00e4rt och deformationerna och sp\u00e4nningarna i materialet p\u00e5 grund av fukt \u00e4r betydligt l\u00e4gre.<br \/>\n*L\u00e4tt i vikt<br \/>\n*Milj\u00f6v\u00e4nlig och helt \u00e5tervinningsbar<br \/>\n*L\u00e4mplig f\u00f6r b\u00e5de inomhus- och utomhusbruk<br \/>\n*Estetiskt utseende<\/p>","protected":false},"excerpt":{"rendered":"<p>Milj\u00f6v\u00e4nliga och helt \u00e5tervinningsbara termobehandlade bloml\u00e5dor i gran.<\/p>\n<p>&nbsp;<\/p>","protected":false},"featured_media":5851,"template":"","meta":{"_acf_changed":false},"product_brand":[],"product_cat":[48,707],"product_tag":[705],"class_list":{"0":"post-5845","1":"product","2":"type-product","3":"status-publish","4":"has-post-thumbnail","6":"product_cat-tooted","7":"product_cat-termotoodeldud-puit","8":"product_tag-est","9":"pa_laius-w-691","10":"pa_laius-w-689","11":"pa_pikkus-l-690","13":"first","14":"instock","15":"taxable","16":"shipping-taxable","17":"purchasable","18":"product-type-variable"},"acf":[],"_links":{"self":[{"href":"https:\/\/wellmax.ee\/sv\/wp-json\/wp\/v2\/product\/5845","targetHints":{"allow":["GET"]}}],"collection":[{"href":"https:\/\/wellmax.ee\/sv\/wp-json\/wp\/v2\/product"}],"about":[{"href":"https:\/\/wellmax.ee\/sv\/wp-json\/wp\/v2\/types\/product"}],"wp:featuredmedia":[{"embeddable":true,"href":"https:\/\/wellmax.ee\/sv\/wp-json\/wp\/v2\/media\/5851"}],"wp:attachment":[{"href":"https:\/\/wellmax.ee\/sv\/wp-json\/wp\/v2\/media?parent=5845"}],"wp:term":[{"taxonomy":"product_brand","embeddable":true,"href":"https:\/\/wellmax.ee\/sv\/wp-json\/wp\/v2\/product_brand?post=5845"},{"taxonomy":"product_cat","embeddable":true,"href":"https:\/\/wellmax.ee\/sv\/wp-json\/wp\/v2\/product_cat?post=5845"},{"taxonomy":"product_tag","embeddable":true,"href":"https:\/\/wellmax.ee\/sv\/wp-json\/wp\/v2\/product_tag?post=5845"}],"curies":[{"name":"wp","href":"https:\/\/api.w.org\/{rel}","templated":true}]}}