{"id":5684,"date":"2023-03-11T12:55:38","date_gmt":"2023-03-11T10:55:38","guid":{"rendered":"https:\/\/wellmax.ee\/?post_type=product&#038;p=5684"},"modified":"2025-09-23T12:36:57","modified_gmt":"2025-09-23T10:36:57","slug":"termotoodeldud-kuuse-voodrilaud","status":"publish","type":"product","link":"https:\/\/wellmax.ee\/sv\/tooted\/varmebehandlat-ytterpanel-i-gran\/","title":{"rendered":"Termobehandlad foderbr\u00e4da i gran"},"content":{"rendered":"<p><strong>Varf\u00f6r v\u00e4lja en panel av v\u00e4rmebehandlad gran?<\/strong><\/p>\n<ul>\n<li style=\"list-style-type: none;\">\n<ul>\n<li>100% naturlig behandling - processen anv\u00e4nder endast h\u00f6g temperatur och \u00e5nga<\/li>\n<li>Tr\u00e4et \u00e4r helbehandlat i hela tv\u00e4rsnittet, inte bara n\u00e4ra ytan, som \u00e4r fallet med kemiskt impregnerat tr\u00e4.<\/li>\n<li>Utan harts<\/li>\n<li>L\u00e4mplig f\u00f6r alla klimat<\/li>\n<li>Tr\u00e4ets dimensionsstabilitet och h\u00e5llbarhet \u00f6kar<\/li>\n<li>Minskad vattenabsorption<\/li>\n<li>Mindre deformationer och p\u00e5frestningar orsakade av f\u00f6r\u00e4ndringar i luftfuktighet<\/li>\n<\/ul>\n<\/li>\n<\/ul>\n<p><strong>Vid projektf\u00f6rs\u00e4ljning \u00e4r priserna f\u00f6rhandlingsbara.<\/strong> <strong>M\u00f6jlighet att best\u00e4lla andra tv\u00e4rsnitt och l\u00e4ngder.<\/strong><\/p>","protected":false},"excerpt":{"rendered":"<p>Foderbr\u00e4dan av v\u00e4rmebehandlad skandinavisk gran \u00e4r en mycket vacker och praktisk produkt.<\/p>","protected":false},"featured_media":5768,"template":"","meta":{"_acf_changed":false},"product_brand":[],"product_cat":[48,700,707,709],"product_tag":[705],"class_list":{"0":"post-5684","1":"product","2":"type-product","3":"status-publish","4":"has-post-thumbnail","6":"product_cat-tooted","7":"product_cat-paring","8":"product_cat-termotoodeldud-puit","9":"product_cat-voodrilauad","10":"product_tag-est","11":"pa_laius-w-118mm","12":"pa_laius-w-142mm","13":"pa_paksus-t-18mm","14":"pa_paksus-t-20mm","15":"pa_pikkus-l-3m","16":"pa_pikkus-l-3-3m","17":"pa_pikkus-l-3-6m","18":"pa_pikkus-l-3-9m","19":"pa_pikkus-l-4-2m","20":"pa_pikkus-l-4-5m","21":"pa_pikkus-l-4-8m","23":"first","24":"instock","25":"taxable","26":"shipping-taxable","27":"purchasable","28":"product-type-variable"},"acf":[],"_links":{"self":[{"href":"https:\/\/wellmax.ee\/sv\/wp-json\/wp\/v2\/product\/5684","targetHints":{"allow":["GET"]}}],"collection":[{"href":"https:\/\/wellmax.ee\/sv\/wp-json\/wp\/v2\/product"}],"about":[{"href":"https:\/\/wellmax.ee\/sv\/wp-json\/wp\/v2\/types\/product"}],"wp:featuredmedia":[{"embeddable":true,"href":"https:\/\/wellmax.ee\/sv\/wp-json\/wp\/v2\/media\/5768"}],"wp:attachment":[{"href":"https:\/\/wellmax.ee\/sv\/wp-json\/wp\/v2\/media?parent=5684"}],"wp:term":[{"taxonomy":"product_brand","embeddable":true,"href":"https:\/\/wellmax.ee\/sv\/wp-json\/wp\/v2\/product_brand?post=5684"},{"taxonomy":"product_cat","embeddable":true,"href":"https:\/\/wellmax.ee\/sv\/wp-json\/wp\/v2\/product_cat?post=5684"},{"taxonomy":"product_tag","embeddable":true,"href":"https:\/\/wellmax.ee\/sv\/wp-json\/wp\/v2\/product_tag?post=5684"}],"curies":[{"name":"wp","href":"https:\/\/api.w.org\/{rel}","templated":true}]}}