{"id":5593,"date":"2022-12-05T08:24:44","date_gmt":"2022-12-05T06:24:44","guid":{"rendered":"https:\/\/wellmax.digitalmango.uk\/tooted\/termotoodeldud-manni-voodrilaud\/"},"modified":"2025-09-23T12:37:05","modified_gmt":"2025-09-23T10:37:05","slug":"termotoodeldud-manni-voodrilaud","status":"publish","type":"product","link":"https:\/\/wellmax.ee\/sv\/tooted\/varmebehandlat-fura-ytterpanel\/","title":{"rendered":"Termobehandlad furufoderskiva"},"content":{"rendered":"<p><strong>Varf\u00f6r v\u00e4lja en panel av v\u00e4rmebehandlad furu?<\/strong><\/p>\n<ul>\n<li style=\"list-style-type: none;\">\n<ul>\n<li>100% naturlig behandling - processen anv\u00e4nder endast h\u00f6g temperatur och \u00e5nga<\/li>\n<li>Tr\u00e4et \u00e4r helbehandlat i hela tv\u00e4rsnittet, inte bara n\u00e4ra ytan, som \u00e4r fallet med kemiskt impregnerat tr\u00e4.<\/li>\n<li>Utan harts<\/li>\n<li>L\u00e4mplig f\u00f6r alla klimat<\/li>\n<li>Tr\u00e4ets dimensionsstabilitet och h\u00e5llbarhet \u00f6kar<\/li>\n<li>Minskad vattenabsorption<\/li>\n<li>Mindre deformationer och p\u00e5frestningar orsakade av f\u00f6r\u00e4ndringar i luftfuktighet<\/li>\n<\/ul>\n<\/li>\n<\/ul>\n<p><strong>Vid projektf\u00f6rs\u00e4ljning \u00e4r priserna f\u00f6rhandlingsbara.<\/strong> <strong>M\u00f6jlighet att best\u00e4lla andra tv\u00e4rsnitt och l\u00e4ngder.<\/strong><\/p>","protected":false},"excerpt":{"rendered":"<p>Foderskivan av v\u00e4rmebehandlad skandinavisk furu \u00e4r en mycket vacker och praktisk produkt.<\/p>\n<p>&nbsp;<\/p>\n<p>&nbsp;<\/p>","protected":false},"featured_media":5594,"template":"","meta":{"_acf_changed":false},"product_brand":[],"product_cat":[48,707,709],"product_tag":[705],"class_list":{"0":"post-5593","1":"product","2":"type-product","3":"status-publish","4":"has-post-thumbnail","6":"product_cat-tooted","7":"product_cat-termotoodeldud-puit","8":"product_cat-voodrilauad","9":"product_tag-est","10":"pa_laius-w-118mm","11":"pa_laius-w-142mm","12":"pa_paksus-t-18mm","13":"pa_paksus-t-20mm","14":"pa_pikkus-l-3m","15":"pa_pikkus-l-3-3m","16":"pa_pikkus-l-3-6m","17":"pa_pikkus-l-3-9m","18":"pa_pikkus-l-4-2m","19":"pa_pikkus-l-4-5m","20":"pa_pikkus-l-4-8m","22":"first","23":"instock","24":"taxable","25":"shipping-taxable","26":"purchasable","27":"product-type-variable"},"acf":[],"_links":{"self":[{"href":"https:\/\/wellmax.ee\/sv\/wp-json\/wp\/v2\/product\/5593","targetHints":{"allow":["GET"]}}],"collection":[{"href":"https:\/\/wellmax.ee\/sv\/wp-json\/wp\/v2\/product"}],"about":[{"href":"https:\/\/wellmax.ee\/sv\/wp-json\/wp\/v2\/types\/product"}],"wp:featuredmedia":[{"embeddable":true,"href":"https:\/\/wellmax.ee\/sv\/wp-json\/wp\/v2\/media\/5594"}],"wp:attachment":[{"href":"https:\/\/wellmax.ee\/sv\/wp-json\/wp\/v2\/media?parent=5593"}],"wp:term":[{"taxonomy":"product_brand","embeddable":true,"href":"https:\/\/wellmax.ee\/sv\/wp-json\/wp\/v2\/product_brand?post=5593"},{"taxonomy":"product_cat","embeddable":true,"href":"https:\/\/wellmax.ee\/sv\/wp-json\/wp\/v2\/product_cat?post=5593"},{"taxonomy":"product_tag","embeddable":true,"href":"https:\/\/wellmax.ee\/sv\/wp-json\/wp\/v2\/product_tag?post=5593"}],"curies":[{"name":"wp","href":"https:\/\/api.w.org\/{rel}","templated":true}]}}