{"id":5585,"date":"2022-12-05T08:22:11","date_gmt":"2022-12-05T06:22:11","guid":{"rendered":"https:\/\/wellmax.digitalmango.uk\/tooted\/termotoodeldud-mand\/"},"modified":"2025-09-23T12:55:17","modified_gmt":"2025-09-23T10:55:17","slug":"termotoodeldud-mand","status":"publish","type":"product","link":"https:\/\/wellmax.ee\/sv\/tooted\/varmebehandlat-fura\/","title":{"rendered":"Termobehandlat uteplatsbord i furu"},"content":{"rendered":"<p class=\"translation-block\">-100% naturlig bearbetning - processen anv\u00e4nder endast h\u00f6g temperatur och \u00e5nga.<br> -Tr\u00e4et \u00e4r helt behandlat i hela tv\u00e4rsnittet, inte bara n\u00e4ra ytan, som t.ex<br> n\u00e4r det g\u00e4ller tr\u00e4 impregnerat med kemikalier.<br> - Utan harts<br> -L\u00e4mplig f\u00f6r alla klimat<br> -Tr\u00e4ets dimensionsstabilitet och h\u00e5llbarhet \u00f6kar<br> - Minskad vattenabsorption<br> -Mindre deformationer och p\u00e5frestningar orsakade av f\u00f6r\u00e4ndringar i luftfuktighet<br> -Milj\u00f6v\u00e4nlig och helt \u00e5tervinningsbar<br> -L\u00e4ttare material<\/p>","protected":false},"excerpt":{"rendered":"<p>Termot\u00f6\u00f6tlus muudab m\u00e4nni palju stabiilsemaks, kuid ennek\u00f5ike<br \/>\nvastupidavamaks ilma t\u00f6\u00f6tlemisvahendeid kasutamata. Visuaalselt saab<br \/>\ntermot\u00f6\u00f6deldud m\u00e4nd endale sooja pruunika tooni.<\/p>\n<p>&nbsp;<\/p>","protected":false},"featured_media":5586,"template":"","meta":{"_acf_changed":false},"product_brand":[],"product_cat":[48,707,710],"product_tag":[705],"class_list":{"0":"post-5585","1":"product","2":"type-product","3":"status-publish","4":"has-post-thumbnail","6":"product_cat-tooted","7":"product_cat-termotoodeldud-puit","8":"product_cat-terrassilauad","9":"product_tag-est","10":"pa_laius-w-118mm","11":"pa_laius-w-142mm","12":"pa_paksus-t-27mm","13":"pa_pikkus-l-3m","14":"pa_pikkus-l-3-9m-eng","15":"pa_pikkus-l-4m","16":"pa_pikkus-l-4-2m-eng","17":"pa_pikkus-l-4-5m-fin","18":"pa_pikkus-l-5-1m","19":"pa_pikkus-l-5-4m","20":"pa_pikkus-l-6m","22":"first","23":"instock","24":"taxable","25":"shipping-taxable","26":"purchasable","27":"product-type-variable"},"acf":[],"_links":{"self":[{"href":"https:\/\/wellmax.ee\/sv\/wp-json\/wp\/v2\/product\/5585","targetHints":{"allow":["GET"]}}],"collection":[{"href":"https:\/\/wellmax.ee\/sv\/wp-json\/wp\/v2\/product"}],"about":[{"href":"https:\/\/wellmax.ee\/sv\/wp-json\/wp\/v2\/types\/product"}],"wp:featuredmedia":[{"embeddable":true,"href":"https:\/\/wellmax.ee\/sv\/wp-json\/wp\/v2\/media\/5586"}],"wp:attachment":[{"href":"https:\/\/wellmax.ee\/sv\/wp-json\/wp\/v2\/media?parent=5585"}],"wp:term":[{"taxonomy":"product_brand","embeddable":true,"href":"https:\/\/wellmax.ee\/sv\/wp-json\/wp\/v2\/product_brand?post=5585"},{"taxonomy":"product_cat","embeddable":true,"href":"https:\/\/wellmax.ee\/sv\/wp-json\/wp\/v2\/product_cat?post=5585"},{"taxonomy":"product_tag","embeddable":true,"href":"https:\/\/wellmax.ee\/sv\/wp-json\/wp\/v2\/product_tag?post=5585"}],"curies":[{"name":"wp","href":"https:\/\/api.w.org\/{rel}","templated":true}]}}