{"id":5582,"date":"2022-07-28T05:25:15","date_gmt":"2022-07-28T03:25:15","guid":{"rendered":"https:\/\/wellmax.digitalmango.uk\/tooted\/kuuse-voodrilaud\/"},"modified":"2025-09-23T12:37:12","modified_gmt":"2025-09-23T10:37:12","slug":"naturaalne-kuuse-voodrilaud","status":"publish","type":"product","link":"https:\/\/wellmax.ee\/sv\/tooted\/natur-gran-ytterpanel\/","title":{"rendered":"Naturligt granfoder"},"content":{"rendered":"<p>...<\/p>","protected":false},"excerpt":{"rendered":"<p><span style=\"font-weight: 400;\">Grantr\u00e4 \u00e4r l\u00e4mpligt f\u00f6r utomhusbruk p\u00e5 grund av sin l\u00e5ga fuktupptagning. Vid l\u00e5ngvarig anv\u00e4ndning ska borden t\u00e4ckas med tr\u00e4skyddsmedel och undvika direktkontakt med p\u00e5verkan av den yttre milj\u00f6n.<\/span><span style=\"font-weight: 400;\"> Skandinavisk gran \u00e4r p\u00e5 grund av sitt hartsinneh\u00e5ll ett ganska l\u00e5ngvarigt och l\u00e4ttbearbetat material. Granpanel har en vacker ljus nyans och \u00e4r ett l\u00e4tt material.<br \/>\n<\/span>Du kan f\u00e5 mer information genom att skriva till oss: info@wellmax.ee<\/p>\n<p>&nbsp;<\/p>\n<p>&nbsp;<\/p>","protected":false},"featured_media":5583,"template":"","meta":{"_acf_changed":false},"product_brand":[],"product_cat":[48,700,709],"product_tag":[705],"class_list":{"0":"post-5582","1":"product","2":"type-product","3":"status-publish","4":"has-post-thumbnail","6":"product_cat-tooted","7":"product_cat-paring","8":"product_cat-voodrilauad","9":"product_tag-est","11":"first","12":"instock","13":"taxable","14":"shipping-taxable","15":"purchasable","16":"product-type-simple"},"acf":[],"_links":{"self":[{"href":"https:\/\/wellmax.ee\/sv\/wp-json\/wp\/v2\/product\/5582","targetHints":{"allow":["GET"]}}],"collection":[{"href":"https:\/\/wellmax.ee\/sv\/wp-json\/wp\/v2\/product"}],"about":[{"href":"https:\/\/wellmax.ee\/sv\/wp-json\/wp\/v2\/types\/product"}],"wp:featuredmedia":[{"embeddable":true,"href":"https:\/\/wellmax.ee\/sv\/wp-json\/wp\/v2\/media\/5583"}],"wp:attachment":[{"href":"https:\/\/wellmax.ee\/sv\/wp-json\/wp\/v2\/media?parent=5582"}],"wp:term":[{"taxonomy":"product_brand","embeddable":true,"href":"https:\/\/wellmax.ee\/sv\/wp-json\/wp\/v2\/product_brand?post=5582"},{"taxonomy":"product_cat","embeddable":true,"href":"https:\/\/wellmax.ee\/sv\/wp-json\/wp\/v2\/product_cat?post=5582"},{"taxonomy":"product_tag","embeddable":true,"href":"https:\/\/wellmax.ee\/sv\/wp-json\/wp\/v2\/product_tag?post=5582"}],"curies":[{"name":"wp","href":"https:\/\/api.w.org\/{rel}","templated":true}]}}