{"id":5569,"date":"2021-10-04T23:19:38","date_gmt":"2021-10-04T21:19:38","guid":{"rendered":"https:\/\/wellmax.digitalmango.uk\/tooted\/termotoodeldud-kuusk\/"},"modified":"2025-09-23T12:55:27","modified_gmt":"2025-09-23T10:55:27","slug":"termotoodeldud-kuusk","status":"publish","type":"product","link":"https:\/\/wellmax.ee\/sv\/tooted\/varmebehandlat-gran\/","title":{"rendered":"Termobehandlat uteplatsbord i gran"},"content":{"rendered":"<ul>\n<li>100% naturlig behandling - processen anv\u00e4nder endast h\u00f6g temperatur och \u00e5nga<\/li>\n<li>Tr\u00e4et \u00e4r helbehandlat i hela tv\u00e4rsnittet, inte bara n\u00e4ra ytan, som \u00e4r fallet med kemiskt impregnerat tr\u00e4.<\/li>\n<li>Utan harts - L\u00e4mplig f\u00f6r alla klimat - \u00d6kar tr\u00e4ets dimensionsstabilitet och tr\u00e4ets h\u00e5llbarhet<\/li>\n<li>Minskad vattenabsorption<\/li>\n<li>Mindre deformationer och p\u00e5frestningar orsakade av f\u00f6r\u00e4ndringar i luftfuktighet<\/li>\n<li>Milj\u00f6v\u00e4nlig och helt \u00e5tervinningsbar<\/li>\n<li>L\u00e4ttare material<\/li>\n<\/ul>","protected":false},"excerpt":{"rendered":"<p>V\u00e4rmebehandling g\u00f6r granen mycket stabilare, men framf\u00f6r allt mer h\u00e5llbar, utan anv\u00e4ndning av bearbetningsverktyg. Visuellt f\u00e5r v\u00e4rmebehandlad gran en varm brunaktig ton.<\/p>","protected":false},"featured_media":5570,"template":"","meta":{"_acf_changed":false},"product_brand":[],"product_cat":[48,707,710],"product_tag":[705],"class_list":{"0":"post-5569","1":"product","2":"type-product","3":"status-publish","4":"has-post-thumbnail","6":"product_cat-tooted","7":"product_cat-termotoodeldud-puit","8":"product_cat-terrassilauad","9":"product_tag-est","10":"pa_laius-w-118mm","11":"pa_laius-w-142mm","12":"pa_paksus-t-27mm","13":"pa_pikkus-l-4m","14":"pa_pikkus-l-4-8m","15":"pa_pikkus-l-5-1m","16":"pa_pikkus-l-54m","17":"pa_pikkus-l-57m","18":"pa_pikkus-l-6m","20":"first","21":"instock","22":"taxable","23":"shipping-taxable","24":"purchasable","25":"product-type-variable"},"acf":[],"_links":{"self":[{"href":"https:\/\/wellmax.ee\/sv\/wp-json\/wp\/v2\/product\/5569","targetHints":{"allow":["GET"]}}],"collection":[{"href":"https:\/\/wellmax.ee\/sv\/wp-json\/wp\/v2\/product"}],"about":[{"href":"https:\/\/wellmax.ee\/sv\/wp-json\/wp\/v2\/types\/product"}],"wp:featuredmedia":[{"embeddable":true,"href":"https:\/\/wellmax.ee\/sv\/wp-json\/wp\/v2\/media\/5570"}],"wp:attachment":[{"href":"https:\/\/wellmax.ee\/sv\/wp-json\/wp\/v2\/media?parent=5569"}],"wp:term":[{"taxonomy":"product_brand","embeddable":true,"href":"https:\/\/wellmax.ee\/sv\/wp-json\/wp\/v2\/product_brand?post=5569"},{"taxonomy":"product_cat","embeddable":true,"href":"https:\/\/wellmax.ee\/sv\/wp-json\/wp\/v2\/product_cat?post=5569"},{"taxonomy":"product_tag","embeddable":true,"href":"https:\/\/wellmax.ee\/sv\/wp-json\/wp\/v2\/product_tag?post=5569"}],"curies":[{"name":"wp","href":"https:\/\/api.w.org\/{rel}","templated":true}]}}