{"id":5471,"date":"2021-10-04T22:22:00","date_gmt":"2021-10-04T20:22:00","guid":{"rendered":"https:\/\/wellmax.digitalmango.uk\/tooted\/katuselaud\/"},"modified":"2025-09-29T22:19:48","modified_gmt":"2025-09-29T20:19:48","slug":"katuselaud","status":"publish","type":"product","link":"https:\/\/wellmax.ee\/sv\/tooted\/takbrada\/","title":{"rendered":"Takbr\u00e4da"},"content":{"rendered":"<p><strong>Varf\u00f6r v\u00e4lja en takbr\u00e4da av sibirisk l\u00e4rk?<\/strong><\/p>\n<ul>\n<li>Naturligt h\u00e5llbar - ingen kemisk behandling kr\u00e4vs<\/li>\n<li>T\u00e4t och enhetlig struktur - tillh\u00f6r h\u00e5rda tr\u00e4slag<\/li>\n<li>H\u00f6ga produktionsstandarder - garanterad bearbetning av h\u00f6g kvalitet<\/li>\n<li>Milj\u00f6v\u00e4nlig - kan anv\u00e4ndas i projekt d\u00e4r kemiskt behandlade material inte \u00e4r till\u00e5tna<\/li>\n<li>Vackert utseende - ser estetiskt ut<\/li>\n<li>Du sparar tid och pengar \u2013 livet \u00e4r l\u00e5ngt<\/li>\n<\/ul>\n<p>Takvirke sorteras i allm\u00e4nhet i tv\u00e5 klasser AB och C AB \u00e4r sunt och fritt fr\u00e5n defekter Material i klass C hyvlas huvudsakligen f\u00f6r defekter och nedfallna grenar i sin klass. <strong>F\u00f6r projektf\u00f6rs\u00e4ljning g\u00e4ller priser enligt \u00f6verenskommelse. M\u00f6jlighet att best\u00e4lla andra tv\u00e4rsnitt och l\u00e4ngder.<\/strong><\/p>","protected":false},"excerpt":{"rendered":"<p>Naturliga och slitstarka takbr\u00e4dor av sibirisk l\u00e4rk.<\/p>\n<p>&nbsp;<\/p>\n<p>&nbsp;<\/p>","protected":false},"featured_media":5472,"template":"","meta":{"_acf_changed":false},"product_brand":[],"product_cat":[48],"product_tag":[705],"class_list":{"0":"post-5471","1":"product","2":"type-product","3":"status-publish","4":"has-post-thumbnail","6":"product_cat-tooted","7":"product_tag-est","8":"pa_laius-w-120mm","9":"pa_laius-w-145mm","10":"pa_paksus-t-21mm","11":"pa_pikkus-l-3m","12":"pa_pikkus-l-4m","13":"pa_pikkus-l-6m","15":"first","16":"instock","17":"taxable","18":"shipping-taxable","19":"purchasable","20":"product-type-variable"},"acf":[],"_links":{"self":[{"href":"https:\/\/wellmax.ee\/sv\/wp-json\/wp\/v2\/product\/5471","targetHints":{"allow":["GET"]}}],"collection":[{"href":"https:\/\/wellmax.ee\/sv\/wp-json\/wp\/v2\/product"}],"about":[{"href":"https:\/\/wellmax.ee\/sv\/wp-json\/wp\/v2\/types\/product"}],"wp:featuredmedia":[{"embeddable":true,"href":"https:\/\/wellmax.ee\/sv\/wp-json\/wp\/v2\/media\/5472"}],"wp:attachment":[{"href":"https:\/\/wellmax.ee\/sv\/wp-json\/wp\/v2\/media?parent=5471"}],"wp:term":[{"taxonomy":"product_brand","embeddable":true,"href":"https:\/\/wellmax.ee\/sv\/wp-json\/wp\/v2\/product_brand?post=5471"},{"taxonomy":"product_cat","embeddable":true,"href":"https:\/\/wellmax.ee\/sv\/wp-json\/wp\/v2\/product_cat?post=5471"},{"taxonomy":"product_tag","embeddable":true,"href":"https:\/\/wellmax.ee\/sv\/wp-json\/wp\/v2\/product_tag?post=5471"}],"curies":[{"name":"wp","href":"https:\/\/api.w.org\/{rel}","templated":true}]}}