{"id":5457,"date":"2021-10-04T22:21:55","date_gmt":"2021-10-04T20:21:55","guid":{"rendered":"https:\/\/wellmax.digitalmango.uk\/tooted\/voodrilaud\/"},"modified":"2025-09-23T12:37:22","modified_gmt":"2025-09-23T10:37:22","slug":"lehise-voodrilaud","status":"publish","type":"product","link":"https:\/\/wellmax.ee\/sv\/tooted\/ytterpanel-av-lark\/","title":{"rendered":"L\u00e4rkpanel"},"content":{"rendered":"<p><strong>Varf\u00f6r v\u00e4lja ett foder av sibirisk l\u00e4rk?<\/strong><\/p>\n<ul>\n<li>Naturligt h\u00e5llbar - ingen kemisk behandling kr\u00e4vs<\/li>\n<li>T\u00e4t och enhetlig struktur - tillh\u00f6r h\u00e5rda tr\u00e4slag<\/li>\n<li>H\u00f6ga produktionsstandarder - garanterad bearbetning av h\u00f6g kvalitet<\/li>\n<li>Milj\u00f6v\u00e4nlig - kan anv\u00e4ndas i projekt d\u00e4r kemiskt behandlade material inte \u00e4r till\u00e5tna<\/li>\n<li>Vackert utseende - ser estetiskt ut<\/li>\n<li>Du sparar tid och pengar \u2013 livet \u00e4r l\u00e5ngt<\/li>\n<\/ul>\n<p><a href=\"https:\/\/wellmax.ee\/wp-content\/uploads\/2020\/08\/H\u00f6\u00f6velmaterjali-kvaliteeditingimused.pdf\" target=\"_blank\" rel=\"noopener noreferrer\">I allm\u00e4nhet sorterar vi foderbr\u00e4da i tre klasser AB; ABC och C<\/a> AB \u00e4r ett helgrenat plywoodmaterial utan defekter. Generellt sett \u00e4r pris-kvalitetsf\u00f6rh\u00e5llandet rimligare f\u00f6r ABC-klass, d\u00e5 det g\u00e5r att optimera materialet till viss del vid montering av plywood. C-kvalitetsmaterial sorteras huvudsakligen i sin klass p\u00e5 grund av defekter eller nedfallna grenar, men plywoodens h\u00e5llfasthetsegenskaper \u00e4r likv\u00e4rdiga med de tidigare kvaliteterna. Beroende p\u00e5 profilen kan dessa defekter delvis eller helt \u00f6verlappa efter installationen. <strong>Vid projektf\u00f6rs\u00e4ljning \u00e4r priserna f\u00f6rhandlingsbara.<\/strong> <strong>M\u00f6jlighet att best\u00e4lla andra tv\u00e4rsnitt och l\u00e4ngder.<\/strong><\/p>","protected":false},"excerpt":{"rendered":"<p>Foderskiva av sibirisk l\u00e4rk \u00e4r en mycket exklusiv och praktisk produkt.<\/p>\n<p>&nbsp;<\/p>","protected":false},"featured_media":5458,"template":"","meta":{"_acf_changed":false},"product_brand":[],"product_cat":[48,700,709],"product_tag":[705],"class_list":{"0":"post-5457","1":"product","2":"type-product","3":"status-publish","4":"has-post-thumbnail","6":"product_cat-tooted","7":"product_cat-paring","8":"product_cat-voodrilauad","9":"product_tag-est","10":"pa_laius-w-70mm","11":"pa_laius-w-95mm","12":"pa_laius-w-120mm","13":"pa_laius-w-145mm","14":"pa_paksus-t-21mm","15":"pa_pikkus-l-3m","16":"pa_pikkus-l-4m","17":"pa_pikkus-l-6m","19":"first","20":"instock","21":"taxable","22":"shipping-taxable","23":"purchasable","24":"product-type-variable"},"acf":[],"_links":{"self":[{"href":"https:\/\/wellmax.ee\/sv\/wp-json\/wp\/v2\/product\/5457","targetHints":{"allow":["GET"]}}],"collection":[{"href":"https:\/\/wellmax.ee\/sv\/wp-json\/wp\/v2\/product"}],"about":[{"href":"https:\/\/wellmax.ee\/sv\/wp-json\/wp\/v2\/types\/product"}],"wp:featuredmedia":[{"embeddable":true,"href":"https:\/\/wellmax.ee\/sv\/wp-json\/wp\/v2\/media\/5458"}],"wp:attachment":[{"href":"https:\/\/wellmax.ee\/sv\/wp-json\/wp\/v2\/media?parent=5457"}],"wp:term":[{"taxonomy":"product_brand","embeddable":true,"href":"https:\/\/wellmax.ee\/sv\/wp-json\/wp\/v2\/product_brand?post=5457"},{"taxonomy":"product_cat","embeddable":true,"href":"https:\/\/wellmax.ee\/sv\/wp-json\/wp\/v2\/product_cat?post=5457"},{"taxonomy":"product_tag","embeddable":true,"href":"https:\/\/wellmax.ee\/sv\/wp-json\/wp\/v2\/product_tag?post=5457"}],"curies":[{"name":"wp","href":"https:\/\/api.w.org\/{rel}","templated":true}]}}