{"id":5411,"date":"2021-10-04T22:21:47","date_gmt":"2021-10-04T20:21:47","guid":{"rendered":"https:\/\/wellmax.digitalmango.uk\/tooted\/saematerjal-kd18-c\/"},"modified":"2025-09-23T13:04:26","modified_gmt":"2025-09-23T11:04:26","slug":"lehise-saematerjal-kd18-c","status":"publish","type":"product","link":"https:\/\/wellmax.ee\/sv\/tooted\/lark-sagat-material-kd18-c\/","title":{"rendered":"L\u00e4rktr\u00e4 KD18C"},"content":{"rendered":"<p>S\u00e5gat material KD18 C \u00e4r ett torkat material f\u00f6r luftfuktighet 18 +\/- 2%, &quot;transport torrt&quot; i folkmun. Materialet sorteras f\u00f6re torkning och efter torkning. S\u00e5gat material KD18 C l\u00e4mpar sig fr\u00e4mst f\u00f6r anv\u00e4ndning som byggmaterial, eller som hyvlande material med l\u00e4gre kvalitetskrav. Detta material sorteras i klass C baserat p\u00e5 de skandinaviska virkessorteringsf\u00f6rh\u00e5llandena. <strong>Vid projektf\u00f6rs\u00e4ljning \u00e4r priserna f\u00f6rhandlingsbara.<\/strong> <strong>M\u00f6jlighet att best\u00e4lla andra tv\u00e4rsnitt och l\u00e4ngder.<\/strong><\/p>","protected":false},"excerpt":{"rendered":"<p>S\u00e5gat material KD18 C \u00e4r ett torkat material f\u00f6r luftfuktighet 18 +- 2%, &quot;transport torrt&quot; i folkmun. Materialet sorteras f\u00f6re torkning och efter torkning. S\u00e5gat material KD18 C l\u00e4mpar sig fr\u00e4mst f\u00f6r anv\u00e4ndning som byggmaterial.<\/p>\n<p>&nbsp;<\/p>\n<p>&nbsp;<\/p>","protected":false},"featured_media":5368,"template":"","meta":{"_acf_changed":false},"product_brand":[],"product_cat":[700,711,48],"product_tag":[705],"class_list":{"0":"post-5411","1":"product","2":"type-product","3":"status-publish","4":"has-post-thumbnail","6":"product_cat-paring","7":"product_cat-saematerjal","8":"product_cat-tooted","9":"product_tag-est","10":"pa_laius-w-100mm","11":"pa_laius-w-125mm","12":"pa_laius-w-150mm","13":"pa_laius-w-200mm","14":"pa_laius-w-75mm","15":"pa_paksus-t-25mm","16":"pa_paksus-t-32mm","17":"pa_paksus-t-50mm","18":"pa_pikkus-l-3m","19":"pa_pikkus-l-4m","20":"pa_pikkus-l-6m","22":"first","23":"instock","24":"taxable","25":"shipping-taxable","26":"purchasable","27":"product-type-variable"},"acf":[],"_links":{"self":[{"href":"https:\/\/wellmax.ee\/sv\/wp-json\/wp\/v2\/product\/5411","targetHints":{"allow":["GET"]}}],"collection":[{"href":"https:\/\/wellmax.ee\/sv\/wp-json\/wp\/v2\/product"}],"about":[{"href":"https:\/\/wellmax.ee\/sv\/wp-json\/wp\/v2\/types\/product"}],"wp:featuredmedia":[{"embeddable":true,"href":"https:\/\/wellmax.ee\/sv\/wp-json\/wp\/v2\/media\/5368"}],"wp:attachment":[{"href":"https:\/\/wellmax.ee\/sv\/wp-json\/wp\/v2\/media?parent=5411"}],"wp:term":[{"taxonomy":"product_brand","embeddable":true,"href":"https:\/\/wellmax.ee\/sv\/wp-json\/wp\/v2\/product_brand?post=5411"},{"taxonomy":"product_cat","embeddable":true,"href":"https:\/\/wellmax.ee\/sv\/wp-json\/wp\/v2\/product_cat?post=5411"},{"taxonomy":"product_tag","embeddable":true,"href":"https:\/\/wellmax.ee\/sv\/wp-json\/wp\/v2\/product_tag?post=5411"}],"curies":[{"name":"wp","href":"https:\/\/api.w.org\/{rel}","templated":true}]}}