{"id":5367,"date":"2021-10-04T22:21:40","date_gmt":"2021-10-04T20:21:40","guid":{"rendered":"https:\/\/wellmax.digitalmango.uk\/tooted\/saematerjal-kd18-ab\/"},"modified":"2025-09-23T13:04:33","modified_gmt":"2025-09-23T11:04:33","slug":"lehise-saematerjal-kd18-ab","status":"publish","type":"product","link":"https:\/\/wellmax.ee\/sv\/tooted\/lark-sagat-material-kd18-ab\/","title":{"rendered":"L\u00e4rktr\u00e4 KD18 AB"},"content":{"rendered":"<p>Materialet sorteras f\u00f6re torkning och efter torkning. S\u00e5gat material KD18 AB \u00e4r ett idealiskt material f\u00f6r tillverkning av hyvelmaterial i form av terrasser, sidosp\u00e5r och takbr\u00e4dor. Detta material har sorterats i klasser AB baserat p\u00e5 de skandinaviska virkessorteringsf\u00f6rh\u00e5llandena. <strong>Vid projektf\u00f6rs\u00e4ljning \u00e4r priserna f\u00f6rhandlingsbara.<\/strong> <strong>M\u00f6jlighet att best\u00e4lla andra tv\u00e4rsnitt och l\u00e4ngder.\u00a0<\/strong><\/p>","protected":false},"excerpt":{"rendered":"<p>S\u00e5gat material KD18 AB \u00e4r ett torkat material f\u00f6r luftfuktighet 18 +\/- 2%, &quot;transporttorrt&quot; i folkmun.<\/p>\n<p>&nbsp;<\/p>\n<p>&nbsp;<\/p>","protected":false},"featured_media":5368,"template":"","meta":{"_acf_changed":false},"product_brand":[],"product_cat":[48,700,711],"product_tag":[705],"class_list":{"0":"post-5367","1":"product","2":"type-product","3":"status-publish","4":"has-post-thumbnail","6":"product_cat-tooted","7":"product_cat-paring","8":"product_cat-saematerjal","9":"product_tag-est","10":"pa_laius-w-75mm","11":"pa_laius-w-100mm","12":"pa_laius-w-125mm","13":"pa_laius-w-150mm","14":"pa_laius-w-200mm","15":"pa_paksus-t-25mm","16":"pa_paksus-t-32mm","17":"pa_paksus-t-50mm","18":"pa_pikkus-l-3m","19":"pa_pikkus-l-4m","20":"pa_pikkus-l-6m","22":"first","23":"instock","24":"taxable","25":"shipping-taxable","26":"purchasable","27":"product-type-variable"},"acf":[],"_links":{"self":[{"href":"https:\/\/wellmax.ee\/sv\/wp-json\/wp\/v2\/product\/5367","targetHints":{"allow":["GET"]}}],"collection":[{"href":"https:\/\/wellmax.ee\/sv\/wp-json\/wp\/v2\/product"}],"about":[{"href":"https:\/\/wellmax.ee\/sv\/wp-json\/wp\/v2\/types\/product"}],"wp:featuredmedia":[{"embeddable":true,"href":"https:\/\/wellmax.ee\/sv\/wp-json\/wp\/v2\/media\/5368"}],"wp:attachment":[{"href":"https:\/\/wellmax.ee\/sv\/wp-json\/wp\/v2\/media?parent=5367"}],"wp:term":[{"taxonomy":"product_brand","embeddable":true,"href":"https:\/\/wellmax.ee\/sv\/wp-json\/wp\/v2\/product_brand?post=5367"},{"taxonomy":"product_cat","embeddable":true,"href":"https:\/\/wellmax.ee\/sv\/wp-json\/wp\/v2\/product_cat?post=5367"},{"taxonomy":"product_tag","embeddable":true,"href":"https:\/\/wellmax.ee\/sv\/wp-json\/wp\/v2\/product_tag?post=5367"}],"curies":[{"name":"wp","href":"https:\/\/api.w.org\/{rel}","templated":true}]}}