{"id":5345,"date":"2021-10-04T23:16:35","date_gmt":"2021-10-04T21:16:35","guid":{"rendered":"https:\/\/wellmax.digitalmango.uk\/tooted\/terrassilaud\/"},"modified":"2025-09-23T12:55:33","modified_gmt":"2025-09-23T10:55:33","slug":"lehise-terrassilaud","status":"publish","type":"product","link":"https:\/\/wellmax.ee\/sv\/tooted\/trall-i-lark\/","title":{"rendered":"Uteplatsbord i l\u00e4rk"},"content":{"rendered":"<p><strong>Varf\u00f6r v\u00e4lja en l\u00e4rktrass?<\/strong><\/p>\n<ul>\n<li>Naturligt h\u00e5llbar - ingen kemisk behandling kr\u00e4vs<\/li>\n<li>T\u00e4t och enhetlig struktur - tillh\u00f6r h\u00e5rda tr\u00e4slag<\/li>\n<li>H\u00f6ga produktionsstandarder - garanterad bearbetning av h\u00f6g kvalitet<\/li>\n<li>Milj\u00f6v\u00e4nlig - kan anv\u00e4ndas i projekt d\u00e4r kemiskt behandlade material inte \u00e4r till\u00e5tna<\/li>\n<li>Vackert utseende - ser estetiskt ut<\/li>\n<li>Du sparar tid och pengar \u2013 livet \u00e4r l\u00e5ngt<\/li>\n<\/ul>\n<p>Exclusive \u00e4r ett terrassmaterial med f\u00e5 och hela grenar och utan defekter som \u00e4r det mest l\u00e4mpliga f\u00f6r en s\u00e4rskilt kr\u00e4vande kund.<\/p>\n<p>Generellt sett \u00e4r f\u00f6rh\u00e5llandet mellan pris och kvalitet det mest rimliga f\u00f6r material av h\u00f6gsta klass, eftersom det \u00e4r m\u00f6jligt att optimera materialet till viss del vid installation av terrassen.<\/p>\n<p>Ekokvalitetsmaterial klassificeras huvudsakligen i sin klass p\u00e5 grund av hyvlingsfel eller nedfallna grenar, men terrassens h\u00e5llfasthetsegenskaper \u00e4r likv\u00e4rdiga med de tidigare sorterna.<\/p>\n<p><span style=\"color: #ff0000;\"><span style=\"color: #000000;\">Be om ett personligt erbjudande f\u00f6r ECO-kvalitetsmaterial<\/span> <strong><a style=\"color: #ff0000;\" href=\"mailto:info@wellmax.ee\">H\u00c4RIFR\u00c5N<span style=\"color: #000000;\">.<\/span><\/a><\/strong><\/span><\/p>\n<p>&nbsp;<\/p>\n<p><strong>Vid projektf\u00f6rs\u00e4ljning \u00e4r priserna f\u00f6rhandlingsbara.<br \/>\nM\u00f6jlighet att best\u00e4lla andra tv\u00e4rsnitt och l\u00e4ngder.<br \/>\n.<\/strong><\/p>\n<p><strong>Priskalkylatorn visar priserna p\u00e5 &quot;Exclusive&quot; klass terrassbord f\u00f6r 28mm tjocka br\u00e4dor.\u00a0<\/strong><\/p>","protected":false},"excerpt":{"rendered":"<p>Ett terrassbord av sibirisk l\u00e4rk \u00e4r en investering i en terrass med vacker struktur, vars livsl\u00e4ngd \u00e4r m\u00e5nga g\u00e5nger l\u00e4ngre \u00e4n en tallterrass.<\/p>\n<p>&nbsp;<\/p>\n<p>&nbsp;<\/p>","protected":false},"featured_media":5346,"template":"","meta":{"_acf_changed":false},"product_brand":[],"product_cat":[710,48],"product_tag":[705],"class_list":{"0":"post-5345","1":"product","2":"type-product","3":"status-publish","4":"has-post-thumbnail","6":"product_cat-terrassilauad","7":"product_cat-tooted","8":"product_tag-est","9":"pa_laius-w-120mm","10":"pa_laius-w-145mm","11":"pa_laius-w-95mm","12":"pa_paksus-t-24mm","13":"pa_paksus-t-28mm","14":"pa_pikkus-l-3m","15":"pa_pikkus-l-4m","16":"pa_pikkus-l-5-1m","17":"pa_pikkus-l-6m","19":"first","20":"instock","21":"taxable","22":"shipping-taxable","23":"purchasable","24":"product-type-variable"},"acf":[],"_links":{"self":[{"href":"https:\/\/wellmax.ee\/sv\/wp-json\/wp\/v2\/product\/5345","targetHints":{"allow":["GET"]}}],"collection":[{"href":"https:\/\/wellmax.ee\/sv\/wp-json\/wp\/v2\/product"}],"about":[{"href":"https:\/\/wellmax.ee\/sv\/wp-json\/wp\/v2\/types\/product"}],"wp:featuredmedia":[{"embeddable":true,"href":"https:\/\/wellmax.ee\/sv\/wp-json\/wp\/v2\/media\/5346"}],"wp:attachment":[{"href":"https:\/\/wellmax.ee\/sv\/wp-json\/wp\/v2\/media?parent=5345"}],"wp:term":[{"taxonomy":"product_brand","embeddable":true,"href":"https:\/\/wellmax.ee\/sv\/wp-json\/wp\/v2\/product_brand?post=5345"},{"taxonomy":"product_cat","embeddable":true,"href":"https:\/\/wellmax.ee\/sv\/wp-json\/wp\/v2\/product_cat?post=5345"},{"taxonomy":"product_tag","embeddable":true,"href":"https:\/\/wellmax.ee\/sv\/wp-json\/wp\/v2\/product_tag?post=5345"}],"curies":[{"name":"wp","href":"https:\/\/api.w.org\/{rel}","templated":true}]}}