{"id":928,"date":"2020-07-29T20:19:50","date_gmt":"2020-07-29T20:19:50","guid":{"rendered":"https:\/\/wp.wellmax.ee\/?page_id=928"},"modified":"2025-09-22T22:11:38","modified_gmt":"2025-09-22T20:11:38","slug":"privaatsuspoliitika","status":"publish","type":"page","link":"https:\/\/wellmax.ee\/sv\/integritetspolicy\/","title":{"rendered":"Integritetspolicy"},"content":{"rendered":"<h2>1. Allm\u00e4nna best\u00e4mmelser<\/h2>\n<p>Denna integritetspolicy reglerar principerna f\u00f6r insamling, behandling och lagring av personuppgifter. Personuppgifter samlas in, behandlas och lagras av den personuppgiftsansvarige <strong>Wellmax Baltic O\u00dc<\/strong> (nedan kallad databehandlaren).<\/p>\n<p>1.2. En registrerad i integritetspolicyns mening \u00e4r en kund eller annan fysisk person vars personuppgifter behandlas av databehandlaren.<\/p>\n<p>1.3. En kund i integritetspolicyns mening \u00e4r alla som k\u00f6per varor eller tj\u00e4nster fr\u00e5n databehandlarens webbplats.<\/p>\n<p>1.4. Databehandlaren f\u00f6ljer de principer f\u00f6r databehandling som anges i lagstiftningen, bland annat behandlar databehandlaren personuppgifter lagligt, r\u00e4ttvist och s\u00e4kert. Databehandlaren kan bekr\u00e4fta att personuppgifter har behandlats i enlighet med best\u00e4mmelserna i lagstiftningen.<\/p>\n<h2>2. Insamling, behandling och lagring av personuppgifter<\/h2>\n<p>2.1. De personuppgifter som databehandlaren samlar in, behandlar och lagrar samlas in elektroniskt, fr\u00e4mst via hemsidan och e-post.<\/p>\n<p>2.2. Genom att dela sina personuppgifter ger den registrerade databehandlaren r\u00e4tt att samla in, organisera, anv\u00e4nda och hantera personuppgifter f\u00f6r de \u00e4ndam\u00e5l som anges i integritetspolicyn, som den registrerade direkt eller indirekt delar med databehandlaren vid k\u00f6p av varor eller tj\u00e4nster p\u00e5 webbplatsen.<\/p>\n<p>2.3. Den registrerade ansvarar f\u00f6r att uppgifterna som l\u00e4mnas av honom \u00e4r korrekta, korrekta och fullst\u00e4ndiga. Att medvetet tillhandah\u00e5lla falsk information anses vara ett brott mot integritetspolicyn. Den registrerade \u00e4r skyldig att omedelbart underr\u00e4tta databehandlaren om \u00e4ndringar i de l\u00e4mnade uppgifterna.<\/p>\n<p>2.4. Databehandlaren ansvarar inte f\u00f6r skada p\u00e5 den registrerade eller tredje part orsakad av att den registrerade l\u00e4mnat falsk information.<\/p>\n<h2>3. Behandling av kunders personuppgifter<\/h2>\n<p>3.1. Databehandlaren kan behandla f\u00f6ljande personuppgifter om den registrerade:<\/p>\n<p>3.1.1. F\u00f6r-och efternamn;<\/p>\n<p>3.1.2. F\u00f6delsedatum;<\/p>\n<p>3.1.3. Telefonnummer;<\/p>\n<p>3.1.4. E-postadress;<\/p>\n<p>3.1.5. Leveransadress;<\/p>\n<p>3.1.6. Aktuellt kontonummer;<\/p>\n<p>3.1.7. Betalkortsuppgifter;<\/p>\n<p>3.2. Ut\u00f6ver ovanst\u00e5ende har databehandlaren r\u00e4tt att samla in uppgifter om kunden som finns tillg\u00e4ngliga i offentliga register.<\/p>\n<p>3.3. Den r\u00e4ttsliga grunden f\u00f6r behandling av personuppgifter \u00e4r artikel 6.1 (a), (b), (c) och (f) i den allm\u00e4nna f\u00f6rordningen om skydd av personuppgifter:<\/p>\n<p>a) den registrerade har gett sitt samtycke till att behandla sina personuppgifter f\u00f6r ett eller flera specifika \u00e4ndam\u00e5l;<\/p>\n<p>b) Behandlingen av personuppgifter \u00e4r n\u00f6dv\u00e4ndig f\u00f6r att fullg\u00f6ra ett avtal som ing\u00e5tts med den registrerade personens deltagande eller f\u00f6r att vidta \u00e5tg\u00e4rder innan avtalet ing\u00e5s i enlighet med den registrerades beg\u00e4ran;<\/p>\n<p>c) behandlingen av personuppgifter \u00e4r n\u00f6dv\u00e4ndig f\u00f6r att uppfylla den personuppgiftsansvariges r\u00e4ttsliga skyldighet;<\/p>\n<p>f) Behandlingen av personuppgifter \u00e4r n\u00f6dv\u00e4ndig i fall av ett ber\u00e4ttigat intresse hos den personuppgiftsansvarige eller en tredje part, s\u00e5vida inte ett s\u00e5dant intresse v\u00e4gs upp av den registrerades intressen eller de grundl\u00e4ggande r\u00e4ttigheter och friheter f\u00f6r vilka personuppgifter m\u00e5ste skyddas. , s\u00e4rskilt om den registrerade \u00e4r ett barn.<\/p>\n<p>3.4. Behandling av personuppgifter i enlighet med syftet med behandlingen:<\/p>\n<p>3.4.1. Syfte med behandlingen \u2013 s\u00e4kerhet och s\u00e4kerhet<br \/>\nDen maximala lagringstiden f\u00f6r personuppgifter - enligt de tidsfrister som anges i lagen<\/p>\n<p>3.4.2. Syfte med bearbetningen - orderhantering<br \/>\nDen maximala lagringsperioden f\u00f6r personuppgifter \u2013 12 m\u00e5nader<\/p>\n<p>3.4.3. Syfte med behandlingen \u2013 s\u00e4kerst\u00e4lla att e-butikstj\u00e4nster fungerar<br \/>\nDen maximala lagringsperioden f\u00f6r personuppgifter \u2013 12 m\u00e5nader<\/p>\n<p>3.4.4. Syfte med bearbetning - kundhantering<br \/>\nDen maximala lagringsperioden f\u00f6r personuppgifter \u2013 12 m\u00e5nader<\/p>\n<p>3.4.5. Syfte med behandlingen \u2013 ekonomisk verksamhet, redovisning<br \/>\nDen maximala lagringstiden f\u00f6r personuppgifter - enligt de tidsfrister som anges i lagen<\/p>\n<p>3.4.6. Syfte med bearbetning - marknadsf\u00f6ring<br \/>\nDen maximala lagringsperioden f\u00f6r personuppgifter \u2013 12 m\u00e5nader<\/p>\n<p>3.5. Databehandlaren har r\u00e4tt att dela kunders personuppgifter med tredje part, s\u00e5som auktoriserade databehandlare, revisorer, transport- och budfirmor, f\u00f6retag som tillhandah\u00e5ller \u00f6verf\u00f6ringstj\u00e4nster.Databehandlaren \u00e4r personuppgiftsansvarig. Databehandlaren \u00f6verf\u00f6r de personuppgifter som beh\u00f6vs f\u00f6r att g\u00f6ra betalningar till den auktoriserade processorn Maksekeskus AS.<\/p>\n<p>3.6. Vid behandling och lagring av den registrerades personuppgifter genomf\u00f6r databehandlaren organisatoriska och tekniska \u00e5tg\u00e4rder som s\u00e4kerst\u00e4ller skydd av personuppgifter mot oavsiktlig eller olaglig f\u00f6rst\u00f6relse, \u00e4ndring, avsl\u00f6jande och annan olaglig behandling.<\/p>\n<p>3.7. Databehandlaren lagrar de registrerades uppgifter beroende p\u00e5 syftet med behandlingen, dock inte l\u00e4ngre \u00e4n 1 \u00e5r.<\/p>\n<h2>4. Den registrerades r\u00e4ttigheter<\/h2>\n<p>4.1. Den registrerade har r\u00e4tt att f\u00e5 tillg\u00e5ng till och konsultera sina personuppgifter.<\/p>\n<p>4.2. Den registrerade har r\u00e4tt att f\u00e5 information om behandlingen av dennes personuppgifter.<\/p>\n<p>4.3. Den registrerade har r\u00e4tt att komplettera eller korrigera felaktiga uppgifter.<\/p>\n<p>4.4. Om databehandlaren behandlar den registrerades personuppgifter p\u00e5 grundval av den registrerades samtycke, har den registrerade r\u00e4tt att n\u00e4r som helst \u00e5terkalla samtycket.<\/p>\n<p>4.5. F\u00f6r att ut\u00f6va r\u00e4ttigheterna kan den registrerade kontakta e-butikens kundsupport p\u00e5 <strong>info@wellmax.ee<\/strong>.<\/p>\n<p>4.6. Den registrerade kan l\u00e4mna in ett klagom\u00e5l till Dataskyddsinspektionen f\u00f6r att skydda sina r\u00e4ttigheter.<\/p>\n<h2>5. Slutbest\u00e4mmelser<\/h2>\n<p>5.1. Dessa dataskyddsvillkor har uppr\u00e4ttats i enlighet med Europaparlamentets och r\u00e5dets f\u00f6rordning (EU) nr 2016\/679 om skydd av fysiska personer vid behandling av personuppgifter och det fria fl\u00f6det av s\u00e5dana uppgifter och om upph\u00e4vande av direktiv 95\/46 \/ EG \/ EG (allm\u00e4n f\u00f6rordning om skydd av personuppgifter), lagar om skydd av personuppgifter i Republiken Estland och lagstiftningen i Republiken Estland och Europeiska unionen.<\/p>\n<p>5.2. Databehandlaren har r\u00e4tt att helt eller delvis \u00e4ndra dataskyddsvillkoren genom att meddela de registrerade om \u00e4ndringarna p\u00e5 webbplatsen <a href=\"https:\/\/wellmax.ee\/sv\/\">https:\/\/wellmax.ee<\/a><strong>\u00a0<\/strong>genom.<\/p>","protected":false},"excerpt":{"rendered":"<p>1. Allm\u00e4nt I denna integritetspolicy anges de principer som styr insamling, behandling och lagring av personuppgifter. Personuppgifterna samlas in, behandlas och lagras av den personuppgiftsansvarige Wellmax Baltic O\u00dc (nedan kallad personuppgiftsbitr\u00e4det). 1.2. 1.3 Med kund avses i denna integritetspolicy den som k\u00f6per varor eller tj\u00e4nster fr\u00e5n personuppgiftsbitr\u00e4dets webbplats. 1.4 Den personuppgiftsansvarige ska f\u00f6lja [...]<\/p>","protected":false},"author":2,"featured_media":0,"parent":0,"menu_order":0,"comment_status":"closed","ping_status":"closed","template":"","meta":{"_acf_changed":false,"footnotes":""},"tags":[],"class_list":["post-928","page","type-page","status-publish","hentry"],"acf":[],"_links":{"self":[{"href":"https:\/\/wellmax.ee\/sv\/wp-json\/wp\/v2\/pages\/928","targetHints":{"allow":["GET"]}}],"collection":[{"href":"https:\/\/wellmax.ee\/sv\/wp-json\/wp\/v2\/pages"}],"about":[{"href":"https:\/\/wellmax.ee\/sv\/wp-json\/wp\/v2\/types\/page"}],"author":[{"embeddable":true,"href":"https:\/\/wellmax.ee\/sv\/wp-json\/wp\/v2\/users\/2"}],"replies":[{"embeddable":true,"href":"https:\/\/wellmax.ee\/sv\/wp-json\/wp\/v2\/comments?post=928"}],"version-history":[{"count":1,"href":"https:\/\/wellmax.ee\/sv\/wp-json\/wp\/v2\/pages\/928\/revisions"}],"predecessor-version":[{"id":6248,"href":"https:\/\/wellmax.ee\/sv\/wp-json\/wp\/v2\/pages\/928\/revisions\/6248"}],"wp:attachment":[{"href":"https:\/\/wellmax.ee\/sv\/wp-json\/wp\/v2\/media?parent=928"}],"wp:term":[{"taxonomy":"post_tag","embeddable":true,"href":"https:\/\/wellmax.ee\/sv\/wp-json\/wp\/v2\/tags?post=928"}],"curies":[{"name":"wp","href":"https:\/\/api.w.org\/{rel}","templated":true}]}}