{"id":4964,"date":"2022-09-01T19:53:16","date_gmt":"2022-09-01T17:53:16","guid":{"rendered":"https:\/\/wellmax.ee\/?page_id=4964"},"modified":"2025-09-22T22:11:16","modified_gmt":"2025-09-22T20:11:16","slug":"muugitingimused-wellmax","status":"publish","type":"page","link":"https:\/\/wellmax.ee\/sv\/andra-forhallanden-wellmax\/","title":{"rendered":"F\u00f6rs\u00e4ljningsvillkor"},"content":{"rendered":"<p>\u00c4garen till n\u00e4tbutiken Wellmax.ee (nedan kallad n\u00e4tbutiken) \u00e4r Wellmax Baltic O\u00dc (registreringskod 11403020), bel\u00e4gen i Kurtna k\u00fcla, Alutaguse f\u00f6rsamling, Ida-Virumaa, 41202, Estland.<\/p>\r\n\r\n\r\n\r\n<h2 class=\"wp-block-heading\">Giltighet av f\u00f6rs\u00e4ljningskontrakt, produkt och prisinformation<\/h2>\r\n\r\n\r\n\r\n<p>F\u00f6rs\u00e4ljningsvillkoren g\u00e4ller vid k\u00f6p av varor fr\u00e5n Webbutiken.<\/p>\r\n\r\n\r\n\r\n<p>Priserna p\u00e5 produkterna som s\u00e4ljs i webbutiken anges bredvid produkterna. I priset ing\u00e5r en avgift f\u00f6r leverans av varan. Alla priser p\u00e5 varor som s\u00e4ljs i webbutiken \u00e4r i euro.<\/p>\r\n\r\n\r\n\r\n<p>Avgiften f\u00f6r leverans av varan beror p\u00e5 var k\u00f6paren befinner sig och leveranss\u00e4ttet. Leveransavgiften visas f\u00f6r k\u00f6paren n\u00e4r best\u00e4llningen genomf\u00f6rs.<\/p>\r\n\r\n\r\n\r\n<p>Information om produkten l\u00e4mnas i Webshopen direkt bredvid produkten.<\/p>\r\n\r\n\r\n\r\n<h2 class=\"wp-block-heading\" id=\"h-tellimuse-vormistamine\">Formar ordern<\/h2>\r\n\r\n\r\n\r\n<p>F\u00f6r att best\u00e4lla varorna m\u00e5ste du l\u00e4gga \u00f6nskade produkter i varukorgen. F\u00f6r att slutf\u00f6ra best\u00e4llningen m\u00e5ste du fylla i de obligatoriska dataf\u00e4lten och v\u00e4lja l\u00e4mplig metod f\u00f6r produktleverans. Avgiftsbeloppet visas sedan p\u00e5 sk\u00e4rmen, som kan betalas s\u00e4kert genom f\u00f6ljande betalningsmetoder:<\/p>\r\n\r\n\r\n\r\n<p>Estniska bankbetalningar: Swedbank, SEB, Luminor, LHV, Coop Pank, Pocopay<\/p>\r\n\r\n\r\n\r\n<p>Estniska betala senare l\u00f6sningar: Indivy, Indivy 3, Liisi ID, Kniks presentkort<\/p>\r\n\r\n\r\n\r\n<p>Finska bankl\u00e4nkar: Aktia, \u00c5landsbanken, Danske, Handelsbanken, Nordea, Oma S\u00e4\u00e4stopankki, Pohjola, POP Pankki, S-Pankki, S\u00e4\u00e4stopankki<\/p>\r\n\r\n\r\n\r\n<p>OBS! N\u00e4r du betalar med en bankl\u00e4nk, se till att trycka p\u00e5 knappen &quot;Tillbaka till handlaren&quot; p\u00e5 bankens sida.<\/p>\r\n\r\n\r\n\r\n<p>Betalningar f\u00f6rmedlas av Maksekeskus AS. Betalning sker utanf\u00f6r Webbshopen i en s\u00e4ker milj\u00f6 - vid betalning med bankl\u00e4nk, i den s\u00e4kra milj\u00f6n hos respektive bank, och i den s\u00e4kra milj\u00f6n hos Maksekeskus AS vid betalning med kreditkort. S\u00e4ljaren har inte tillg\u00e5ng till kundens bank- och kreditkortsuppgifter. Kontraktet tr\u00e4der i kraft fr\u00e5n mottagandet av det belopp som ska betalas till onlinebutikens l\u00f6pande konto.<\/p>\r\n\r\n\r\n\r\n<p>\u00c4garen av n\u00e4tbutiken \u00e4r personuppgiftsansvarig och vidarebefordrar de personuppgifter som beh\u00f6vs f\u00f6r att g\u00f6ra betalningar till den auktoriserade behandlaren Maksekeskus AS.<\/p>\r\n\r\n\r\n\r\n<p>Om de best\u00e4llda varorna inte kan levereras p\u00e5 grund av varans slut eller av n\u00e5gon annan anledning kommer k\u00f6paren att informeras om detta s\u00e5 snart som m\u00f6jligt och de inbetalda pengarna (inklusive kostnaderna f\u00f6r leverans av varorna) kommer att returneras utan dr\u00f6jsm\u00e5l, dock senast inom 14 dagar efter att meddelandet skickats.<\/p>\r\n\r\n\r\n\r\n<h2 class=\"wp-block-heading\">Leverans<\/h2>\r\n\r\n\r\n\r\n<p>Varor skickas till f\u00f6ljande l\u00e4nder: Estland, Finland<\/p>\r\n\r\n\r\n\r\n<p>F\u00f6r att h\u00e4mta varorna har k\u00f6paren f\u00f6ljande alternativ: Viaexpress\/Greencarrier logistikleverans eller m\u00f6jlighet att sj\u00e4lv h\u00e4mta ut varorna.<\/p>\r\n\r\n\r\n\r\n<p>Varornas fraktkostnader st\u00e5r k\u00f6paren f\u00f6r, och motsvarande prisinformation visas bredvid frakts\u00e4ttet.<\/p>\r\n\r\n\r\n\r\n<p>Varorna levereras med semitrailer med en total l\u00e4ngd p\u00e5 17m och utan lyftmekanism. F\u00f6ruts\u00e4ttningen f\u00f6r leverans \u00e4r att destinationen\/objektet\/tomten kan n\u00e5s med semitrailer. Om det inte \u00e4r m\u00f6jligt att komma \u00e5t sidan med en semitrailer, m\u00e5ste alternativa alternativ diskuteras separat, vilka \u00e4r m\u00f6jliga mot en extra avgift (till exempel HIAB-transport).<\/p>\r\n\r\n\r\n\r\n<p>F\u00f6rs\u00e4ndelser inom Estland anl\u00e4nder i allm\u00e4nhet till den destination som anges av k\u00f6paren inom 7 arbetsdagar fr\u00e5n det att f\u00f6rs\u00e4ljningsavtalet tr\u00e4der i kraft. Leverans utanf\u00f6r Estland sker inom 10 kalenderdagar.<\/p>\r\n\r\n\r\n\r\n<p>I undantagsfall har du r\u00e4tt att leverera varorna inom 45 kalenderdagar.<\/p>\r\n\r\n\r\n\r\n<h2 class=\"wp-block-heading\">\u00c5ngerr\u00e4tt<\/h2>\r\n\r\n\r\n\r\n<p>Efter att ha mottagit best\u00e4llningen har k\u00f6paren r\u00e4tt att fr\u00e5ntr\u00e4da avtalet som ing\u00e5tts i e-butiken inom 14 dagar.<\/p>\r\n\r\n\r\n\r\n<p>OBS! Beroende p\u00e5 produkterna kan k\u00f6paren inte ha \u00e5ngerr\u00e4tt, i detta fall m\u00e5ste motsvarande produkter och tj\u00e4nster listas och de ska uppfylla de villkor som anges i \u00a7 53 (4) i lagen om skyldigheter.<\/p>\r\n\r\n\r\n\r\n<p>\u00c5ngerr\u00e4tten g\u00e4ller inte om k\u00f6paren \u00e4r en juridisk person.<\/p>\r\n\r\n\r\n\r\n<p>F\u00f6r att utnyttja 14 dagars returr\u00e4tt f\u00e5r de best\u00e4llda varorna inte anv\u00e4ndas p\u00e5 annat s\u00e4tt \u00e4n vad som \u00e4r n\u00f6dv\u00e4ndigt f\u00f6r att s\u00e4kerst\u00e4lla varans art, egenskaper och funktion p\u00e5 ett s\u00e4tt som \u00e4r till\u00e5tet f\u00f6r provning av varan i en fysisk butik.<\/p>\r\n\r\n\r\n\r\n<p>Om varan har anv\u00e4nts f\u00f6r annat \u00e4ndam\u00e5l \u00e4n vad som \u00e4r n\u00f6dv\u00e4ndigt f\u00f6r att verifiera varans beskaffenhet, egenskaper och funktion, eller om de visar tecken p\u00e5 anv\u00e4ndning eller slitage, har N\u00e4tbutiken r\u00e4tt att reducera returavgiften enl. minskning av varans v\u00e4rde.Varorna ska returneras i sin ursprungliga form - detta inneb\u00e4r att varorna inte f\u00e5r bearbetas, sk\u00e4ras, installeras etc. g\u00f6ras med varorna.<\/p>\r\n\r\n\r\n\r\n<p>F\u00f6r att returnera varan m\u00e5ste du l\u00e4mna in ett meddelande om \u00e5nger fr\u00e5n k\u00f6pet av varan, vars form finns h\u00e4r:\u00a0 <a href=\"https:\/\/wellmax.ee\/wp-content\/uploads\/2020\/08\/Kauba-tagastuse-taotlus.docx\">https:\/\/wellmax.ee\/wp-content\/uploads\/2020\/08\/Kauba-tagastuse-taotlus.docx<\/a> och skicka den till e-postadressen <a href=\"mailto:info@wellmax.ee\">info@wellmax.ee<\/a>\u00a0 senast inom 14 dagar efter mottagandet av varan.<\/p>\r\n\r\n\r\n\r\n<p>Kostnaden f\u00f6r att returnera varan st\u00e5r k\u00f6paren f\u00f6r, s\u00e5vida inte anledningen till returen ligger i att varan som ska returneras inte motsvarar den best\u00e4llda (t.ex. en felaktig eller defekt produkt).<\/p>\r\n\r\n\r\n\r\n<p>K\u00f6paren ska returnera varan inom 14 dagar efter inl\u00e4mnande av ans\u00f6kan eller styrka att han har \u00f6verl\u00e4mnat varan till varans transport\u00f6r inom ovann\u00e4mnda tid.<\/p>\r\n\r\n\r\n\r\n<p>Vid mottagandet av de returnerade varorna kommer n\u00e4tbutiken att \u00e5terkomma till k\u00f6paren omedelbart, dock senast 14 dagar efter mottagandet av \u00e5ngerr\u00e4tten, alla avgifter som erh\u00e5llits fr\u00e5n k\u00f6paren enligt avtalet.<\/p>\r\n\r\n\r\n\r\n<p>Webbutiken kan v\u00e4gra att ge \u00e5terbetalning tills den har mottagit varan som \u00e4r f\u00f6rem\u00e5l f\u00f6r avtalet eller tills k\u00f6paren har visat att den har returnerat varan, beroende p\u00e5 vilket som intr\u00e4ffar f\u00f6rst.<\/p>\r\n\r\n\r\n\r\n<p>Om k\u00f6paren uttryckligen har valt ett annat leveranss\u00e4tt \u00e4n det billigaste vanliga leveranss\u00e4ttet som erbjuds av Webbutiken, beh\u00f6ver N\u00e4tbutiken inte \u00e5terbetala kostnaden till konsumenten som \u00f6verstiger kostnaden f\u00f6rknippad med det vanliga leveranss\u00e4ttet.<\/p>\r\n\r\n\r\n\r\n<p>N\u00e4tbutiken har r\u00e4tt att fr\u00e5ntr\u00e4da f\u00f6rs\u00e4ljningstransaktionen och kr\u00e4va tillbaka varan av k\u00f6paren om priset p\u00e5 varorna i n\u00e4tbutiken \u00e4r markerat v\u00e4sentligt under varans marknadspris p\u00e5 grund av ett fel.<\/p>\r\n\r\n\r\n\r\n<h2 class=\"wp-block-heading\">R\u00e4tten att v\u00e4cka talan<\/h2>\r\n\r\n\r\n\r\n<p>Webbutiken ansvarar f\u00f6r att den s\u00e5lda varan till k\u00f6paren inte \u00f6verensst\u00e4mmer med avtalsvillkoren eller ett fel som redan fanns vid \u00f6verl\u00e4mnandet av varan och som visar sig inom tv\u00e5 \u00e5r fr\u00e5n det att varan \u00f6verl\u00e4mnats till k\u00f6pare. Inom de f\u00f6rsta sex m\u00e5naderna fr\u00e5n leveransen av varan till k\u00f6paren antas det att defekten fanns redan vid leveranstillf\u00e4llet av varan. Det \u00e4r Webbutikens ansvar att motbevisa motsvarande antagande.<\/p>\r\n\r\n\r\n\r\n<p>Vid fel har k\u00f6paren r\u00e4tt att kontakta webbutiken senast inom tv\u00e5 m\u00e5nader genom att skicka ett e-postmeddelande till info@wellmax.ee eller genom att ringa +372 5699 0075.<\/p>\r\n\r\n\r\n\r\n<p>Webbutiken ansvarar inte f\u00f6r fel som uppst\u00e5tt efter att varan har \u00f6verl\u00e4mnats till k\u00f6paren.<\/p>\r\n\r\n\r\n\r\n<p>Om varorna k\u00f6pta fr\u00e5n Webbutiken har defekter som Webbutiken ansvarar f\u00f6r, reparerar eller ers\u00e4tter Webbutiken de defekta varorna. Om det inte \u00e4r m\u00f6jligt att reparera eller byta ut varorna kommer Webshoppen att \u00e5terbetala alla avgifter som \u00e4r f\u00f6rknippade med k\u00f6pekontraktet till k\u00f6paren.<\/p>\r\n\r\n\r\n\r\n<p>Webbutiken svarar p\u00e5 konsumentens klagom\u00e5l skriftligen eller i en form som m\u00f6jligg\u00f6r skriftlig \u00e5tergivning inom 15 dagar.<\/p>\r\n\r\n\r\n\r\n<h2 class=\"wp-block-heading\">Direktmarknadsf\u00f6ring och personuppgiftsbehandling<\/h2>\r\n\r\n\r\n\r\n<p>Webbutiken anv\u00e4nder de personuppgifter som k\u00f6paren har angett endast f\u00f6r att behandla best\u00e4llningen och skicka varorna till k\u00f6paren. Webbutiken \u00f6verf\u00f6r personuppgifter till f\u00f6retag som tillhandah\u00e5ller transporttj\u00e4nster f\u00f6r att kunna leverera varorna.<\/p>\r\n\r\n\r\n\r\n<p>N\u00e4tbutiken skickar k\u00f6paren nyhetsbrev och erbjudanden till k\u00f6parens e-postadress endast om k\u00f6paren har uttryckt sin \u00f6nskan om det genom att ange en e-postadress p\u00e5 hemsidan och har angett sin \u00f6nskan att f\u00e5 direktpostaviseringar.<\/p>\r\n\r\n\r\n\r\n<p>K\u00f6paren kan n\u00e4r som helst v\u00e4lja bort erbjudanden och nyhetsbrev som skickas till e-post genom att meddela oss via e-post eller genom att f\u00f6lja instruktionerna i e-postmeddelandet som inneh\u00e5ller erbjudandena.<\/p>\r\n\r\n\r\n\r\n<h2 class=\"wp-block-heading\">Att l\u00f6sa argument<\/h2>\r\n\r\n\r\n\r\n<p>Om k\u00f6paren har klagom\u00e5l p\u00e5 Webbutiken ska de skickas via e-post till info@wellmax.ee eller genom att ringa +372 5699 0075.<\/p>\r\n\r\n\r\n\r\n<p>Om k\u00f6paren och N\u00e4tbutiken inte kan l\u00f6sa tvisten genom \u00f6verenskommelse kan k\u00f6paren \u00f6verklaga till Konsumenttvistn\u00e4mnden. Du kan bekanta dig med f\u00f6rfarandevillkoren och l\u00e4mna in en ans\u00f6kan h\u00e4r <a href=\"https:\/\/ttja.ee\/tarbijavaidluste-komisjon\">https:\/\/ttja.ee\/tarbijavaidluste-komisjon<\/a> . Konsumenttvistn\u00e4mndens beh\u00f6righet \u00e4r att l\u00f6sa tvister som uppst\u00e5r i det avtal som ing\u00e5tts mellan k\u00f6paren och Webbutiken. Granskning av k\u00f6parens reklamation av kommissionen \u00e4r kostnadsfri.<\/p>\r\n\r\n\r\n\r\n<p><em>K\u00f6paren kan v\u00e4nda sig till plattformen f\u00f6r att l\u00f6sa konsumenttvister i Europeiska unionen.<\/em><\/p>","protected":false},"excerpt":{"rendered":"<p>Veebipoe Wellmax.ee (edaspidi Veebipood) omanik on Wellmax Baltic O\u00dc (registrikood 11403020), asukohaga Kurtna k\u00fcla, Alutaguse vald, Ida-Virumaa, 41202, Eesti Vabariik. M\u00fc\u00fcgilepingu kehtivus, kauba- ja hinnainfo M\u00fc\u00fcgitingimused kehtivad Veebipoest kaupade ostmisel. Veebipoes m\u00fc\u00fcdavate toodete hinnad on m\u00e4rgitud toodete juurde. Hinnale lisandub tasu kauba k\u00e4ttetoimetamise eest. K\u00f5ik veebipoes m\u00fc\u00fcdavate kaupade hinnad on eurodes. Kauba k\u00e4ttetoimetamise tasu s\u00f5ltub [&hellip;]<\/p>","protected":false},"author":2,"featured_media":0,"parent":0,"menu_order":0,"comment_status":"closed","ping_status":"closed","template":"","meta":{"_acf_changed":false,"footnotes":""},"tags":[],"class_list":["post-4964","page","type-page","status-publish","hentry"],"acf":[],"_links":{"self":[{"href":"https:\/\/wellmax.ee\/sv\/wp-json\/wp\/v2\/pages\/4964","targetHints":{"allow":["GET"]}}],"collection":[{"href":"https:\/\/wellmax.ee\/sv\/wp-json\/wp\/v2\/pages"}],"about":[{"href":"https:\/\/wellmax.ee\/sv\/wp-json\/wp\/v2\/types\/page"}],"author":[{"embeddable":true,"href":"https:\/\/wellmax.ee\/sv\/wp-json\/wp\/v2\/users\/2"}],"replies":[{"embeddable":true,"href":"https:\/\/wellmax.ee\/sv\/wp-json\/wp\/v2\/comments?post=4964"}],"version-history":[{"count":1,"href":"https:\/\/wellmax.ee\/sv\/wp-json\/wp\/v2\/pages\/4964\/revisions"}],"predecessor-version":[{"id":6245,"href":"https:\/\/wellmax.ee\/sv\/wp-json\/wp\/v2\/pages\/4964\/revisions\/6245"}],"wp:attachment":[{"href":"https:\/\/wellmax.ee\/sv\/wp-json\/wp\/v2\/media?parent=4964"}],"wp:term":[{"taxonomy":"post_tag","embeddable":true,"href":"https:\/\/wellmax.ee\/sv\/wp-json\/wp\/v2\/tags?post=4964"}],"curies":[{"name":"wp","href":"https:\/\/api.w.org\/{rel}","templated":true}]}}