{"id":5585,"date":"2022-12-05T08:22:11","date_gmt":"2022-12-05T06:22:11","guid":{"rendered":"https:\/\/wellmax.digitalmango.uk\/tooted\/termotoodeldud-mand\/"},"modified":"2025-09-23T12:55:17","modified_gmt":"2025-09-23T10:55:17","slug":"termotoodeldud-mand","status":"publish","type":"product","link":"https:\/\/wellmax.ee\/ru\/tooted\/termicheski-proizvedennyy-mand\/","title":{"rendered":"\u0421\u0430\u0434\u043e\u0432\u044b\u0439 \u0441\u0442\u043e\u043b\u0438\u043a \u0438\u0437 \u0442\u0435\u0440\u043c\u043e\u043e\u0431\u0440\u0430\u0431\u043e\u0442\u0430\u043d\u043d\u043e\u0439 \u0441\u043e\u0441\u043d\u044b"},"content":{"rendered":"<p class=\"translation-block\">-100% \u0435\u0441\u0442\u0435\u0441\u0442\u0432\u0435\u043d\u043d\u0430\u044f \u043e\u0431\u0440\u0430\u0431\u043e\u0442\u043a\u0430 - \u0432 \u043f\u0440\u043e\u0446\u0435\u0441\u0441\u0435 \u0438\u0441\u043f\u043e\u043b\u044c\u0437\u0443\u044e\u0442\u0441\u044f \u0442\u043e\u043b\u044c\u043a\u043e \u0432\u044b\u0441\u043e\u043a\u0430\u044f \u0442\u0435\u043c\u043f\u0435\u0440\u0430\u0442\u0443\u0440\u0430 \u0438 \u043f\u0430\u0440.<br> -\u0414\u0435\u0440\u0435\u0432\u043e \u043e\u0431\u0440\u0430\u0431\u0430\u0442\u044b\u0432\u0430\u0435\u0442\u0441\u044f \u043f\u043e\u043b\u043d\u043e\u0441\u0442\u044c\u044e \u043f\u043e \u0432\u0441\u0435\u043c\u0443 \u0441\u0435\u0447\u0435\u043d\u0438\u044e, \u0430 \u043d\u0435 \u0442\u043e\u043b\u044c\u043a\u043e \u0443 \u043f\u043e\u0432\u0435\u0440\u0445\u043d\u043e\u0441\u0442\u0438, \u043a\u0430\u043a \u043d\u0430\u043f\u0440\u0438\u043c\u0435\u0440<br> \u0432 \u0441\u043b\u0443\u0447\u0430\u0435 \u0434\u0440\u0435\u0432\u0435\u0441\u0438\u043d\u044b, \u043f\u0440\u043e\u043f\u0438\u0442\u0430\u043d\u043d\u043e\u0439 \u0445\u0438\u043c\u0438\u0447\u0435\u0441\u043a\u0438\u043c\u0438 \u0432\u0435\u0449\u0435\u0441\u0442\u0432\u0430\u043c\u0438.<br> -\u0411\u0435\u0437 \u0441\u043c\u043e\u043b\u044b<br> -\u041f\u043e\u0434\u0445\u043e\u0434\u0438\u0442 \u0434\u043b\u044f \u043b\u044e\u0431\u043e\u0433\u043e \u043a\u043b\u0438\u043c\u0430\u0442\u0430<br> - \u041f\u043e\u0432\u044b\u0448\u0430\u0435\u0442\u0441\u044f \u0440\u0430\u0437\u043c\u0435\u0440\u043d\u0430\u044f \u0441\u0442\u0430\u0431\u0438\u043b\u044c\u043d\u043e\u0441\u0442\u044c \u0438 \u0434\u043e\u043b\u0433\u043e\u0432\u0435\u0447\u043d\u043e\u0441\u0442\u044c \u0434\u0440\u0435\u0432\u0435\u0441\u0438\u043d\u044b.<br> -\u0421\u043d\u0438\u0436\u0435\u043d\u043d\u043e\u0435 \u0432\u043e\u0434\u043e\u043f\u043e\u0433\u043b\u043e\u0449\u0435\u043d\u0438\u0435<br> - \u041c\u0435\u043d\u044c\u0448\u0435 \u0434\u0435\u0444\u043e\u0440\u043c\u0430\u0446\u0438\u0439 \u0438 \u043d\u0430\u043f\u0440\u044f\u0436\u0435\u043d\u0438\u0439, \u0432\u044b\u0437\u0432\u0430\u043d\u043d\u044b\u0445 \u0438\u0437\u043c\u0435\u043d\u0435\u043d\u0438\u044f\u043c\u0438 \u0432\u043b\u0430\u0436\u043d\u043e\u0441\u0442\u0438<br> -\u042d\u043a\u043e\u043b\u043e\u0433\u0438\u0447\u0435\u0441\u043a\u0438 \u0447\u0438\u0441\u0442\u044b\u0439 \u0438 \u043f\u043e\u043b\u043d\u043e\u0441\u0442\u044c\u044e \u043f\u0435\u0440\u0435\u0440\u0430\u0431\u0430\u0442\u044b\u0432\u0430\u0435\u043c\u044b\u0439<br> -\u041b\u0435\u0433\u043a\u0438\u0439 \u043c\u0430\u0442\u0435\u0440\u0438\u0430\u043b<\/p>","protected":false},"excerpt":{"rendered":"<p>Termot\u00f6\u00f6tlus muudab m\u00e4nni palju stabiilsemaks, kuid ennek\u00f5ike<br \/>\nvastupidavamaks ilma t\u00f6\u00f6tlemisvahendeid kasutamata. Visuaalselt saab<br \/>\ntermot\u00f6\u00f6deldud m\u00e4nd endale sooja pruunika tooni.<\/p>\n<p>&nbsp;<\/p>","protected":false},"featured_media":5586,"template":"","meta":{"_acf_changed":false},"product_brand":[],"product_cat":[48,707,710],"product_tag":[705],"class_list":{"0":"post-5585","1":"product","2":"type-product","3":"status-publish","4":"has-post-thumbnail","6":"product_cat-tooted","7":"product_cat-termotoodeldud-puit","8":"product_cat-terrassilauad","9":"product_tag-est","10":"pa_laius-w-118mm","11":"pa_laius-w-142mm","12":"pa_paksus-t-27mm","13":"pa_pikkus-l-3m","14":"pa_pikkus-l-3-9m-eng","15":"pa_pikkus-l-4m","16":"pa_pikkus-l-4-2m-eng","17":"pa_pikkus-l-4-5m-fin","18":"pa_pikkus-l-5-1m","19":"pa_pikkus-l-5-4m","20":"pa_pikkus-l-6m","22":"first","23":"instock","24":"taxable","25":"shipping-taxable","26":"purchasable","27":"product-type-variable"},"acf":[],"_links":{"self":[{"href":"https:\/\/wellmax.ee\/ru\/wp-json\/wp\/v2\/product\/5585","targetHints":{"allow":["GET"]}}],"collection":[{"href":"https:\/\/wellmax.ee\/ru\/wp-json\/wp\/v2\/product"}],"about":[{"href":"https:\/\/wellmax.ee\/ru\/wp-json\/wp\/v2\/types\/product"}],"wp:featuredmedia":[{"embeddable":true,"href":"https:\/\/wellmax.ee\/ru\/wp-json\/wp\/v2\/media\/5586"}],"wp:attachment":[{"href":"https:\/\/wellmax.ee\/ru\/wp-json\/wp\/v2\/media?parent=5585"}],"wp:term":[{"taxonomy":"product_brand","embeddable":true,"href":"https:\/\/wellmax.ee\/ru\/wp-json\/wp\/v2\/product_brand?post=5585"},{"taxonomy":"product_cat","embeddable":true,"href":"https:\/\/wellmax.ee\/ru\/wp-json\/wp\/v2\/product_cat?post=5585"},{"taxonomy":"product_tag","embeddable":true,"href":"https:\/\/wellmax.ee\/ru\/wp-json\/wp\/v2\/product_tag?post=5585"}],"curies":[{"name":"wp","href":"https:\/\/api.w.org\/{rel}","templated":true}]}}