{"id":5751,"date":"2023-05-22T20:37:49","date_gmt":"2023-05-22T18:37:49","guid":{"rendered":"https:\/\/wellmax.ee\/?page_id=5751"},"modified":"2025-09-22T22:10:47","modified_gmt":"2025-09-22T20:10:47","slug":"esto-jarelmaks","status":"publish","type":"page","link":"https:\/\/wellmax.ee\/ru\/esto-platezhi\/","title":{"rendered":"\u0420\u0430\u0441\u0441\u0440\u043e\u0447\u043a\u0430 \u043f\u043b\u0430\u0442\u0435\u0436\u0430 \u042d\u0441\u0442\u043e"},"content":{"rendered":"<h2><strong>\u0420\u0430\u0441\u0441\u0440\u043e\u0447\u043a\u0430 ESTO - \u043d\u0435 \u0445\u043e\u0442\u0438\u0442\u0435 \u043f\u043b\u0430\u0442\u0438\u0442\u044c \u0432\u0441\u044e \u0441\u0443\u043c\u043c\u0443 \u0441\u0440\u0430\u0437\u0443? \u041f\u043b\u0430\u0442\u0438\u0442\u0435 \u0447\u0430\u0441\u0442\u044f\u043c\u0438!<\/strong><\/h2>\n<p>\u0420\u0430\u0441\u0441\u0440\u043e\u0447\u043a\u0430 ESTO - \u044d\u0442\u043e \u0433\u0438\u0431\u043a\u043e\u0435 \u043f\u043b\u0430\u0442\u0435\u0436\u043d\u043e\u0435 \u0440\u0435\u0448\u0435\u043d\u0438\u0435, \u043f\u043e\u0437\u0432\u043e\u043b\u044f\u044e\u0449\u0435\u0435 \u0443\u0434\u043e\u0431\u043d\u043e \u0440\u0430\u0437\u0434\u0435\u043b\u0438\u0442\u044c \u043f\u043b\u0430\u0442\u0435\u0436 \u043d\u0430 \u0435\u0436\u0435\u043c\u0435\u0441\u044f\u0447\u043d\u044b\u0435 \u0432\u0437\u043d\u043e\u0441\u044b. \u0423\u0434\u043e\u0431\u043d\u043e \u0440\u0430\u0441\u043f\u0440\u0435\u0434\u0435\u043b\u0438\u0442\u044c \u0441\u0443\u043c\u043c\u0443 \u043f\u043e\u043a\u0443\u043f\u043a\u0438 \u043d\u0430 \u0443\u0434\u043e\u0431\u043d\u044b\u0439 \u0434\u043b\u044f \u0432\u0430\u0441 \u043f\u0435\u0440\u0438\u043e\u0434. \u0412\u044b \u043c\u043e\u0436\u0435\u0442\u0435 \u0432\u044b\u0431\u0440\u0430\u0442\u044c \u043f\u0435\u0440\u0438\u043e\u0434 \u0438 \u0441\u0443\u043c\u043c\u0443 \u0440\u0430\u0441\u0441\u0440\u043e\u0447\u043a\u0438 \u043f\u0440\u0438 \u0441\u043e\u0432\u0435\u0440\u0448\u0435\u043d\u0438\u0438 \u043f\u043e\u043a\u0443\u043f\u043a\u0438, \u0432\u044b\u0431\u0440\u0430\u0432 \u0440\u0430\u0441\u0441\u0440\u043e\u0447\u043a\u0443 ESTO \u043d\u0430 \u043a\u0430\u0441\u0441\u0435.<\/p>\n<p>\u0418\u0441\u043f\u043e\u043b\u044c\u0437\u0443\u0439\u0442\u0435 \u0440\u0430\u0441\u0441\u0440\u043e\u0447\u043a\u0443 ESTO \u0432 \u0438\u043d\u0442\u0435\u0440\u043d\u0435\u0442-\u043c\u0430\u0433\u0430\u0437\u0438\u043d\u0430\u0445 \u0438 \u0444\u0438\u0437\u0438\u0447\u0435\u0441\u043a\u0438\u0445 \u043c\u0430\u0433\u0430\u0437\u0438\u043d\u0430\u0445. \u0412\u0441\u0435 \u043c\u0430\u0433\u0430\u0437\u0438\u043d\u044b-\u043f\u0430\u0440\u0442\u043d\u0435\u0440\u044b ESTO \u0432\u044b \u043c\u043e\u0436\u0435\u0442\u0435 \u043d\u0430\u0439\u0442\u0438 \u043d\u0430 ESTO Market:\u00a0<a href=\"https:\/\/esto.eu\/ee\/esto-market?lang=et\">https:\/\/esto.eu\/ee\/esto-market<\/a><\/p>\n<p><strong><img loading=\"lazy\" decoding=\"async\" class=\"img-cover alignnone wp-image-87628\" src=\"https:\/\/grillimaailm-outlet.ee\/wp-content\/uploads\/2024\/06\/HP_EE-1.png\" sizes=\"auto, (max-width: 1920px) 100vw, 1920px\" srcset=\"https:\/\/grillimaailm-outlet.ee\/wp-content\/uploads\/2024\/06\/HP_EE-1.png 1920w, https:\/\/grillimaailm-outlet.ee\/wp-content\/uploads\/2024\/06\/HP_EE-1-1024x186.png 1024w, https:\/\/grillimaailm-outlet.ee\/wp-content\/uploads\/2024\/06\/HP_EE-1-768x139.png 768w, https:\/\/grillimaailm-outlet.ee\/wp-content\/uploads\/2024\/06\/HP_EE-1-1536x278.png 1536w, https:\/\/grillimaailm-outlet.ee\/wp-content\/uploads\/2024\/06\/HP_EE-1-640x116.png 640w, https:\/\/grillimaailm-outlet.ee\/wp-content\/uploads\/2024\/06\/HP_EE-1-400x73.png 400w, https:\/\/grillimaailm-outlet.ee\/wp-content\/uploads\/2024\/06\/HP_EE-1-600x109.png 600w\" alt=\"\" width=\"1254\" height=\"227\" \/><\/strong><\/p>\n<p><strong>\u041a\u0430\u043a \u0438\u0441\u043f\u043e\u043b\u044c\u0437\u043e\u0432\u0430\u0442\u044c \u0440\u0430\u0441\u0441\u0440\u043e\u0447\u043a\u0443 ESTO?<\/strong><\/p>\n<ol>\n<li>\u0414\u043e\u0431\u0430\u0432\u044c\u0442\u0435 \u043d\u0435\u043e\u0431\u0445\u043e\u0434\u0438\u043c\u044b\u0435 \u0442\u043e\u0432\u0430\u0440\u044b \u0432 \u043a\u043e\u0440\u0437\u0438\u043d\u0443.<\/li>\n<li>\u0412\u044b\u0431\u0435\u0440\u0438\u0442\u0435 ESTO \u0440\u0430\u0441\u0441\u0440\u043e\u0447\u043a\u0443 \u0432 \u043a\u0430\u0447\u0435\u0441\u0442\u0432\u0435 \u0441\u043f\u043e\u0441\u043e\u0431\u0430 \u043e\u043f\u043b\u0430\u0442\u044b \u043f\u0440\u0438 \u043e\u0444\u043e\u0440\u043c\u043b\u0435\u043d\u0438\u0438 \u0437\u0430\u043a\u0430\u0437\u0430.<\/li>\n<li>\u0412\u044b\u0431\u0435\u0440\u0438\u0442\u0435 \u0443\u0434\u043e\u0431\u043d\u044b\u0439 \u0434\u043b\u044f \u0432\u0430\u0441 \u043f\u0435\u0440\u0438\u043e\u0434 \u043f\u043e\u0433\u0430\u0448\u0435\u043d\u0438\u044f \u0432 \u0434\u0438\u0430\u043f\u0430\u0437\u043e\u043d\u0435 3-60 \u043c\u0435\u0441\u044f\u0446\u0435\u0432.<\/li>\n<li>\u041f\u043e\u043b\u0443\u0447\u0438\u0442\u0435 \u0440\u0435\u0448\u0435\u043d\u0438\u0435 \u0432 \u0440\u0435\u0436\u0438\u043c\u0435 \u0440\u0435\u0430\u043b\u044c\u043d\u043e\u0433\u043e \u0432\u0440\u0435\u043c\u0435\u043d\u0438.<\/li>\n<li>\u0412 \u0441\u043b\u0443\u0447\u0430\u0435 \u043f\u043e\u043b\u043e\u0436\u0438\u0442\u0435\u043b\u044c\u043d\u043e\u0433\u043e \u0440\u0435\u0448\u0435\u043d\u0438\u044f \u043f\u043e\u0434\u043f\u0438\u0448\u0438\u0442\u0435 \u0434\u043e\u0433\u043e\u0432\u043e\u0440 \u0446\u0438\u0444\u0440\u043e\u0432\u043e\u0439 \u043f\u043e\u0434\u043f\u0438\u0441\u044c\u044e \u0441 \u043f\u043e\u043c\u043e\u0449\u044c\u044e \u0432\u0430\u0448\u0435\u0439 ID-\u043a\u0430\u0440\u0442\u044b, Smart-ID \u0438\u043b\u0438 Mobile-ID.<\/li>\n<\/ol>\n<p>&nbsp;<\/p>\n<p><strong>ESTO j\u00e4relmaksu pakub ja haldab ESTO AS.\u00a0<\/strong>\u0421\u0442\u0430\u0432\u043a\u0430 \u0441\u0442\u043e\u0438\u043c\u043e\u0441\u0442\u0438 \u043a\u0440\u0435\u0434\u0438\u0442\u0430 \u0432 \u0440\u0430\u0441\u0441\u0440\u043e\u0447\u043a\u0443 ESTO AS \u0441\u043e\u0441\u0442\u0430\u0432\u043b\u044f\u0435\u0442 23,63% \u0432 \u0433\u043e\u0434 \u043f\u0440\u0438 \u0441\u043b\u0435\u0434\u0443\u044e\u0449\u0438\u0445 \u043f\u0440\u0438\u043c\u0435\u0440\u043d\u044b\u0445 \u0443\u0441\u043b\u043e\u0432\u0438\u044f\u0445: \u0441\u0443\u043c\u043c\u0430 \u043a\u0440\u0435\u0434\u0438\u0442\u0430 1490 EUR, \u0441\u0442\u043e\u0438\u043c\u043e\u0441\u0442\u044c \u0442\u043e\u0432\u0430\u0440\u043e\u0432\/\u0443\u0441\u043b\u0443\u0433 1490 EUR, \u043f\u0435\u0440\u0432\u043e\u043d\u0430\u0447\u0430\u043b\u044c\u043d\u044b\u0439 \u0432\u0437\u043d\u043e\u0441 0%, \u0444\u0438\u043a\u0441\u0438\u0440\u043e\u0432\u0430\u043d\u043d\u0430\u044f \u043f\u0440\u043e\u0446\u0435\u043d\u0442\u043d\u0430\u044f \u0441\u0442\u0430\u0432\u043a\u0430 11,90%, \u043f\u043b\u0430\u0442\u0430 \u0437\u0430 \u0437\u0430\u043a\u043b\u044e\u0447\u0435\u043d\u0438\u0435 \u0434\u043e\u0433\u043e\u0432\u043e\u0440\u0430 0 EUR, \u043e\u0431\u0449\u0430\u044f \u0441\u0443\u043c\u043c\u0430 \u043a\u0440\u0435\u0434\u0438\u0442\u0430 \u0438 \u0432\u044b\u043f\u043b\u0430\u0442 1844,64 EUR, \u043f\u0440\u0438 \u0443\u0441\u043b\u043e\u0432\u0438\u0438, \u0447\u0442\u043e \u043a\u0440\u0435\u0434\u0438\u0442 \u043f\u043e\u0433\u0430\u0448\u0430\u0435\u0442\u0441\u044f \u0440\u0430\u0432\u043d\u044b\u043c\u0438 \u0435\u0436\u0435\u043c\u0435\u0441\u044f\u0447\u043d\u044b\u043c\u0438 \u043f\u043b\u0430\u0442\u0435\u0436\u0430\u043c\u0438 \u0432 \u0440\u0430\u0437\u043c\u0435\u0440\u0435 76,86 EUR \u0432 \u0442\u0435\u0447\u0435\u043d\u0438\u0435 24 \u043c\u0435\u0441\u044f\u0446\u0435\u0432. \u041f\u043e\u0436\u0430\u043b\u0443\u0439\u0441\u0442\u0430, \u043e\u0437\u043d\u0430\u043a\u043e\u043c\u044c\u0442\u0435\u0441\u044c \u0441 \u0443\u0441\u043b\u043e\u0432\u0438\u044f\u043c\u0438 \u043f\u0435\u0440\u0435\u0434 \u043f\u043e\u0434\u043f\u0438\u0441\u0430\u043d\u0438\u0435\u043c \u0434\u043e\u0433\u043e\u0432\u043e\u0440\u0430 \u0438, \u043f\u0440\u0438 \u043d\u0435\u043e\u0431\u0445\u043e\u0434\u0438\u043c\u043e\u0441\u0442\u0438, \u043f\u0440\u043e\u043a\u043e\u043d\u0441\u0443\u043b\u044c\u0442\u0438\u0440\u0443\u0439\u0442\u0435\u0441\u044c \u0441\u043e \u0441\u043f\u0435\u0446\u0438\u0430\u043b\u0438\u0441\u0442\u043e\u043c. \u0420\u0430\u0441\u0441\u0440\u043e\u0447\u043a\u0430 \u043f\u0440\u0435\u0434\u043b\u0430\u0433\u0430\u0435\u0442\u0441\u044f \u0438 \u0443\u043f\u0440\u0430\u0432\u043b\u044f\u0435\u0442\u0441\u044f \u043a\u043e\u043c\u043f\u0430\u043d\u0438\u0435\u0439 ESTO AS.<\/p>\n<hr \/>\n<h2><\/h2>\n<h2>\u041c\u0435\u0442\u043e\u0434 \u043e\u043f\u043b\u0430\u0442\u044b ESTO 3 - \u044d\u0442\u043e \u0438\u043d\u043d\u043e\u0432\u0430\u0446\u0438\u043e\u043d\u043d\u043e\u0435 \u0440\u0435\u0448\u0435\u043d\u0438\u0435, \u043f\u043e\u0437\u0432\u043e\u043b\u044f\u044e\u0449\u0435\u0435 \u043f\u043e\u0434\u0442\u0432\u0435\u0440\u0434\u0438\u0442\u044c \u0438 \u043e\u043f\u043b\u0430\u0442\u0438\u0442\u044c \u043f\u043e\u043a\u0443\u043f\u043a\u0443 \u0443\u0434\u043e\u0431\u043d\u043e \u0438 \u0431\u044b\u0441\u0442\u0440\u043e - \u0442\u0440\u0435\u043c\u044f \u0440\u0430\u0432\u043d\u044b\u043c\u0438 \u043f\u043b\u0430\u0442\u0435\u0436\u0430\u043c\u0438 \u0431\u0435\u0437 \u0434\u043e\u043f\u043e\u043b\u043d\u0438\u0442\u0435\u043b\u044c\u043d\u044b\u0445 \u043a\u043e\u043c\u0438\u0441\u0441\u0438\u0439!<\/h2>\n<p>ESTO 3 - \u0441\u0430\u043c\u044b\u0439 \u043f\u043e\u043f\u0443\u043b\u044f\u0440\u043d\u044b\u0439 \u0441\u043f\u043e\u0441\u043e\u0431 \u043e\u043f\u043b\u0430\u0442\u044b \u043d\u043e\u0432\u043e\u0433\u043e \u043f\u043e\u043a\u043e\u043b\u0435\u043d\u0438\u044f. \u0423\u0434\u043e\u0431\u043d\u043e \u0440\u0430\u0437\u0434\u0435\u043b\u0438\u0442\u0435 \u0441\u0443\u043c\u043c\u0443 \u043f\u043e\u043a\u0443\u043f\u043a\u0438 \u043d\u0430 3 \u0440\u0430\u0432\u043d\u044b\u0435 \u0447\u0430\u0441\u0442\u0438. \u041f\u043e\u043b\u0443\u0447\u0438\u0442\u0435 \u0438\u043c\u0435\u043d\u043d\u043e \u0442\u043e, \u0447\u0442\u043e \u0432\u0430\u043c \u043d\u0443\u0436\u043d\u043e, \u0431\u0435\u0437 \u043f\u0440\u043e\u0446\u0435\u043d\u0442\u043e\u0432, \u043d\u0430\u0434\u0431\u0430\u0432\u043e\u043a \u0438 \u0434\u0435\u043f\u043e\u0437\u0438\u0442\u043e\u0432.<\/p>\n<p>\u0418\u0441\u043f\u043e\u043b\u044c\u0437\u0443\u0439\u0442\u0435 \u0442\u0440\u0435\u0445\u043a\u043e\u043c\u043f\u043e\u043d\u0435\u043d\u0442\u043d\u044b\u0439 \u043c\u0435\u0442\u043e\u0434 \u043e\u043f\u043b\u0430\u0442\u044b ESTO \u0432 \u0438\u043d\u0442\u0435\u0440\u043d\u0435\u0442-\u043c\u0430\u0433\u0430\u0437\u0438\u043d\u0430\u0445 \u0438 \u0444\u0438\u0437\u0438\u0447\u0435\u0441\u043a\u0438\u0445 \u043c\u0430\u0433\u0430\u0437\u0438\u043d\u0430\u0445.<\/p>\n<p>\u0412\u0441\u0435 \u043c\u0430\u0433\u0430\u0437\u0438\u043d\u044b-\u043f\u0430\u0440\u0442\u043d\u0435\u0440\u044b ESTO \u0432\u044b \u043c\u043e\u0436\u0435\u0442\u0435 \u043d\u0430\u0439\u0442\u0438 \u043d\u0430 ESTO Market:\u00a0<a href=\"https:\/\/esto.eu\/ee\/esto-market?lang=et\">https:\/\/esto.eu\/ee\/esto-market<\/a><\/p>\n<p><strong><img loading=\"lazy\" decoding=\"async\" class=\"img-cover alignnone wp-image-87630\" src=\"https:\/\/grillimaailm-outlet.ee\/wp-content\/uploads\/2024\/06\/ESTO-3-1.png\" sizes=\"auto, (max-width: 1920px) 100vw, 1920px\" srcset=\"https:\/\/grillimaailm-outlet.ee\/wp-content\/uploads\/2024\/06\/ESTO-3-1.png 1920w, https:\/\/grillimaailm-outlet.ee\/wp-content\/uploads\/2024\/06\/ESTO-3-1-1024x186.png 1024w, https:\/\/grillimaailm-outlet.ee\/wp-content\/uploads\/2024\/06\/ESTO-3-1-768x139.png 768w, https:\/\/grillimaailm-outlet.ee\/wp-content\/uploads\/2024\/06\/ESTO-3-1-1536x278.png 1536w, https:\/\/grillimaailm-outlet.ee\/wp-content\/uploads\/2024\/06\/ESTO-3-1-640x116.png 640w, https:\/\/grillimaailm-outlet.ee\/wp-content\/uploads\/2024\/06\/ESTO-3-1-400x73.png 400w, https:\/\/grillimaailm-outlet.ee\/wp-content\/uploads\/2024\/06\/ESTO-3-1-600x109.png 600w\" alt=\"\" width=\"1209\" height=\"219\" \/><\/strong><\/p>\n<p><strong>\u041a\u0430\u043a \u044d\u0442\u043e \u0440\u0430\u0431\u043e\u0442\u0430\u0435\u0442?<\/strong><strong><br \/>\n<\/strong>\u0412\u044b\u0431\u0440\u0430\u0432 \u0432 \u043a\u0430\u0447\u0435\u0441\u0442\u0432\u0435 \u0441\u043f\u043e\u0441\u043e\u0431\u0430 \u043e\u043f\u043b\u0430\u0442\u044b ESTO 3, \u0432\u044b \u043c\u043e\u0436\u0435\u0442\u0435 \u0440\u0430\u0437\u0431\u0438\u0442\u044c \u043e\u0431\u0449\u0443\u044e \u0441\u0443\u043c\u043c\u0443 \u043f\u043b\u0430\u0442\u0435\u0436\u0430 \u043d\u0430 3 \u0440\u0430\u0432\u043d\u044b\u0445 \u0447\u0430\u0441\u0442\u0438 \u0432 \u0442\u0435\u0447\u0435\u043d\u0438\u0435 3 \u043c\u0435\u0441\u044f\u0446\u0435\u0432 \u0431\u0435\u0437 \u043a\u0430\u043a\u0438\u0445-\u043b\u0438\u0431\u043e \u043a\u043e\u043c\u0438\u0441\u0441\u0438\u0439.<\/p>\n<ol>\n<li>\u0414\u043e\u0431\u0430\u0432\u044c\u0442\u0435 \u043d\u0435\u043e\u0431\u0445\u043e\u0434\u0438\u043c\u044b\u0435 \u0442\u043e\u0432\u0430\u0440\u044b \u0432 \u043a\u043e\u0440\u0437\u0438\u043d\u0443.<\/li>\n<li>\u0412\u044b\u0431\u0435\u0440\u0438\u0442\u0435 ESTO 3 \u0432 \u043a\u0430\u0447\u0435\u0441\u0442\u0432\u0435 \u0441\u043f\u043e\u0441\u043e\u0431\u0430 \u043e\u043f\u043b\u0430\u0442\u044b \u043f\u0440\u0438 \u043e\u0444\u043e\u0440\u043c\u043b\u0435\u043d\u0438\u0438 \u0437\u0430\u043a\u0430\u0437\u0430.<\/li>\n<li>\u041f\u043e\u043b\u0443\u0447\u0438\u0442\u0435 \u0440\u0435\u0448\u0435\u043d\u0438\u0435 \u0432 \u0440\u0435\u0436\u0438\u043c\u0435 \u0440\u0435\u0430\u043b\u044c\u043d\u043e\u0433\u043e \u0432\u0440\u0435\u043c\u0435\u043d\u0438.<\/li>\n<li>\u0415\u0441\u043b\u0438 \u0440\u0435\u0448\u0435\u043d\u0438\u0435 \u043f\u043e\u043b\u043e\u0436\u0438\u0442\u0435\u043b\u044c\u043d\u043e\u0435, \u043f\u043e\u0434\u0442\u0432\u0435\u0440\u0434\u0438\u0442\u0435 \u043f\u043e\u043a\u0443\u043f\u043a\u0443.<\/li>\n<li>ESTO \u0432\u044b\u0448\u043b\u0435\u0442 \u0432\u0430\u043c \u043f\u0435\u0440\u0432\u044b\u0439 \u0441\u0447\u0435\u0442 15 \u0447\u0438\u0441\u043b\u0430 \u0441\u043b\u0435\u0434\u0443\u044e\u0449\u0435\u0433\u043e \u043c\u0435\u0441\u044f\u0446\u0430.<\/li>\n<\/ol>\n<p>&nbsp;<\/p>\n<p>\u0424\u0438\u043d\u0430\u043d\u0441\u043e\u0432\u0430\u044f \u0443\u0441\u043b\u0443\u0433\u0430 \u043f\u0440\u0435\u0434\u043e\u0441\u0442\u0430\u0432\u043b\u044f\u0435\u0442\u0441\u044f \u043a\u043e\u043c\u043f\u0430\u043d\u0438\u0435\u0439 ESTO AS. \u041f\u0440\u0435\u0436\u0434\u0435 \u0447\u0435\u043c \u043f\u043e\u0434\u043f\u0438\u0441\u044b\u0432\u0430\u0442\u044c \u0434\u043e\u0433\u043e\u0432\u043e\u0440, \u043d\u0435\u043e\u0431\u0445\u043e\u0434\u0438\u043c\u043e \u043e\u0437\u043d\u0430\u043a\u043e\u043c\u0438\u0442\u044c\u0441\u044f \u0441 \u0443\u0441\u043b\u043e\u0432\u0438\u044f\u043c\u0438 \u0438 \u043f\u0440\u0438 \u043d\u0435\u043e\u0431\u0445\u043e\u0434\u0438\u043c\u043e\u0441\u0442\u0438 \u043f\u0440\u043e\u043a\u043e\u043d\u0441\u0443\u043b\u044c\u0442\u0438\u0440\u043e\u0432\u0430\u0442\u044c\u0441\u044f \u0441\u043e \u0441\u043f\u0435\u0446\u0438\u0430\u043b\u0438\u0441\u0442\u043e\u043c. \u0414\u043b\u044f \u043f\u043e\u043b\u0443\u0447\u0435\u043d\u0438\u044f \u0434\u043e\u043f\u043e\u043b\u043d\u0438\u0442\u0435\u043b\u044c\u043d\u043e\u0439 \u0438\u043d\u0444\u043e\u0440\u043c\u0430\u0446\u0438\u0438 \u043f\u043e\u0441\u0435\u0442\u0438\u0442\u0435 \u0441\u0430\u0439\u0442 www.esto.ee.<\/p>\n<hr \/>\n<h2><\/h2>\n<h2>\u0411\u0443\u0434\u044c\u0442\u0435 \u0443\u043c\u043d\u0435\u0435 \u0438 \u0432\u044b\u0431\u0438\u0440\u0430\u0439\u0442\u0435 ESTO pay later \u0434\u043b\u044f \u043e\u043f\u043b\u0430\u0442\u044b \u0441\u0432\u043e\u0438\u0445 \u043f\u043e\u043a\u0443\u043f\u043e\u043a!<\/h2>\n<p>ESTO Pay later - \u044d\u0442\u043e \u043d\u043e\u0432\u044b\u0439 \u0441\u043f\u043e\u0441\u043e\u0431 \u043e\u043f\u043b\u0430\u0442\u044b \u043f\u043e\u043a\u0443\u043f\u043e\u043a. \u0412\u044b \u0441\u043e\u0445\u0440\u0430\u043d\u044f\u0435\u0442\u0435 \u0441\u0443\u043c\u043c\u0443 \u043f\u043e\u043a\u0443\u043f\u043a\u0438, \u0432\u0430\u043c \u043d\u0443\u0436\u043d\u043e \u0442\u043e\u043b\u044c\u043a\u043e \u0437\u0430\u043f\u043b\u0430\u0442\u0438\u0442\u044c \u0432 \u0442\u0435\u0447\u0435\u043d\u0438\u0435 30 \u0434\u043d\u0435\u0439. \u041f\u043e\u043b\u0443\u0447\u0438\u0442\u0435 \u0438\u043c\u0435\u043d\u043d\u043e \u0442\u043e, \u0447\u0442\u043e \u0432\u0430\u043c \u043d\u0443\u0436\u043d\u043e, \u0431\u0435\u0437 \u043f\u0440\u043e\u0446\u0435\u043d\u0442\u043e\u0432, \u0431\u0435\u0437 \u043d\u0430\u0446\u0435\u043d\u043e\u043a \u0438 \u0431\u0435\u0437 \u0434\u0435\u043f\u043e\u0437\u0438\u0442\u0430.<\/p>\n<p>\u0418\u0441\u043f\u043e\u043b\u044c\u0437\u0443\u0439\u0442\u0435 ESTO Pay later \u0432 \u044d\u043b\u0435\u043a\u0442\u0440\u043e\u043d\u043d\u044b\u0445 \u0438 \u0444\u0438\u0437\u0438\u0447\u0435\u0441\u043a\u0438\u0445 \u043c\u0430\u0433\u0430\u0437\u0438\u043d\u0430\u0445. \u0412\u0441\u0435 \u043c\u0430\u0433\u0430\u0437\u0438\u043d\u044b-\u043f\u0430\u0440\u0442\u043d\u0435\u0440\u044b ESTO \u0432\u044b \u043c\u043e\u0436\u0435\u0442\u0435 \u043d\u0430\u0439\u0442\u0438 \u043d\u0430 ESTO Market:\u00a0<a href=\"https:\/\/esto.eu\/ee\/esto-market?lang=et\">https:\/\/esto.eu\/ee\/esto-market<\/a><\/p>\n<p><strong><img loading=\"lazy\" decoding=\"async\" class=\"img-cover alignnone wp-image-87631\" src=\"https:\/\/grillimaailm-outlet.ee\/wp-content\/uploads\/2024\/06\/Pay-Later_ee.png\" sizes=\"auto, (max-width: 1920px) 100vw, 1920px\" srcset=\"https:\/\/grillimaailm-outlet.ee\/wp-content\/uploads\/2024\/06\/Pay-Later_ee.png 1920w, https:\/\/grillimaailm-outlet.ee\/wp-content\/uploads\/2024\/06\/Pay-Later_ee-1024x186.png 1024w, https:\/\/grillimaailm-outlet.ee\/wp-content\/uploads\/2024\/06\/Pay-Later_ee-768x139.png 768w, https:\/\/grillimaailm-outlet.ee\/wp-content\/uploads\/2024\/06\/Pay-Later_ee-1536x278.png 1536w, https:\/\/grillimaailm-outlet.ee\/wp-content\/uploads\/2024\/06\/Pay-Later_ee-640x116.png 640w, https:\/\/grillimaailm-outlet.ee\/wp-content\/uploads\/2024\/06\/Pay-Later_ee-400x73.png 400w, https:\/\/grillimaailm-outlet.ee\/wp-content\/uploads\/2024\/06\/Pay-Later_ee-600x109.png 600w\" alt=\"\" width=\"1226\" height=\"222\" \/><\/strong><\/p>\n<p><strong>\u041a\u0430\u043a \u044d\u0442\u043e \u0440\u0430\u0431\u043e\u0442\u0430\u0435\u0442?<\/strong><\/p>\n<p>\u0415\u0441\u043b\u0438 \u0432\u044b \u0432\u044b\u0431\u0435\u0440\u0435\u0442\u0435 \u0432 \u043a\u0430\u0447\u0435\u0441\u0442\u0432\u0435 \u0441\u043f\u043e\u0441\u043e\u0431\u0430 \u043e\u043f\u043b\u0430\u0442\u044b ESTO Pay later, \u0437\u0430\u043a\u0430\u0437 \u0431\u0443\u0434\u0435\u0442 \u043f\u043e\u0434\u0442\u0432\u0435\u0440\u0436\u0434\u0435\u043d \u043d\u0435\u043c\u0435\u0434\u043b\u0435\u043d\u043d\u043e, \u043d\u043e \u0432\u044b \u043d\u0435 \u043e\u0431\u044f\u0437\u0430\u043d\u044b \u043e\u043f\u043b\u0430\u0447\u0438\u0432\u0430\u0442\u044c \u0435\u0433\u043e \u0441\u0440\u0430\u0437\u0443, \u0442\u0430\u043a \u043a\u0430\u043a \u043a\u0440\u0430\u0439\u043d\u0438\u0439 \u0441\u0440\u043e\u043a \u043e\u043f\u043b\u0430\u0442\u044b - 30 \u0434\u043d\u0435\u0439 \u0441\u043f\u0443\u0441\u0442\u044f.<\/p>\n<ol>\n<li>\u0414\u043e\u0431\u0430\u0432\u044c\u0442\u0435 \u043d\u0435\u043e\u0431\u0445\u043e\u0434\u0438\u043c\u044b\u0435 \u0442\u043e\u0432\u0430\u0440\u044b \u0432 \u043a\u043e\u0440\u0437\u0438\u043d\u0443.<\/li>\n<li>\u0412\u044b\u0431\u0435\u0440\u0438\u0442\u0435 \u0441\u043f\u043e\u0441\u043e\u0431 \u043e\u043f\u043b\u0430\u0442\u044b ESTO \"\u041e\u043f\u043b\u0430\u0442\u0438\u0442\u044c \u043f\u043e\u0437\u0436\u0435\" \u043f\u0440\u0438 \u043e\u0444\u043e\u0440\u043c\u043b\u0435\u043d\u0438\u0438 \u0437\u0430\u043a\u0430\u0437\u0430.<\/li>\n<li>\u041f\u043e\u043b\u0443\u0447\u0438\u0442\u0435 \u0440\u0435\u0448\u0435\u043d\u0438\u0435 \u0432 \u0440\u0435\u0436\u0438\u043c\u0435 \u0440\u0435\u0430\u043b\u044c\u043d\u043e\u0433\u043e \u0432\u0440\u0435\u043c\u0435\u043d\u0438.<\/li>\n<li>\u0415\u0441\u043b\u0438 \u0440\u0435\u0448\u0435\u043d\u0438\u0435 \u043f\u043e\u043b\u043e\u0436\u0438\u0442\u0435\u043b\u044c\u043d\u043e\u0435, \u043f\u043e\u0434\u0442\u0432\u0435\u0440\u0434\u0438\u0442\u0435 \u043f\u043e\u043a\u0443\u043f\u043a\u0443.<\/li>\n<li>ESTO \u0432\u044b\u0448\u043b\u0435\u0442 \u0432\u0430\u043c \u0441\u0447\u0435\u0442, \u043a\u043e\u0442\u043e\u0440\u044b\u0439 \u043d\u0435\u043e\u0431\u0445\u043e\u0434\u0438\u043c\u043e \u043f\u043e\u043b\u043d\u043e\u0441\u0442\u044c\u044e \u043e\u043f\u043b\u0430\u0442\u0438\u0442\u044c \u0432 \u0442\u0435\u0447\u0435\u043d\u0438\u0435 30 \u0434\u043d\u0435\u0439.<\/li>\n<\/ol>\n<p>\u0424\u0438\u043d\u0430\u043d\u0441\u043e\u0432\u0430\u044f \u0443\u0441\u043b\u0443\u0433\u0430 \u043f\u0440\u0435\u0434\u043e\u0441\u0442\u0430\u0432\u043b\u044f\u0435\u0442\u0441\u044f \u043a\u043e\u043c\u043f\u0430\u043d\u0438\u0435\u0439 ESTO AS. \u041f\u0440\u0435\u0436\u0434\u0435 \u0447\u0435\u043c \u043f\u043e\u0434\u043f\u0438\u0441\u044b\u0432\u0430\u0442\u044c \u0434\u043e\u0433\u043e\u0432\u043e\u0440, \u043d\u0435\u043e\u0431\u0445\u043e\u0434\u0438\u043c\u043e \u043e\u0437\u043d\u0430\u043a\u043e\u043c\u0438\u0442\u044c\u0441\u044f \u0441 \u0443\u0441\u043b\u043e\u0432\u0438\u044f\u043c\u0438 \u0438 \u043f\u0440\u0438 \u043d\u0435\u043e\u0431\u0445\u043e\u0434\u0438\u043c\u043e\u0441\u0442\u0438 \u043f\u0440\u043e\u043a\u043e\u043d\u0441\u0443\u043b\u044c\u0442\u0438\u0440\u043e\u0432\u0430\u0442\u044c\u0441\u044f \u0441\u043e \u0441\u043f\u0435\u0446\u0438\u0430\u043b\u0438\u0441\u0442\u043e\u043c. \u0414\u043b\u044f \u043f\u043e\u043b\u0443\u0447\u0435\u043d\u0438\u044f \u0434\u043e\u043f\u043e\u043b\u043d\u0438\u0442\u0435\u043b\u044c\u043d\u043e\u0439 \u0438\u043d\u0444\u043e\u0440\u043c\u0430\u0446\u0438\u0438 \u043f\u043e\u0441\u0435\u0442\u0438\u0442\u0435 \u0441\u0430\u0439\u0442 www.esto.ee.<\/p>\n<p><strong>MIS ON ESTO?<br \/>\n<\/strong>ESTO \u044f\u0432\u043b\u044f\u0435\u0442\u0441\u044f \u043f\u0440\u0435\u0434\u043f\u043e\u0447\u0442\u0438\u0442\u0435\u043b\u044c\u043d\u044b\u043c \u043f\u043e\u0441\u0442\u0430\u0432\u0449\u0438\u043a\u043e\u043c \u043f\u043b\u0430\u0442\u0435\u0436\u043d\u044b\u0445 \u0440\u0435\u0448\u0435\u043d\u0438\u0439 \u0432 \u0441\u0442\u0440\u0430\u043d\u0430\u0445 \u0411\u0430\u043b\u0442\u0438\u0438, \u0440\u0435\u0432\u043e\u043b\u044e\u0446\u0438\u043e\u043d\u0438\u0437\u0438\u0440\u0443\u044f \u0441\u043f\u043e\u0441\u043e\u0431\u044b, \u0441 \u043f\u043e\u043c\u043e\u0449\u044c\u044e \u043a\u043e\u0442\u043e\u0440\u044b\u0445 \u0442\u043e\u0440\u0433\u043e\u0432\u0446\u044b \u043f\u0440\u043e\u0434\u0430\u044e\u0442, \u0430 \u043f\u043e\u0442\u0440\u0435\u0431\u0438\u0442\u0435\u043b\u0438 \u043f\u043e\u043a\u0443\u043f\u0430\u044e\u0442. \u0423 ESTO \u043f\u043e\u0447\u0442\u0438 500 000 \u0430\u043a\u0442\u0438\u0432\u043d\u044b\u0445 \u043a\u043b\u0438\u0435\u043d\u0442\u043e\u0432 \u0438 \u0431\u043e\u043b\u0435\u0435 3 000 \u043c\u0430\u0433\u0430\u0437\u0438\u043d\u043e\u0432-\u043f\u0430\u0440\u0442\u043d\u0435\u0440\u043e\u0432 \u043f\u043e \u0432\u0441\u0435\u0439 \u0411\u0430\u043b\u0442\u0438\u0438. \u041c\u0438\u0441\u0441\u0438\u044f ESTO - \u043f\u043e\u043c\u043e\u0433\u0430\u0442\u044c \u043f\u0430\u0440\u0442\u043d\u0435\u0440\u0430\u043c \u043f\u0440\u043e\u0434\u0430\u0432\u0430\u0442\u044c, \u0430 \u043a\u043b\u0438\u0435\u043d\u0442\u0430\u043c \u043f\u043e\u043a\u0443\u043f\u0430\u0442\u044c.<\/p>\n<p>\u0415\u0441\u043b\u0438 \u0432\u0430\u043c \u043d\u0443\u0436\u043d\u0430 \u043f\u043e\u043c\u043e\u0449\u044c, \u0441\u0432\u044f\u0436\u0438\u0442\u0435\u0441\u044c \u0441 \u0441\u043e\u0442\u0440\u0443\u0434\u043d\u0438\u043a\u043e\u043c ESTO AS \u043f\u043e \u0430\u0434\u0440\u0435\u0441\u0443 info@esto.ee \u0438\u043b\u0438 \u043f\u043e\u0441\u0435\u0442\u0438\u0442\u0435 \u0441\u0430\u0439\u0442.\u00a0<a href=\"https:\/\/esto.eu\/ee\/kliendile-klienditugi\">https:\/\/esto.eu\/ee\/kliendile-klienditugi<\/a>.<\/p>","protected":false},"excerpt":{"rendered":"<p>ESTO j\u00e4relmaks \u2013 ei soovi maksta kogu summat korraga? Maksa osamaksete kaupa! ESTO j\u00e4relmaks on paindlik makselahendus, mis v\u00f5imaldab jaotada makse mugavalt igakuisteks osamakseteks. Jaota ostusumma mugavalt endale sobiva perioodi peale. Perioodi ja sissemakse suurust saad valida ostu vormistamisel, kui valid kassast ESTO j\u00e4relmaksu. Kasuta ESTO j\u00e4relmaksu e-poodides ja f\u00fc\u00fcsilistes kauplustes. K\u00f5ik ESTO partnerpoed leiad [&hellip;]<\/p>","protected":false},"author":2,"featured_media":0,"parent":0,"menu_order":0,"comment_status":"closed","ping_status":"closed","template":"","meta":{"_acf_changed":false,"footnotes":""},"tags":[],"class_list":["post-5751","page","type-page","status-publish","hentry"],"acf":[],"_links":{"self":[{"href":"https:\/\/wellmax.ee\/ru\/wp-json\/wp\/v2\/pages\/5751","targetHints":{"allow":["GET"]}}],"collection":[{"href":"https:\/\/wellmax.ee\/ru\/wp-json\/wp\/v2\/pages"}],"about":[{"href":"https:\/\/wellmax.ee\/ru\/wp-json\/wp\/v2\/types\/page"}],"author":[{"embeddable":true,"href":"https:\/\/wellmax.ee\/ru\/wp-json\/wp\/v2\/users\/2"}],"replies":[{"embeddable":true,"href":"https:\/\/wellmax.ee\/ru\/wp-json\/wp\/v2\/comments?post=5751"}],"version-history":[{"count":4,"href":"https:\/\/wellmax.ee\/ru\/wp-json\/wp\/v2\/pages\/5751\/revisions"}],"predecessor-version":[{"id":6231,"href":"https:\/\/wellmax.ee\/ru\/wp-json\/wp\/v2\/pages\/5751\/revisions\/6231"}],"wp:attachment":[{"href":"https:\/\/wellmax.ee\/ru\/wp-json\/wp\/v2\/media?parent=5751"}],"wp:term":[{"taxonomy":"post_tag","embeddable":true,"href":"https:\/\/wellmax.ee\/ru\/wp-json\/wp\/v2\/tags?post=5751"}],"curies":[{"name":"wp","href":"https:\/\/api.w.org\/{rel}","templated":true}]}}