{"id":6200,"date":"2025-03-20T00:36:15","date_gmt":"2025-03-19T22:36:15","guid":{"rendered":"https:\/\/wellmax.ee\/?post_type=product&#038;p=6200"},"modified":"2025-09-23T12:55:00","modified_gmt":"2025-09-23T10:55:00","slug":"bambuse-terrass","status":"publish","type":"product","link":"https:\/\/wellmax.ee\/fi\/tooted\/bambuse-terrass\/","title":{"rendered":"Bambu terassi"},"content":{"rendered":"<h3>Miksi valita bambukansi?<\/h3>\n<p>Bambusta valmistetut terassip\u00f6yd\u00e4t ovat kest\u00e4v\u00e4, ymp\u00e4rist\u00f6yst\u00e4v\u00e4llinen ja kauniin luonnollisen n\u00e4k\u00f6inen valinta mihin tahansa puutarhaan tai ulkotilaan. Jos etsit terassimateriaalia, jossa yhdistyv\u00e4t esteettisyys, lujuus ja pitk\u00e4 k\u00e4ytt\u00f6ik\u00e4, bambu on erinomainen valinta.<\/p>","protected":false},"excerpt":{"rendered":"<p>Bambusta valmistetut terassip\u00f6yd\u00e4t ovat kest\u00e4v\u00e4, ymp\u00e4rist\u00f6yst\u00e4v\u00e4llinen ja kauniin luonnollisen n\u00e4k\u00f6inen valinta mihin tahansa puutarhaan tai ulkotilaan.<\/p>","protected":false},"featured_media":6202,"template":"","meta":{"_acf_changed":false},"product_brand":[],"product_cat":[48,700,710],"product_tag":[705],"class_list":{"0":"post-6200","1":"product","2":"type-product","3":"status-publish","4":"has-post-thumbnail","6":"product_cat-tooted","7":"product_cat-paring","8":"product_cat-terrassilauad","9":"product_tag-est","10":"pa_laius-w-140mm","11":"pa_paksus-t-20mm-fin","12":"pa_pikkus-l-14m","14":"first","15":"instock","16":"taxable","17":"shipping-taxable","18":"purchasable","19":"product-type-variable"},"acf":[],"_links":{"self":[{"href":"https:\/\/wellmax.ee\/fi\/wp-json\/wp\/v2\/product\/6200","targetHints":{"allow":["GET"]}}],"collection":[{"href":"https:\/\/wellmax.ee\/fi\/wp-json\/wp\/v2\/product"}],"about":[{"href":"https:\/\/wellmax.ee\/fi\/wp-json\/wp\/v2\/types\/product"}],"wp:featuredmedia":[{"embeddable":true,"href":"https:\/\/wellmax.ee\/fi\/wp-json\/wp\/v2\/media\/6202"}],"wp:attachment":[{"href":"https:\/\/wellmax.ee\/fi\/wp-json\/wp\/v2\/media?parent=6200"}],"wp:term":[{"taxonomy":"product_brand","embeddable":true,"href":"https:\/\/wellmax.ee\/fi\/wp-json\/wp\/v2\/product_brand?post=6200"},{"taxonomy":"product_cat","embeddable":true,"href":"https:\/\/wellmax.ee\/fi\/wp-json\/wp\/v2\/product_cat?post=6200"},{"taxonomy":"product_tag","embeddable":true,"href":"https:\/\/wellmax.ee\/fi\/wp-json\/wp\/v2\/product_tag?post=6200"}],"curies":[{"name":"wp","href":"https:\/\/api.w.org\/{rel}","templated":true}]}}