{"id":5924,"date":"2024-02-13T09:48:43","date_gmt":"2024-02-13T07:48:43","guid":{"rendered":"https:\/\/wellmax.ee\/?post_type=product&#038;p=5924"},"modified":"2025-09-23T12:06:04","modified_gmt":"2025-09-23T10:06:04","slug":"termohaab","status":"publish","type":"product","link":"https:\/\/wellmax.ee\/fi\/tooted\/lampohaapa\/","title":{"rendered":"L\u00e4mp\u00f6haapa"},"content":{"rendered":"<p><strong>Miksi valita vuorilevy l\u00e4mp\u00f6k\u00e4sitellyst\u00e4 haavasta?<\/strong><\/p>\n<ul>\n<li style=\"list-style-type: none;\">\n<ul>\n<li>Luonnollisesti kest\u00e4v\u00e4 ja ymp\u00e4rist\u00f6yst\u00e4v\u00e4llinen - ei tarvitse kemiallista k\u00e4sittely\u00e4<\/li>\n<li>Puu k\u00e4sitell\u00e4\u00e4n kokonaan koko poikkileikkaukseltaan, ei vain pinnan l\u00e4helt\u00e4, kuten kemiallisesti kyll\u00e4stetyn puun tapauksessa<\/li>\n<li>Ilman hartsia<\/li>\n<li>L\u00e4mp\u00f6puun biologinen kest\u00e4vyys kasvaa, kun puun ravinteet muuttuvat vaikeammin tavoitettavaksi puun tuholaisille ja homeelle.<\/li>\n<li>Puun mittapysyvyys ja puun kest\u00e4vyys paranevat l\u00e4mp\u00f6k\u00e4sittelyn aikana<\/li>\n<li>Veden imeytyimsen v\u00e4heneminen<\/li>\n<li>V\u00e4hemm\u00e4n kosteusmuutosten aiheuttamia muodonmuutoksia ja j\u00e4nnityksi\u00e4<\/li>\n<\/ul>\n<\/li>\n<\/ul>\n<p><strong>Projektimyynniss\u00e4 hinnat ovat neuvoteltavissa.<\/strong> <strong>Mahdollisuus tilata my\u00f6s muita poikkileikkauksia ja pituuksia.<\/strong><\/p>","protected":false},"excerpt":{"rendered":"<p>L\u00e4mp\u00f6k\u00e4sitellyst\u00e4 skandinaavisesta haavasta valmistettu vuorilauta on eritt\u00e4in kaunis ja k\u00e4yt\u00e4nn\u00f6llinen tuote.<\/p>\n<p>&nbsp;<\/p>","protected":false},"featured_media":5948,"template":"","meta":{"_acf_changed":false},"product_brand":[],"product_cat":[48,707],"product_tag":[705],"class_list":{"0":"post-5924","1":"product","2":"type-product","3":"status-publish","4":"has-post-thumbnail","6":"product_cat-tooted","7":"product_cat-termotoodeldud-puit","8":"product_tag-est","9":"pa_laius-w-92mm","10":"pa_laius-w-127mm","11":"pa_paksus-t-15mm","12":"pa_paksus-t-27mm","13":"pa_pikkus-l-2-7m","14":"pa_pikkus-l-3m","16":"first","17":"instock","18":"taxable","19":"shipping-taxable","20":"purchasable","21":"product-type-variable"},"acf":[],"_links":{"self":[{"href":"https:\/\/wellmax.ee\/fi\/wp-json\/wp\/v2\/product\/5924","targetHints":{"allow":["GET"]}}],"collection":[{"href":"https:\/\/wellmax.ee\/fi\/wp-json\/wp\/v2\/product"}],"about":[{"href":"https:\/\/wellmax.ee\/fi\/wp-json\/wp\/v2\/types\/product"}],"wp:featuredmedia":[{"embeddable":true,"href":"https:\/\/wellmax.ee\/fi\/wp-json\/wp\/v2\/media\/5948"}],"wp:attachment":[{"href":"https:\/\/wellmax.ee\/fi\/wp-json\/wp\/v2\/media?parent=5924"}],"wp:term":[{"taxonomy":"product_brand","embeddable":true,"href":"https:\/\/wellmax.ee\/fi\/wp-json\/wp\/v2\/product_brand?post=5924"},{"taxonomy":"product_cat","embeddable":true,"href":"https:\/\/wellmax.ee\/fi\/wp-json\/wp\/v2\/product_cat?post=5924"},{"taxonomy":"product_tag","embeddable":true,"href":"https:\/\/wellmax.ee\/fi\/wp-json\/wp\/v2\/product_tag?post=5924"}],"curies":[{"name":"wp","href":"https:\/\/api.w.org\/{rel}","templated":true}]}}