{"id":5845,"date":"2023-08-16T07:30:38","date_gmt":"2023-08-16T05:30:38","guid":{"rendered":"https:\/\/wellmax.ee\/?post_type=product&#038;p=5845"},"modified":"2025-09-23T12:05:58","modified_gmt":"2025-09-23T10:05:58","slug":"termotoodeldud-kuusest-lillekastid","status":"publish","type":"product","link":"https:\/\/wellmax.ee\/fi\/tooted\/lampotuotetut-kuusi-kukkalaatikot\/","title":{"rendered":"Kukkalaatikot l\u00e4mp\u00f6k\u00e4sitellyst\u00e4 kuusesta"},"content":{"rendered":"<p>*100% luonnollinen k\u00e4sittely - prosessissa k\u00e4ytet\u00e4\u00e4n vain korkeaa l\u00e4mp\u00f6tilaa ja h\u00f6yry\u00e4.<br \/>\n*L\u00e4mp\u00f6k\u00e4sitelty kuusimateriaali on eritt\u00e4in vakaata ja s\u00e4\u00e4nkest\u00e4v\u00e4\u00e4.<br \/>\n*L\u00e4mp\u00f6k\u00e4sittelyn j\u00e4lkeen materiaalin veden imeytyminen on v\u00e4hentynyt merkitt\u00e4v\u00e4sti ja kosteuden aiheuttamat muodonmuutokset ja j\u00e4nnitykset materiaalissa ovat huomattavasti pienempi\u00e4.<br \/>\n*Kevyt painoltaan<br \/>\n*Ymp\u00e4rist\u00f6yst\u00e4v\u00e4llinen ja t\u00e4ysin kierr\u00e4tett\u00e4v\u00e4<br \/>\n*Sopii sek\u00e4 sis\u00e4- ett\u00e4 ulkok\u00e4ytt\u00f6\u00f6n<br \/>\n*Esteettinen ulkon\u00e4k\u00f6<\/p>","protected":false},"excerpt":{"rendered":"<p>Ymp\u00e4rist\u00f6yst\u00e4v\u00e4lliset ja t\u00e4ysin kierr\u00e4tett\u00e4v\u00e4t l\u00e4mp\u00f6k\u00e4sitellyt kuusikukkalaatikot.<\/p>\n<p>&nbsp;<\/p>","protected":false},"featured_media":5851,"template":"","meta":{"_acf_changed":false},"product_brand":[],"product_cat":[48,707],"product_tag":[705],"class_list":{"0":"post-5845","1":"product","2":"type-product","3":"status-publish","4":"has-post-thumbnail","6":"product_cat-tooted","7":"product_cat-termotoodeldud-puit","8":"product_tag-est","9":"pa_laius-w-691","10":"pa_laius-w-689","11":"pa_pikkus-l-690","13":"first","14":"instock","15":"taxable","16":"shipping-taxable","17":"purchasable","18":"product-type-variable"},"acf":[],"_links":{"self":[{"href":"https:\/\/wellmax.ee\/fi\/wp-json\/wp\/v2\/product\/5845","targetHints":{"allow":["GET"]}}],"collection":[{"href":"https:\/\/wellmax.ee\/fi\/wp-json\/wp\/v2\/product"}],"about":[{"href":"https:\/\/wellmax.ee\/fi\/wp-json\/wp\/v2\/types\/product"}],"wp:featuredmedia":[{"embeddable":true,"href":"https:\/\/wellmax.ee\/fi\/wp-json\/wp\/v2\/media\/5851"}],"wp:attachment":[{"href":"https:\/\/wellmax.ee\/fi\/wp-json\/wp\/v2\/media?parent=5845"}],"wp:term":[{"taxonomy":"product_brand","embeddable":true,"href":"https:\/\/wellmax.ee\/fi\/wp-json\/wp\/v2\/product_brand?post=5845"},{"taxonomy":"product_cat","embeddable":true,"href":"https:\/\/wellmax.ee\/fi\/wp-json\/wp\/v2\/product_cat?post=5845"},{"taxonomy":"product_tag","embeddable":true,"href":"https:\/\/wellmax.ee\/fi\/wp-json\/wp\/v2\/product_tag?post=5845"}],"curies":[{"name":"wp","href":"https:\/\/api.w.org\/{rel}","templated":true}]}}