{"id":5684,"date":"2023-03-11T12:55:38","date_gmt":"2023-03-11T10:55:38","guid":{"rendered":"https:\/\/wellmax.ee\/?post_type=product&#038;p=5684"},"modified":"2025-09-23T12:36:57","modified_gmt":"2025-09-23T10:36:57","slug":"termotoodeldud-kuuse-voodrilaud","status":"publish","type":"product","link":"https:\/\/wellmax.ee\/fi\/tooted\/lampokasitelty-kuuse-ulkovuorilauta\/","title":{"rendered":"L\u00e4mp\u00f6k\u00e4sitelty kuusi vuorilauta"},"content":{"rendered":"<p><strong>Miksi valita l\u00e4mp\u00f6k\u00e4sitellyst\u00e4 kuusesta valmistettu vuorilauta?<\/strong><\/p>\n<ul>\n<li style=\"list-style-type: none;\">\n<ul>\n<li>Luonnollisesti kest\u00e4v\u00e4 ja ymp\u00e4rist\u00f6yst\u00e4v\u00e4llinen - ei tarvitse kemiallista k\u00e4sittely\u00e4<\/li>\n<li>Puu k\u00e4sitell\u00e4\u00e4n kokonaan koko poikkileikkaukseltaan, ei vain pinnan l\u00e4helt\u00e4, kuten kemiallisesti kyll\u00e4stetyn puun tapauksessa<\/li>\n<li>Ilman hartsia<\/li>\n<li>L\u00e4mp\u00f6puun biologinen kest\u00e4vyys kasvaa, kun puun ravinteet muuttuvat vaikeammin tavoitettavaksi puun tuholaisille ja homeelle.<\/li>\n<li>Puun mittapysyvyys ja puun kest\u00e4vyys paranevat l\u00e4mp\u00f6k\u00e4sittelyn aikana<\/li>\n<li>Veden imeytyimsen v\u00e4heneminen<\/li>\n<li>V\u00e4hemm\u00e4n kosteusmuutosten aiheuttamia muodonmuutoksia ja j\u00e4nnityksi\u00e4<\/li>\n<\/ul>\n<\/li>\n<\/ul>\n<p><strong>Projektimyynniss\u00e4 hinnat ovat neuvoteltavissa.<\/strong> <strong>Mahdollisuus tilata my\u00f6s muita poikkileikkauksia ja pituuksia.<\/strong><\/p>","protected":false},"excerpt":{"rendered":"<p>L\u00e4mp\u00f6k\u00e4sitellyst\u00e4 skandinaavisesta kuusesta valmistettu vuorilauta on eritt\u00e4in kaunis ja k\u00e4yt\u00e4nn\u00f6llinen tuote.<\/p>","protected":false},"featured_media":5768,"template":"","meta":{"_acf_changed":false},"product_brand":[],"product_cat":[48,700,707,709],"product_tag":[705],"class_list":{"0":"post-5684","1":"product","2":"type-product","3":"status-publish","4":"has-post-thumbnail","6":"product_cat-tooted","7":"product_cat-paring","8":"product_cat-termotoodeldud-puit","9":"product_cat-voodrilauad","10":"product_tag-est","11":"pa_laius-w-118mm","12":"pa_laius-w-142mm","13":"pa_paksus-t-18mm","14":"pa_paksus-t-20mm","15":"pa_pikkus-l-3m","16":"pa_pikkus-l-3-3m","17":"pa_pikkus-l-3-6m","18":"pa_pikkus-l-3-9m","19":"pa_pikkus-l-4-2m","20":"pa_pikkus-l-4-5m","21":"pa_pikkus-l-4-8m","23":"first","24":"instock","25":"taxable","26":"shipping-taxable","27":"purchasable","28":"product-type-variable"},"acf":[],"_links":{"self":[{"href":"https:\/\/wellmax.ee\/fi\/wp-json\/wp\/v2\/product\/5684","targetHints":{"allow":["GET"]}}],"collection":[{"href":"https:\/\/wellmax.ee\/fi\/wp-json\/wp\/v2\/product"}],"about":[{"href":"https:\/\/wellmax.ee\/fi\/wp-json\/wp\/v2\/types\/product"}],"wp:featuredmedia":[{"embeddable":true,"href":"https:\/\/wellmax.ee\/fi\/wp-json\/wp\/v2\/media\/5768"}],"wp:attachment":[{"href":"https:\/\/wellmax.ee\/fi\/wp-json\/wp\/v2\/media?parent=5684"}],"wp:term":[{"taxonomy":"product_brand","embeddable":true,"href":"https:\/\/wellmax.ee\/fi\/wp-json\/wp\/v2\/product_brand?post=5684"},{"taxonomy":"product_cat","embeddable":true,"href":"https:\/\/wellmax.ee\/fi\/wp-json\/wp\/v2\/product_cat?post=5684"},{"taxonomy":"product_tag","embeddable":true,"href":"https:\/\/wellmax.ee\/fi\/wp-json\/wp\/v2\/product_tag?post=5684"}],"curies":[{"name":"wp","href":"https:\/\/api.w.org\/{rel}","templated":true}]}}