{"id":5593,"date":"2022-12-05T08:24:44","date_gmt":"2022-12-05T06:24:44","guid":{"rendered":"https:\/\/wellmax.digitalmango.uk\/tooted\/termotoodeldud-manni-voodrilaud\/"},"modified":"2025-09-23T12:37:05","modified_gmt":"2025-09-23T10:37:05","slug":"termotoodeldud-manni-voodrilaud","status":"publish","type":"product","link":"https:\/\/wellmax.ee\/fi\/tooted\/lampokasitelty-mannyn-ulkovuorilauta\/","title":{"rendered":"L\u00e4mp\u00f6k\u00e4sitelty m\u00e4nty ulkovuorilauta"},"content":{"rendered":"<p><strong>Miksi valita l\u00e4mp\u00f6k\u00e4sitellyst\u00e4 m\u00e4nnyst\u00e4 valmistettu vuorilauta?<\/strong><\/p>\n<ul>\n<li style=\"list-style-type: none;\">\n<ul>\n<li>Luonnollisesti kest\u00e4v\u00e4 ja ymp\u00e4rist\u00f6yst\u00e4v\u00e4llinen - ei tarvitse kemiallista k\u00e4sittely\u00e4<\/li>\n<li>Puu k\u00e4sitell\u00e4\u00e4n kokonaan koko poikkileikkaukseltaan, ei vain pinnan l\u00e4helt\u00e4, kuten kemiallisesti kyll\u00e4stetyn puun tapauksessa<\/li>\n<li>Ilman hartsia<\/li>\n<li>L\u00e4mp\u00f6puun biologinen kest\u00e4vyys kasvaa, kun puun ravinteet muuttuvat vaikeammin tavoitettavaksi puun tuholaisille ja homeelle.<\/li>\n<li>Puun mittapysyvyys ja puun kest\u00e4vyys paranevat l\u00e4mp\u00f6k\u00e4sittelyn aikana<\/li>\n<li>Veden imeytyimsen v\u00e4heneminen<\/li>\n<li>V\u00e4hemm\u00e4n kosteusmuutosten aiheuttamia muodonmuutoksia ja j\u00e4nnityksi\u00e4<\/li>\n<\/ul>\n<\/li>\n<\/ul>\n<p><strong>Projektimyynniss\u00e4 hinnat ovat neuvoteltavissa.<\/strong> <strong>Mahdollisuus tilata my\u00f6s muita poikkileikkauksia ja pituuksia.<\/strong><\/p>","protected":false},"excerpt":{"rendered":"<p>L\u00e4mp\u00f6k\u00e4sitellyst\u00e4 pohjoismaisesta m\u00e4nnyst\u00e4 valmistettu vuorilauta on eritt\u00e4in kaunis ja k\u00e4yt\u00e4nn\u00f6llinen tuote.<\/p>\n<p>&nbsp;<\/p>\n<p>&nbsp;<\/p>","protected":false},"featured_media":5594,"template":"","meta":{"_acf_changed":false},"product_brand":[],"product_cat":[48,707,709],"product_tag":[705],"class_list":{"0":"post-5593","1":"product","2":"type-product","3":"status-publish","4":"has-post-thumbnail","6":"product_cat-tooted","7":"product_cat-termotoodeldud-puit","8":"product_cat-voodrilauad","9":"product_tag-est","10":"pa_laius-w-118mm","11":"pa_laius-w-142mm","12":"pa_paksus-t-18mm","13":"pa_paksus-t-20mm","14":"pa_pikkus-l-3m","15":"pa_pikkus-l-3-3m","16":"pa_pikkus-l-3-6m","17":"pa_pikkus-l-3-9m","18":"pa_pikkus-l-4-2m","19":"pa_pikkus-l-4-5m","20":"pa_pikkus-l-4-8m","22":"first","23":"instock","24":"taxable","25":"shipping-taxable","26":"purchasable","27":"product-type-variable"},"acf":[],"_links":{"self":[{"href":"https:\/\/wellmax.ee\/fi\/wp-json\/wp\/v2\/product\/5593","targetHints":{"allow":["GET"]}}],"collection":[{"href":"https:\/\/wellmax.ee\/fi\/wp-json\/wp\/v2\/product"}],"about":[{"href":"https:\/\/wellmax.ee\/fi\/wp-json\/wp\/v2\/types\/product"}],"wp:featuredmedia":[{"embeddable":true,"href":"https:\/\/wellmax.ee\/fi\/wp-json\/wp\/v2\/media\/5594"}],"wp:attachment":[{"href":"https:\/\/wellmax.ee\/fi\/wp-json\/wp\/v2\/media?parent=5593"}],"wp:term":[{"taxonomy":"product_brand","embeddable":true,"href":"https:\/\/wellmax.ee\/fi\/wp-json\/wp\/v2\/product_brand?post=5593"},{"taxonomy":"product_cat","embeddable":true,"href":"https:\/\/wellmax.ee\/fi\/wp-json\/wp\/v2\/product_cat?post=5593"},{"taxonomy":"product_tag","embeddable":true,"href":"https:\/\/wellmax.ee\/fi\/wp-json\/wp\/v2\/product_tag?post=5593"}],"curies":[{"name":"wp","href":"https:\/\/api.w.org\/{rel}","templated":true}]}}