{"id":5585,"date":"2022-12-05T08:22:11","date_gmt":"2022-12-05T06:22:11","guid":{"rendered":"https:\/\/wellmax.digitalmango.uk\/tooted\/termotoodeldud-mand\/"},"modified":"2025-09-23T12:55:17","modified_gmt":"2025-09-23T10:55:17","slug":"termotoodeldud-mand","status":"publish","type":"product","link":"https:\/\/wellmax.ee\/fi\/tooted\/lampokasitelty-manty\/","title":{"rendered":"L\u00e4mp\u00f6k\u00e4sitelty m\u00e4ntyterassip\u00f6yt\u00e4"},"content":{"rendered":"<p class=\"translation-block\">-100% luonnollinen k\u00e4sittely - prosessissa k\u00e4ytet\u00e4\u00e4n vain korkeaa l\u00e4mp\u00f6tilaa ja h\u00f6yry\u00e4.<br> -Puu k\u00e4sitell\u00e4\u00e4n kokonaan l\u00e4pi poikkileikkauksen, ei vain pinnan l\u00e4helt\u00e4, kuten esim<br> jos puu on kyll\u00e4stetty kemikaaleilla.<br> - Ilman hartsia<br> - Sopii kaikkiin ilmastoihin<br> -Puun mittapysyvyys ja kest\u00e4vyys paranevat<br> - V\u00e4hentynyt veden imeytyminen<br> - V\u00e4hemm\u00e4n kosteusmuutosten aiheuttamia muodonmuutoksia ja rasituksia<br> -Ymp\u00e4rist\u00f6yst\u00e4v\u00e4llinen ja t\u00e4ysin kierr\u00e4tett\u00e4v\u00e4<br> - Kevyempi materiaali<\/p>","protected":false},"excerpt":{"rendered":"<p>Termot\u00f6\u00f6tlus muudab m\u00e4nni palju stabiilsemaks, kuid ennek\u00f5ike<br \/>\nvastupidavamaks ilma t\u00f6\u00f6tlemisvahendeid kasutamata. Visuaalselt saab<br \/>\ntermot\u00f6\u00f6deldud m\u00e4nd endale sooja pruunika tooni.<\/p>\n<p>&nbsp;<\/p>","protected":false},"featured_media":5586,"template":"","meta":{"_acf_changed":false},"product_brand":[],"product_cat":[48,707,710],"product_tag":[705],"class_list":{"0":"post-5585","1":"product","2":"type-product","3":"status-publish","4":"has-post-thumbnail","6":"product_cat-tooted","7":"product_cat-termotoodeldud-puit","8":"product_cat-terrassilauad","9":"product_tag-est","10":"pa_laius-w-118mm","11":"pa_laius-w-142mm","12":"pa_paksus-t-27mm","13":"pa_pikkus-l-3m","14":"pa_pikkus-l-3-9m-eng","15":"pa_pikkus-l-4m","16":"pa_pikkus-l-4-2m-eng","17":"pa_pikkus-l-4-5m-fin","18":"pa_pikkus-l-5-1m","19":"pa_pikkus-l-5-4m","20":"pa_pikkus-l-6m","22":"first","23":"instock","24":"taxable","25":"shipping-taxable","26":"purchasable","27":"product-type-variable"},"acf":[],"_links":{"self":[{"href":"https:\/\/wellmax.ee\/fi\/wp-json\/wp\/v2\/product\/5585","targetHints":{"allow":["GET"]}}],"collection":[{"href":"https:\/\/wellmax.ee\/fi\/wp-json\/wp\/v2\/product"}],"about":[{"href":"https:\/\/wellmax.ee\/fi\/wp-json\/wp\/v2\/types\/product"}],"wp:featuredmedia":[{"embeddable":true,"href":"https:\/\/wellmax.ee\/fi\/wp-json\/wp\/v2\/media\/5586"}],"wp:attachment":[{"href":"https:\/\/wellmax.ee\/fi\/wp-json\/wp\/v2\/media?parent=5585"}],"wp:term":[{"taxonomy":"product_brand","embeddable":true,"href":"https:\/\/wellmax.ee\/fi\/wp-json\/wp\/v2\/product_brand?post=5585"},{"taxonomy":"product_cat","embeddable":true,"href":"https:\/\/wellmax.ee\/fi\/wp-json\/wp\/v2\/product_cat?post=5585"},{"taxonomy":"product_tag","embeddable":true,"href":"https:\/\/wellmax.ee\/fi\/wp-json\/wp\/v2\/product_tag?post=5585"}],"curies":[{"name":"wp","href":"https:\/\/api.w.org\/{rel}","templated":true}]}}