{"id":5582,"date":"2022-07-28T05:25:15","date_gmt":"2022-07-28T03:25:15","guid":{"rendered":"https:\/\/wellmax.digitalmango.uk\/tooted\/kuuse-voodrilaud\/"},"modified":"2025-09-23T12:37:12","modified_gmt":"2025-09-23T10:37:12","slug":"naturaalne-kuuse-voodrilaud","status":"publish","type":"product","link":"https:\/\/wellmax.ee\/fi\/tooted\/luonnollinen-kuusen-ulkovuoripaneeli\/","title":{"rendered":"Luonnollisen kuusen ulkovuorilauta"},"content":{"rendered":"<p>...<\/p>","protected":false},"excerpt":{"rendered":"<p><span style=\"font-weight: 400;\">Kuusipuu soveltuu ulkok\u00e4ytt\u00f6\u00f6n v\u00e4h\u00e4isen kosteudenimukykyns\u00e4 vuoksi. Pitk\u00e4aikaisessa k\u00e4yt\u00f6ss\u00e4 p\u00f6yd\u00e4t tulee peitt\u00e4\u00e4 puunsuoja-aineilla ja v\u00e4ltt\u00e4\u00e4 suoraa kosketusta ulkoisen ymp\u00e4rist\u00f6n vaikutuksiin.<\/span><span style=\"font-weight: 400;\"> Hartsipitoisuutensa ansiosta skandinaavinen kuusi on melko pitk\u00e4ik\u00e4inen ja helposti k\u00e4sitelt\u00e4v\u00e4 materiaali. Kuusipaneeli on kauniin vaalean s\u00e4vyinen ja kevyt materiaali.<br \/>\n<\/span>Saat lis\u00e4tietoja kirjoittamalla meille: info@wellmax.ee<\/p>\n<p>&nbsp;<\/p>\n<p>&nbsp;<\/p>","protected":false},"featured_media":5583,"template":"","meta":{"_acf_changed":false},"product_brand":[],"product_cat":[48,700,709],"product_tag":[705],"class_list":{"0":"post-5582","1":"product","2":"type-product","3":"status-publish","4":"has-post-thumbnail","6":"product_cat-tooted","7":"product_cat-paring","8":"product_cat-voodrilauad","9":"product_tag-est","11":"first","12":"instock","13":"taxable","14":"shipping-taxable","15":"purchasable","16":"product-type-simple"},"acf":[],"_links":{"self":[{"href":"https:\/\/wellmax.ee\/fi\/wp-json\/wp\/v2\/product\/5582","targetHints":{"allow":["GET"]}}],"collection":[{"href":"https:\/\/wellmax.ee\/fi\/wp-json\/wp\/v2\/product"}],"about":[{"href":"https:\/\/wellmax.ee\/fi\/wp-json\/wp\/v2\/types\/product"}],"wp:featuredmedia":[{"embeddable":true,"href":"https:\/\/wellmax.ee\/fi\/wp-json\/wp\/v2\/media\/5583"}],"wp:attachment":[{"href":"https:\/\/wellmax.ee\/fi\/wp-json\/wp\/v2\/media?parent=5582"}],"wp:term":[{"taxonomy":"product_brand","embeddable":true,"href":"https:\/\/wellmax.ee\/fi\/wp-json\/wp\/v2\/product_brand?post=5582"},{"taxonomy":"product_cat","embeddable":true,"href":"https:\/\/wellmax.ee\/fi\/wp-json\/wp\/v2\/product_cat?post=5582"},{"taxonomy":"product_tag","embeddable":true,"href":"https:\/\/wellmax.ee\/fi\/wp-json\/wp\/v2\/product_tag?post=5582"}],"curies":[{"name":"wp","href":"https:\/\/api.w.org\/{rel}","templated":true}]}}