{"id":5471,"date":"2021-10-04T22:22:00","date_gmt":"2021-10-04T20:22:00","guid":{"rendered":"https:\/\/wellmax.digitalmango.uk\/tooted\/katuselaud\/"},"modified":"2025-09-29T22:19:48","modified_gmt":"2025-09-29T20:19:48","slug":"katuselaud","status":"publish","type":"product","link":"https:\/\/wellmax.ee\/fi\/tooted\/kattolauta\/","title":{"rendered":"Kattolauta"},"content":{"rendered":"<p><strong>Miksi valita Siperian lehtikuusta valmistettu kattolauta?<\/strong><\/p>\n<ul>\n<li>Luonnollisesti kest\u00e4v\u00e4 - ei vaadi kemiallista k\u00e4sittely\u00e4<\/li>\n<li>Tihe\u00e4 ja yhten\u00e4inen rakenne - kuuluu koviin puulajeihin<\/li>\n<li>Korkeat tuotantostandardit - korkealaatuinen k\u00e4sittely taattu<\/li>\n<li>Ymp\u00e4rist\u00f6yst\u00e4v\u00e4llinen - voidaan k\u00e4ytt\u00e4\u00e4 projekteissa, joissa kemiallisesti k\u00e4siteltyj\u00e4 materiaaleja ei sallita<\/li>\n<li>Kaunis ulkon\u00e4k\u00f6 - n\u00e4ytt\u00e4\u00e4 esteettiselt\u00e4<\/li>\n<li>S\u00e4\u00e4st\u00e4t aikaa ja rahaa - el\u00e4m\u00e4 on pitk\u00e4<\/li>\n<\/ul>\n<p>Kattopuu luokitellaan yleens\u00e4 kahteen luokkaan AB ja C AB on tervett\u00e4 ja virheet\u00f6nt\u00e4 C-luokan materiaalia h\u00f6yl\u00e4t\u00e4\u00e4n p\u00e4\u00e4asiassa virheiden ja pudonneiden oksien vuoksi. <strong>Projektimyynniss\u00e4 hinnat sopimuksen mukaan. Mahdollisuus tilata muita poikkileikkauksia ja pituuksia.<\/strong><\/p>","protected":false},"excerpt":{"rendered":"<p>Luonnolliset ja kest\u00e4v\u00e4t kattolaudat Siperian lehtikuusta.<\/p>\n<p>&nbsp;<\/p>\n<p>&nbsp;<\/p>","protected":false},"featured_media":5472,"template":"","meta":{"_acf_changed":false},"product_brand":[],"product_cat":[48],"product_tag":[705],"class_list":{"0":"post-5471","1":"product","2":"type-product","3":"status-publish","4":"has-post-thumbnail","6":"product_cat-tooted","7":"product_tag-est","8":"pa_laius-w-120mm","9":"pa_laius-w-145mm","10":"pa_paksus-t-21mm","11":"pa_pikkus-l-3m","12":"pa_pikkus-l-4m","13":"pa_pikkus-l-6m","15":"first","16":"instock","17":"taxable","18":"shipping-taxable","19":"purchasable","20":"product-type-variable"},"acf":[],"_links":{"self":[{"href":"https:\/\/wellmax.ee\/fi\/wp-json\/wp\/v2\/product\/5471","targetHints":{"allow":["GET"]}}],"collection":[{"href":"https:\/\/wellmax.ee\/fi\/wp-json\/wp\/v2\/product"}],"about":[{"href":"https:\/\/wellmax.ee\/fi\/wp-json\/wp\/v2\/types\/product"}],"wp:featuredmedia":[{"embeddable":true,"href":"https:\/\/wellmax.ee\/fi\/wp-json\/wp\/v2\/media\/5472"}],"wp:attachment":[{"href":"https:\/\/wellmax.ee\/fi\/wp-json\/wp\/v2\/media?parent=5471"}],"wp:term":[{"taxonomy":"product_brand","embeddable":true,"href":"https:\/\/wellmax.ee\/fi\/wp-json\/wp\/v2\/product_brand?post=5471"},{"taxonomy":"product_cat","embeddable":true,"href":"https:\/\/wellmax.ee\/fi\/wp-json\/wp\/v2\/product_cat?post=5471"},{"taxonomy":"product_tag","embeddable":true,"href":"https:\/\/wellmax.ee\/fi\/wp-json\/wp\/v2\/product_tag?post=5471"}],"curies":[{"name":"wp","href":"https:\/\/api.w.org\/{rel}","templated":true}]}}