{"id":5457,"date":"2021-10-04T22:21:55","date_gmt":"2021-10-04T20:21:55","guid":{"rendered":"https:\/\/wellmax.digitalmango.uk\/tooted\/voodrilaud\/"},"modified":"2025-09-23T12:37:22","modified_gmt":"2025-09-23T10:37:22","slug":"lehise-voodrilaud","status":"publish","type":"product","link":"https:\/\/wellmax.ee\/fi\/tooted\/lehtikuusi-ulkovuorilauta\/","title":{"rendered":"Lehtikuusen ulkovuorilauta"},"content":{"rendered":"<p><strong>Miksi valita vuori Siperian lehtikuusta?<\/strong><\/p>\n<ul>\n<li>Luonnollisesti kest\u00e4v\u00e4 - ei vaadi kemiallista k\u00e4sittely\u00e4<\/li>\n<li>Tihe\u00e4 ja yhten\u00e4inen rakenne - kuuluu koviin puulajeihin<\/li>\n<li>Korkeat tuotantostandardit - korkealaatuinen k\u00e4sittely taattu<\/li>\n<li>Ymp\u00e4rist\u00f6yst\u00e4v\u00e4llinen - voidaan k\u00e4ytt\u00e4\u00e4 projekteissa, joissa kemiallisesti k\u00e4siteltyj\u00e4 materiaaleja ei sallita<\/li>\n<li>Kaunis ulkon\u00e4k\u00f6 - n\u00e4ytt\u00e4\u00e4 esteettiselt\u00e4<\/li>\n<li>S\u00e4\u00e4st\u00e4t aikaa ja rahaa - el\u00e4m\u00e4 on pitk\u00e4<\/li>\n<\/ul>\n<p><a href=\"https:\/\/wellmax.ee\/wp-content\/uploads\/2020\/08\/H\u00f6\u00f6velmaterjali-kvaliteeditingimused.pdf\" target=\"_blank\" rel=\"noopener noreferrer\">Lajittelemme yleens\u00e4 vuorauslaudan kolmeen luokkaan AB; ABC ja C<\/a> AB on levymateriaali, jossa on kokonaisia oksia ilman virheit\u00e4.Yleens\u00e4 hinta-laatusuhde on ABC-luokassa kohtuullisempi, koska levy\u00e4 asennettaessa materiaalia voidaan jossain m\u00e4\u00e4rin optimoida C-laatuinen materiaali lajitellaan p\u00e4\u00e4asiassa luokkansa vikojen tai kaatuneiden oksien vuoksi, mutta levyn lujuusominaisuudet vastaavat aikaisempia laatuja. Profiilista riippuen n\u00e4m\u00e4 viat voivat menn\u00e4 osittain tai kokonaan p\u00e4\u00e4llekk\u00e4in asennuksen j\u00e4lkeen. <strong>Projektimyynniss\u00e4 hinnat ovat neuvoteltavissa.<\/strong> <strong>Mahdollisuus tilata my\u00f6s muita poikkileikkauksia ja pituuksia.<\/strong><\/p>","protected":false},"excerpt":{"rendered":"<p>Siperian lehtikuusta valmistettu vuorilauta on eritt\u00e4in eksklusiivinen ja k\u00e4yt\u00e4nn\u00f6llinen tuote.<\/p>\n<p>&nbsp;<\/p>","protected":false},"featured_media":5458,"template":"","meta":{"_acf_changed":false},"product_brand":[],"product_cat":[48,700,709],"product_tag":[705],"class_list":{"0":"post-5457","1":"product","2":"type-product","3":"status-publish","4":"has-post-thumbnail","6":"product_cat-tooted","7":"product_cat-paring","8":"product_cat-voodrilauad","9":"product_tag-est","10":"pa_laius-w-70mm","11":"pa_laius-w-95mm","12":"pa_laius-w-120mm","13":"pa_laius-w-145mm","14":"pa_paksus-t-21mm","15":"pa_pikkus-l-3m","16":"pa_pikkus-l-4m","17":"pa_pikkus-l-6m","19":"first","20":"instock","21":"taxable","22":"shipping-taxable","23":"purchasable","24":"product-type-variable"},"acf":[],"_links":{"self":[{"href":"https:\/\/wellmax.ee\/fi\/wp-json\/wp\/v2\/product\/5457","targetHints":{"allow":["GET"]}}],"collection":[{"href":"https:\/\/wellmax.ee\/fi\/wp-json\/wp\/v2\/product"}],"about":[{"href":"https:\/\/wellmax.ee\/fi\/wp-json\/wp\/v2\/types\/product"}],"wp:featuredmedia":[{"embeddable":true,"href":"https:\/\/wellmax.ee\/fi\/wp-json\/wp\/v2\/media\/5458"}],"wp:attachment":[{"href":"https:\/\/wellmax.ee\/fi\/wp-json\/wp\/v2\/media?parent=5457"}],"wp:term":[{"taxonomy":"product_brand","embeddable":true,"href":"https:\/\/wellmax.ee\/fi\/wp-json\/wp\/v2\/product_brand?post=5457"},{"taxonomy":"product_cat","embeddable":true,"href":"https:\/\/wellmax.ee\/fi\/wp-json\/wp\/v2\/product_cat?post=5457"},{"taxonomy":"product_tag","embeddable":true,"href":"https:\/\/wellmax.ee\/fi\/wp-json\/wp\/v2\/product_tag?post=5457"}],"curies":[{"name":"wp","href":"https:\/\/api.w.org\/{rel}","templated":true}]}}