{"id":5411,"date":"2021-10-04T22:21:47","date_gmt":"2021-10-04T20:21:47","guid":{"rendered":"https:\/\/wellmax.digitalmango.uk\/tooted\/saematerjal-kd18-c\/"},"modified":"2025-09-23T13:04:26","modified_gmt":"2025-09-23T11:04:26","slug":"lehise-saematerjal-kd18-c","status":"publish","type":"product","link":"https:\/\/wellmax.ee\/fi\/tooted\/lehtikuusi-sahamateriaali-kd18-c\/","title":{"rendered":"Lehtikuusi puutavara KD18C"},"content":{"rendered":"<p>Sahamateriaali KD18 C on kuivattua materiaalia kosteudelle 18 +\/- 2%, kansankielell\u00e4 &quot;kuljetuskuiva&quot;. Materiaali lajitellaan ennen kuivausta ja kuivauksen j\u00e4lkeen. Sahamateriaali KD18 C soveltuu p\u00e4\u00e4asiassa k\u00e4ytett\u00e4v\u00e4ksi rakennusmateriaalina tai heikompien laatuvaatimusten mukaisena h\u00f6yl\u00e4ysmateriaalina. T\u00e4m\u00e4 materiaali lajitellaan luokkaan C skandinaavisten puutavaran lajitteluolosuhteiden perusteella. <strong>Projektimyynniss\u00e4 hinnat ovat neuvoteltavissa.<\/strong> <strong>Mahdollisuus tilata my\u00f6s muita poikkileikkauksia ja pituuksia.<\/strong><\/p>","protected":false},"excerpt":{"rendered":"<p>Sahamateriaali KD18 C on kuivattua materiaalia kosteudelle 18 +- 2%, kansankielell\u00e4 &quot;kuljetuskuiva&quot;. Materiaali lajitellaan ennen kuivausta ja kuivauksen j\u00e4lkeen. Sahamateriaali KD18 C soveltuu p\u00e4\u00e4asiassa rakennusmateriaaliksi.<\/p>\n<p>&nbsp;<\/p>\n<p>&nbsp;<\/p>","protected":false},"featured_media":5368,"template":"","meta":{"_acf_changed":false},"product_brand":[],"product_cat":[48,700,711],"product_tag":[705],"class_list":{"0":"post-5411","1":"product","2":"type-product","3":"status-publish","4":"has-post-thumbnail","6":"product_cat-tooted","7":"product_cat-paring","8":"product_cat-saematerjal","9":"product_tag-est","10":"pa_laius-w-75mm","11":"pa_laius-w-100mm","12":"pa_laius-w-125mm","13":"pa_laius-w-150mm","14":"pa_laius-w-200mm","15":"pa_paksus-t-25mm","16":"pa_paksus-t-32mm","17":"pa_paksus-t-50mm","18":"pa_pikkus-l-3m","19":"pa_pikkus-l-4m","20":"pa_pikkus-l-6m","22":"first","23":"instock","24":"taxable","25":"shipping-taxable","26":"purchasable","27":"product-type-variable"},"acf":[],"_links":{"self":[{"href":"https:\/\/wellmax.ee\/fi\/wp-json\/wp\/v2\/product\/5411","targetHints":{"allow":["GET"]}}],"collection":[{"href":"https:\/\/wellmax.ee\/fi\/wp-json\/wp\/v2\/product"}],"about":[{"href":"https:\/\/wellmax.ee\/fi\/wp-json\/wp\/v2\/types\/product"}],"wp:featuredmedia":[{"embeddable":true,"href":"https:\/\/wellmax.ee\/fi\/wp-json\/wp\/v2\/media\/5368"}],"wp:attachment":[{"href":"https:\/\/wellmax.ee\/fi\/wp-json\/wp\/v2\/media?parent=5411"}],"wp:term":[{"taxonomy":"product_brand","embeddable":true,"href":"https:\/\/wellmax.ee\/fi\/wp-json\/wp\/v2\/product_brand?post=5411"},{"taxonomy":"product_cat","embeddable":true,"href":"https:\/\/wellmax.ee\/fi\/wp-json\/wp\/v2\/product_cat?post=5411"},{"taxonomy":"product_tag","embeddable":true,"href":"https:\/\/wellmax.ee\/fi\/wp-json\/wp\/v2\/product_tag?post=5411"}],"curies":[{"name":"wp","href":"https:\/\/api.w.org\/{rel}","templated":true}]}}