{"id":5345,"date":"2021-10-04T23:16:35","date_gmt":"2021-10-04T21:16:35","guid":{"rendered":"https:\/\/wellmax.digitalmango.uk\/tooted\/terrassilaud\/"},"modified":"2025-09-23T12:55:33","modified_gmt":"2025-09-23T10:55:33","slug":"lehise-terrassilaud","status":"publish","type":"product","link":"https:\/\/wellmax.ee\/fi\/tooted\/lehtikuusen-terassilauta\/","title":{"rendered":"Lehtikuusen terassilauta"},"content":{"rendered":"<p><strong>Miksi valita lehtikuinen terassi?<\/strong><\/p>\n<ul>\n<li>Luonnollisesti kest\u00e4v\u00e4 - ei vaadi kemiallista k\u00e4sittely\u00e4<\/li>\n<li>Tihe\u00e4 ja yhten\u00e4inen rakenne - kuuluu koviin puulajeihin<\/li>\n<li>Korkeat tuotantostandardit - korkealaatuinen k\u00e4sittely taattu<\/li>\n<li>Ymp\u00e4rist\u00f6yst\u00e4v\u00e4llinen - voidaan k\u00e4ytt\u00e4\u00e4 projekteissa, joissa kemiallisesti k\u00e4siteltyj\u00e4 materiaaleja ei sallita<\/li>\n<li>Kaunis ulkon\u00e4k\u00f6 - n\u00e4ytt\u00e4\u00e4 esteettiselt\u00e4<\/li>\n<li>S\u00e4\u00e4st\u00e4t aikaa ja rahaa - elinik\u00e4 on pitk\u00e4<\/li>\n<\/ul>\n<p>Exclusive on v\u00e4h\u00e4n ja kokonaisia oksia sis\u00e4lt\u00e4v\u00e4 ja virheet\u00f6n terassimateriaali, joka sopii erityisen vaativalle asiakkaalle.<\/p>\n<p>Yleisesti ottaen hinta-laatusuhde on edullisin Superior-luokan materiaalille, sill\u00e4 terassia asennettaessa materiaalia voidaan jossain m\u00e4\u00e4rin optimoida.<\/p>\n<p>Ekolaatuista materiaalia luokitellaan luokassaan p\u00e4\u00e4osin h\u00f6yl\u00e4ysvirheiden tai kaatuneiden oksien takia, mutta terassin lujuusominaisuudet vastaavat aikaisempia lajikkeita.<\/p>\n<p><span style=\"color: #ff0000;\"><span style=\"color: #000000;\">Pyyd\u00e4 henkil\u00f6kohtainen tarjous ECO-laatuisesta materiaalista<\/span> <strong><a style=\"color: #ff0000;\" href=\"mailto:info@wellmax.ee\">T\u00c4\u00c4LT\u00c4<span style=\"color: #000000;\">.<\/span><\/a><\/strong><\/span><\/p>\n<p>&nbsp;<\/p>\n<p><strong>Projektimyynniss\u00e4 hinnat ovat neuvoteltavissa.<br \/>\nMahdollisuus tilata my\u00f6s muita poikkileikkauksia ja pituuksia.<br \/>\n.<\/strong><\/p>\n<p><strong>Hintalaskuri n\u00e4ytt\u00e4\u00e4 &quot;Exclusive&quot;-luokan terassip\u00f6yd\u00e4n hinnat 28mm paksuille laudoille.\u00a0<\/strong><\/p>","protected":false},"excerpt":{"rendered":"<p>Siperian lehtikuusta valmistettu terassip\u00f6yt\u00e4 on investointi kauniiseen rakenteelliseen terassiin, jonka k\u00e4ytt\u00f6ik\u00e4 on monta kertaa pidempi kuin kyll\u00e4stetyn puun terassi.<\/p>\n<p>&nbsp;<\/p>\n<p>&nbsp;<\/p>","protected":false},"featured_media":5346,"template":"","meta":{"_acf_changed":false},"product_brand":[],"product_cat":[48,710],"product_tag":[705],"class_list":{"0":"post-5345","1":"product","2":"type-product","3":"status-publish","4":"has-post-thumbnail","6":"product_cat-tooted","7":"product_cat-terrassilauad","8":"product_tag-est","9":"pa_laius-w-95mm","10":"pa_laius-w-120mm","11":"pa_laius-w-145mm","12":"pa_paksus-t-24mm","13":"pa_paksus-t-28mm","14":"pa_pikkus-l-3m","15":"pa_pikkus-l-4m","16":"pa_pikkus-l-5-1m","17":"pa_pikkus-l-6m","19":"first","20":"instock","21":"taxable","22":"shipping-taxable","23":"purchasable","24":"product-type-variable"},"acf":[],"_links":{"self":[{"href":"https:\/\/wellmax.ee\/fi\/wp-json\/wp\/v2\/product\/5345","targetHints":{"allow":["GET"]}}],"collection":[{"href":"https:\/\/wellmax.ee\/fi\/wp-json\/wp\/v2\/product"}],"about":[{"href":"https:\/\/wellmax.ee\/fi\/wp-json\/wp\/v2\/types\/product"}],"wp:featuredmedia":[{"embeddable":true,"href":"https:\/\/wellmax.ee\/fi\/wp-json\/wp\/v2\/media\/5346"}],"wp:attachment":[{"href":"https:\/\/wellmax.ee\/fi\/wp-json\/wp\/v2\/media?parent=5345"}],"wp:term":[{"taxonomy":"product_brand","embeddable":true,"href":"https:\/\/wellmax.ee\/fi\/wp-json\/wp\/v2\/product_brand?post=5345"},{"taxonomy":"product_cat","embeddable":true,"href":"https:\/\/wellmax.ee\/fi\/wp-json\/wp\/v2\/product_cat?post=5345"},{"taxonomy":"product_tag","embeddable":true,"href":"https:\/\/wellmax.ee\/fi\/wp-json\/wp\/v2\/product_tag?post=5345"}],"curies":[{"name":"wp","href":"https:\/\/api.w.org\/{rel}","templated":true}]}}