{"id":928,"date":"2020-07-29T20:19:50","date_gmt":"2020-07-29T20:19:50","guid":{"rendered":"https:\/\/wp.wellmax.ee\/?page_id=928"},"modified":"2025-09-22T22:11:38","modified_gmt":"2025-09-22T20:11:38","slug":"privaatsuspoliitika","status":"publish","type":"page","link":"https:\/\/wellmax.ee\/fi\/tietosuojakaytanto\/","title":{"rendered":"Tietosuojak\u00e4yt\u00e4nt\u00f6"},"content":{"rendered":"<h2>1. Yleiset m\u00e4\u00e4r\u00e4ykset<\/h2>\n<p>T\u00e4m\u00e4 tietosuojaseloste s\u00e4\u00e4telee henkil\u00f6tietojen ker\u00e4\u00e4misen, k\u00e4sittelyn ja s\u00e4ilytt\u00e4misen periaatteita. Henkil\u00f6tietoja ker\u00e4\u00e4, k\u00e4sittelee ja tallentaa rekisterinpit\u00e4j\u00e4 <strong>Wellmax Baltic Oy<\/strong> (j\u00e4ljemp\u00e4n\u00e4 tietojen k\u00e4sittelij\u00e4).<\/p>\n<p>1.2. Tietosuojaselosteen mukaan rekister\u00f6ity on asiakas tai muu luonnollinen henkil\u00f6, jonka henkil\u00f6tietoja tietosuojaselosteen k\u00e4sittelij\u00e4 k\u00e4sittelee.<\/p>\n<p>1.3. Asiakas on tietosuojaselosteen mukaan jokainen, joka ostaa tavaroita tai palveluita tietojenk\u00e4sittelij\u00e4n verkkosivuilta.<\/p>\n<p>1.4. Tietojen k\u00e4sittelij\u00e4 noudattaa lains\u00e4\u00e4d\u00e4nn\u00f6ss\u00e4 s\u00e4\u00e4dettyj\u00e4 tietojenk\u00e4sittelyn periaatteita, muun muassa k\u00e4sittelee henkil\u00f6tietoja laillisesti, oikeudenmukaisesti ja turvallisesti. Tietojen k\u00e4sittelij\u00e4 voi vahvistaa, ett\u00e4 henkil\u00f6tietoja on k\u00e4sitelty lain s\u00e4\u00e4nn\u00f6sten mukaisesti.<\/p>\n<h2>2. Henkil\u00f6tietojen ker\u00e4\u00e4minen, k\u00e4sittely ja s\u00e4ilytt\u00e4minen<\/h2>\n<p>2.1. Henkil\u00f6tiedot, joita tietojenk\u00e4sittelij\u00e4 ker\u00e4\u00e4, k\u00e4sittelee ja tallentaa, ker\u00e4t\u00e4\u00e4n s\u00e4hk\u00f6isesti, p\u00e4\u00e4asiassa verkkosivuston ja s\u00e4hk\u00f6postin kautta.<\/p>\n<p>2.2. Jakamalla henkil\u00f6tietojaan rekister\u00f6ity antaa henkil\u00f6tietojen k\u00e4sittelij\u00e4lle oikeuden ker\u00e4t\u00e4, j\u00e4rjest\u00e4\u00e4, k\u00e4ytt\u00e4\u00e4 ja hallita henkil\u00f6tietoja tietosuojaselosteessa m\u00e4\u00e4riteltyihin tarkoituksiin, jotka rekister\u00f6ity suoraan tai v\u00e4lillisesti jakaa tietojen k\u00e4sittelij\u00e4lle ostaessaan tavaroita tai palvelut verkkosivuilla.<\/p>\n<p>2.3. Rekister\u00f6idyn vastuulla on varmistaa, ett\u00e4 h\u00e4nen antamansa tiedot ovat tarkkoja, oikeita ja t\u00e4ydellisi\u00e4. Tietoinen v\u00e4\u00e4rien tietojen antaminen katsotaan tietosuojak\u00e4yt\u00e4nn\u00f6n rikkomiseksi. Rekister\u00f6ity on velvollinen v\u00e4litt\u00f6m\u00e4sti ilmoittamaan tietojen k\u00e4sittelij\u00e4lle antamissaan tiedoissa tapahtuvista muutoksista.<\/p>\n<p>2.4. Tietojen k\u00e4sittelij\u00e4 ei vastaa rekister\u00f6idylle tai kolmansille osapuolille aiheutuneista vahingoista, jotka aiheutuvat rekister\u00f6idyn v\u00e4\u00e4rien tietojen antamisesta.<\/p>\n<h2>3. Asiakkaiden henkil\u00f6tietojen k\u00e4sittely<\/h2>\n<p>3.1. Tietojen k\u00e4sittelij\u00e4 voi k\u00e4sitell\u00e4 seuraavia rekister\u00f6idyn henkil\u00f6tietoja:<\/p>\n<p>3.1.1. Etu-ja sukunimi;<\/p>\n<p>3.1.2. Syntym\u00e4aika;<\/p>\n<p>3.1.3. Puhelinnumero;<\/p>\n<p>3.1.4. S\u00e4hk\u00f6postiosoite;<\/p>\n<p>3.1.5. Toimitusosoite;<\/p>\n<p>3.1.6. K\u00e4ytt\u00f6tilin numero;<\/p>\n<p>3.1.7. Maksukortin tiedot;<\/p>\n<p>3.2. Tietojen k\u00e4sittelij\u00e4ll\u00e4 on edell\u00e4 mainitun lis\u00e4ksi oikeus ker\u00e4t\u00e4 asiakkaasta tietoja, jotka ovat saatavilla julkisista rekistereist\u00e4.<\/p>\n<p>3.3. Henkil\u00f6tietojen k\u00e4sittelyn oikeusperusta on henkil\u00f6tietojen suojaa koskevan yleisasetuksen 6 artiklan 1 kohdan a, b, c ja f alakohta:<\/p>\n<p>a) rekister\u00f6ity on antanut suostumuksensa henkil\u00f6tietojensa k\u00e4sittelyyn yht\u00e4 tai useampaa erityist\u00e4 tarkoitusta varten;<\/p>\n<p>b) henkil\u00f6tietojen k\u00e4sittely on tarpeen rekister\u00f6idyn kanssa tehdyn sopimuksen t\u00e4yt\u00e4nt\u00f6\u00f6npanemiseksi tai toimenpiteiden toteuttamiseksi ennen sopimuksen tekemist\u00e4 rekister\u00f6idyn pyynn\u00f6st\u00e4;<\/p>\n<p>c) henkil\u00f6tietojen k\u00e4sittely on v\u00e4ltt\u00e4m\u00e4t\u00f6nt\u00e4 rekisterinpit\u00e4j\u00e4n lakis\u00e4\u00e4teisen velvoitteen t\u00e4ytt\u00e4miseksi;<\/p>\n<p>f) henkil\u00f6tietojen k\u00e4sittely on tarpeen rekisterinpit\u00e4j\u00e4n tai kolmannen osapuolen oikeutetun edun vuoksi, paitsi jos rekister\u00f6idyn edut tai perusoikeudet ja -vapaudet, joiden vuoksi henkil\u00f6tietoja on suojattava , varsinkin jos rekister\u00f6ity on lapsi.<\/p>\n<p>3.4. Henkil\u00f6tietojen k\u00e4sittely k\u00e4sittelyn tarkoituksen mukaisesti:<\/p>\n<p>3.4.1. K\u00e4sittelyn tarkoitus \u2013 turvallisuus ja turvallisuus<br \/>\nHenkil\u00f6tietojen enimm\u00e4iss\u00e4ilytysaika - laissa m\u00e4\u00e4riteltyjen m\u00e4\u00e4r\u00e4aikojen mukaisesti<\/p>\n<p>3.4.2. K\u00e4sittelyn tarkoitus - tilausten k\u00e4sittely<br \/>\nHenkil\u00f6tietojen enimm\u00e4iss\u00e4ilytysaika \u2013 12 kuukautta<\/p>\n<p>3.4.3. K\u00e4sittelyn tarkoitus \u2013 verkkokaupan palveluiden toimivuuden varmistaminen<br \/>\nHenkil\u00f6tietojen enimm\u00e4iss\u00e4ilytysaika \u2013 12 kuukautta<\/p>\n<p>3.4.4. K\u00e4sittelyn tarkoitus - asiakashallinta<br \/>\nHenkil\u00f6tietojen enimm\u00e4iss\u00e4ilytysaika \u2013 12 kuukautta<\/p>\n<p>3.4.5. K\u00e4sittelyn tarkoitus \u2013 taloudellinen toiminta, kirjanpito<br \/>\nHenkil\u00f6tietojen enimm\u00e4iss\u00e4ilytysaika - laissa m\u00e4\u00e4riteltyjen m\u00e4\u00e4r\u00e4aikojen mukaisesti<\/p>\n<p>3.4.6. K\u00e4sittelyn tarkoitus - markkinointi<br \/>\nHenkil\u00f6tietojen enimm\u00e4iss\u00e4ilytysaika \u2013 12 kuukautta<\/p>\n<p>3.5. Tietojen k\u00e4sittelij\u00e4ll\u00e4 on oikeus jakaa asiakkaiden henkil\u00f6tietoja kolmansille osapuolille, kuten valtuutetuille tietojenk\u00e4sittelij\u00f6ille, kirjanpit\u00e4jille, kuljetus- ja kuriiriyrityksille, siirtopalveluita tarjoaville yrityksille.Tietojen k\u00e4sittelij\u00e4 on henkil\u00f6tietojen vastuullinen k\u00e4sittelij\u00e4. Tietojen k\u00e4sittelij\u00e4 v\u00e4litt\u00e4\u00e4 maksujen suorittamiseen tarvittavat henkil\u00f6tiedot valtuutetulle k\u00e4sittelij\u00e4lle Maksekeskus AS.<\/p>\n<p>3.6. Rekister\u00f6ityjen henkil\u00f6tietoja k\u00e4sitelless\u00e4\u00e4n ja tallentaessaan tietojenk\u00e4sittelij\u00e4 toteuttaa organisatorisia ja teknisi\u00e4 toimenpiteit\u00e4, joilla varmistetaan henkil\u00f6tietojen suoja vahingossa tapahtuvalta tai laittomalta tuhoamiselta, muuttamiselta, luovuttamiselta ja muulta laittomalta k\u00e4sittelylt\u00e4.<\/p>\n<p>3.7. Tietojen k\u00e4sittelij\u00e4 s\u00e4ilytt\u00e4\u00e4 rekister\u00f6ityjen tietoja k\u00e4sittelyn tarkoituksesta riippuen, kuitenkin enint\u00e4\u00e4n 1 vuoden.<\/p>\n<h2>4. Rekister\u00f6idyn oikeudet<\/h2>\n<p>4.1. Rekister\u00f6idyll\u00e4 on oikeus tutustua henkil\u00f6tietoihinsa ja tutustua niihin.<\/p>\n<p>4.2. Rekister\u00f6idyll\u00e4 on oikeus saada tietoa henkil\u00f6tietojensa k\u00e4sittelyst\u00e4.<\/p>\n<p>4.3. Rekister\u00f6idyll\u00e4 on oikeus t\u00e4ydent\u00e4\u00e4 tai korjata virheellisi\u00e4 tietoja.<\/p>\n<p>4.4 Jos tietojenk\u00e4sittelij\u00e4 k\u00e4sittelee rekister\u00f6idyn henkil\u00f6tietoja rekister\u00f6idyn suostumuksen perusteella, rekister\u00f6idyll\u00e4 on oikeus peruuttaa suostumus milloin tahansa.<\/p>\n<p>4.5. Oikeuksiensa k\u00e4ytt\u00e4miseksi rekister\u00f6ity voi ottaa yhteytt\u00e4 verkkokaupan asiakastukeen osoitteessa <strong>info@wellmax.ee<\/strong>.<\/p>\n<p>4.6. Rekister\u00f6ity voi tehd\u00e4 valituksen tietosuojaviranomaiselle oikeuksiensa turvaamiseksi.<\/p>\n<h2>5. Loppum\u00e4\u00e4r\u00e4ykset<\/h2>\n<p>5.1. N\u00e4m\u00e4 tietosuojaehdot on laadittu luonnollisten henkil\u00f6iden suojelusta henkil\u00f6tietojen k\u00e4sittelyss\u00e4 ja n\u00e4iden tietojen vapaasta liikkuvuudesta annetun Euroopan parlamentin ja neuvoston asetuksen (EU) N:o 2016\/679 mukaisesti. direktiivin 95\/46 \/ EY \/ EY (yleinen henkil\u00f6tietojen suojaa koskeva asetus), Viron tasavallan henkil\u00f6tietojen suojaa koskevan lains\u00e4\u00e4d\u00e4nn\u00f6n sek\u00e4 Viron tasavallan ja Euroopan unionin lains\u00e4\u00e4d\u00e4nn\u00f6n kumoaminen.<\/p>\n<p>5.2. Tietojen k\u00e4sittelij\u00e4ll\u00e4 on oikeus muuttaa tietosuojaehtoja osittain tai kokonaan ilmoittamalla muutoksista rekister\u00f6idyille verkkosivuilla <a href=\"https:\/\/wellmax.ee\/fi\/\">https:\/\/wellmax.ee<\/a><strong>\u00a0<\/strong>kautta.<\/p>","protected":false},"excerpt":{"rendered":"<p>1. \u00dclds\u00e4tted K\u00e4esolev privaatsuspoliitika reguleerib isikuandmete kogumist, t\u00f6\u00f6tlemist ja s\u00e4ilitamist k\u00e4sitlevaid p\u00f5him\u00f5tteid. Isikuandmeid kogub t\u00f6\u00f6tleb ja s\u00e4ilitab isikuandmete vastutav t\u00f6\u00f6tleja Wellmax Baltic O\u00dc (edaspidi andmet\u00f6\u00f6tleja). 1.2. Andmesubjekt privaatsuspoliitika t\u00e4henduses on klient v\u00f5i muu f\u00fc\u00fcsiline isik, kelle isikuandmeid andmet\u00f6\u00f6tleja t\u00f6\u00f6tleb. 1.3. Klient privaatsuspoliitika t\u00e4henduses on iga\u00fcks, kes ostab andmet\u00f6\u00f6tleja kodulehelt kaupu v\u00f5i teenuseid. 1.4. Andmet\u00f6\u00f6tleja j\u00e4rgib [&hellip;]<\/p>","protected":false},"author":2,"featured_media":0,"parent":0,"menu_order":0,"comment_status":"closed","ping_status":"closed","template":"","meta":{"_acf_changed":false,"footnotes":""},"tags":[],"class_list":["post-928","page","type-page","status-publish","hentry"],"acf":[],"_links":{"self":[{"href":"https:\/\/wellmax.ee\/fi\/wp-json\/wp\/v2\/pages\/928","targetHints":{"allow":["GET"]}}],"collection":[{"href":"https:\/\/wellmax.ee\/fi\/wp-json\/wp\/v2\/pages"}],"about":[{"href":"https:\/\/wellmax.ee\/fi\/wp-json\/wp\/v2\/types\/page"}],"author":[{"embeddable":true,"href":"https:\/\/wellmax.ee\/fi\/wp-json\/wp\/v2\/users\/2"}],"replies":[{"embeddable":true,"href":"https:\/\/wellmax.ee\/fi\/wp-json\/wp\/v2\/comments?post=928"}],"version-history":[{"count":1,"href":"https:\/\/wellmax.ee\/fi\/wp-json\/wp\/v2\/pages\/928\/revisions"}],"predecessor-version":[{"id":6248,"href":"https:\/\/wellmax.ee\/fi\/wp-json\/wp\/v2\/pages\/928\/revisions\/6248"}],"wp:attachment":[{"href":"https:\/\/wellmax.ee\/fi\/wp-json\/wp\/v2\/media?parent=928"}],"wp:term":[{"taxonomy":"post_tag","embeddable":true,"href":"https:\/\/wellmax.ee\/fi\/wp-json\/wp\/v2\/tags?post=928"}],"curies":[{"name":"wp","href":"https:\/\/api.w.org\/{rel}","templated":true}]}}