{"id":4964,"date":"2022-09-01T19:53:16","date_gmt":"2022-09-01T17:53:16","guid":{"rendered":"https:\/\/wellmax.ee\/?page_id=4964"},"modified":"2025-09-22T22:11:16","modified_gmt":"2025-09-22T20:11:16","slug":"muugitingimused-wellmax","status":"publish","type":"page","link":"https:\/\/wellmax.ee\/fi\/muut-ehdot-hyvin-max\/","title":{"rendered":"Myyntiehdot"},"content":{"rendered":"<p>Verkkokaupan Wellmax.ee (j\u00e4ljemp\u00e4n\u00e4 Verkkokauppa) omistaja on Wellmax Baltic O\u00dc (rekisteritunnus 11403020), jonka kotipaikka on Kurtna k\u00fcla, Alutaguse kunta, Ida-Virumaa, 41202, Viron tasavalta.<\/p>\r\n\r\n\r\n\r\n<h2 class=\"wp-block-heading\">Myyntisopimuksen voimassaolo, tuote- ja hintatiedot<\/h2>\r\n\r\n\r\n\r\n<p>Myyntiehdot koskevat tavaroiden ostamista Verkkokaupasta.<\/p>\r\n\r\n\r\n\r\n<p>Verkkokaupassa myyt\u00e4vien tuotteiden hinnat on ilmoitettu tuotteiden vieress\u00e4. Hinta sis\u00e4lt\u00e4\u00e4 tavaran toimitusmaksun. Kaikki verkkokaupassa myyt\u00e4vien tuotteiden hinnat ovat euroissa.<\/p>\r\n\r\n\r\n\r\n<p>Tavaran toimitusmaksu riippuu ostajan sijainnista ja toimitustavasta. Toimituskulut n\u00e4kyv\u00e4t ostajalle tilausta tehdess\u00e4\u00e4n.<\/p>\r\n\r\n\r\n\r\n<p>Tuotteen tiedot l\u00f6ytyv\u00e4t Verkkokaupassa suoraan tuotteen vierest\u00e4.<\/p>\r\n\r\n\r\n\r\n<h2 class=\"wp-block-heading\" id=\"h-tellimuse-vormistamine\">Tilauksen muodostaminen<\/h2>\r\n\r\n\r\n\r\n<p>Tavaran tilaamiseksi sinun tulee lis\u00e4t\u00e4 haluamasi tuotteet ostoskoriin. Suorittaaksesi tilauksen, sinun tulee t\u00e4ytt\u00e4\u00e4 vaaditut tietokent\u00e4t ja valita sopiva tuotteen toimitustapa. T\u00e4m\u00e4n j\u00e4lkeen n\u00e4yt\u00f6ll\u00e4 n\u00e4kyy maksun m\u00e4\u00e4r\u00e4, jonka voi maksaa turvallisesti seuraavilla maksutavoilla:<\/p>\r\n\r\n\r\n\r\n<p>Viron pankkimaksut: Swedbank, SEB, Luminor, LHV, Coop Pank, Pocopay<\/p>\r\n\r\n\r\n\r\n<p>Virolaiset maksa my\u00f6hemmin -ratkaisut: Indivy, Indivy 3, Liisi ID, Kniksin lahjakortti<\/p>\r\n\r\n\r\n\r\n<p>Suomen pankkilinkit: Aktia, \u00c5landsbanken, Danske, Handelsbanken, Nordea, Oma S\u00e4\u00e4stopankki, Pohjola, POP Pankki, S-Pankki, S\u00e4\u00e4stopankki<\/p>\r\n\r\n\r\n\r\n<p>HUOM! Pankkilinkill\u00e4 maksaessasi muista painaa &quot;Takaisin kauppiaalle&quot; -painiketta pankin sivulla.<\/p>\r\n\r\n\r\n\r\n<p>Maksut v\u00e4litt\u00e4\u00e4 Maksekeskus AS. Maksaminen tapahtuu Verkkokaupan ulkopuolella suojatussa ymp\u00e4rist\u00f6ss\u00e4 - pankkilinkill\u00e4 maksettaessa, kunkin pankin suojatussa ymp\u00e4rist\u00f6ss\u00e4 ja luottokortilla maksettaessa Maksekeskus AS:n suojatussa ymp\u00e4rist\u00f6ss\u00e4. Myyj\u00e4ll\u00e4 ei ole p\u00e4\u00e4sy\u00e4 asiakkaan pankki- ja luottokorttitietoihin. Sopimus tulee voimaan, kun maksettava summa on saapunut Verkkokaupan k\u00e4ytt\u00f6tilille.<\/p>\r\n\r\n\r\n\r\n<p>Verkkokaupan omistaja on henkil\u00f6tietojen vastuullinen k\u00e4sittelij\u00e4 ja v\u00e4litt\u00e4\u00e4 maksujen suorittamiseen tarvittavat henkil\u00f6tiedot valtuutetulle k\u00e4sittelij\u00e4lle Maksekeskus AS:lle.<\/p>\r\n\r\n\r\n\r\n<p>Mik\u00e4li tilattua tavaraa ei voida toimittaa tavaran loppumisen vuoksi tai jostain muusta syyst\u00e4, siit\u00e4 ilmoitetaan ostajalle mahdollisimman pian ja maksetut rahat (mukaan lukien tavaran toimituskulut) palautetaan viipym\u00e4tt\u00e4, mutta viimeist\u00e4\u00e4n 14 p\u00e4iv\u00e4n kuluessa ilmoituksen l\u00e4hett\u00e4misest\u00e4.<\/p>\r\n\r\n\r\n\r\n<h2 class=\"wp-block-heading\">Toimitus<\/h2>\r\n\r\n\r\n\r\n<p>Tavarat l\u00e4hetet\u00e4\u00e4n seuraaviin maihin: Viro, Suomi<\/p>\r\n\r\n\r\n\r\n<p>Tavaran noutoon ostajalla on seuraavat vaihtoehdot: Viaexpress\/Greencarrier logistiikkatoimitus tai mahdollisuus noutaa tavara itse.<\/p>\r\n\r\n\r\n\r\n<p>Tavaran toimituskulut maksaa ostaja ja vastaavat hintatiedot n\u00e4kyv\u00e4t toimitustavan vieress\u00e4.<\/p>\r\n\r\n\r\n\r\n<p>Tavarat toimitetaan puoliper\u00e4vaunulla, jonka kokonaispituus on 17 m ja ilman nostomekanismia. Toimituksen edellytyksen\u00e4 on, ett\u00e4 kohteeseen\/kohteeseen\/tonttiin p\u00e4\u00e4see puoliper\u00e4vaunulla. Jos tontille ei p\u00e4\u00e4se puoliper\u00e4vaunulla, tulee erikseen keskustella vaihtoehtoisista vaihtoehdoista, jotka ovat mahdollisia lis\u00e4maksusta (esim. HIAB-kuljetus).<\/p>\r\n\r\n\r\n\r\n<p>Viron sis\u00e4iset l\u00e4hetykset saapuvat p\u00e4\u00e4s\u00e4\u00e4nt\u00f6isesti ostajan ilmoittamaan m\u00e4\u00e4r\u00e4np\u00e4\u00e4h\u00e4n 7 ty\u00f6p\u00e4iv\u00e4n kuluessa myyntisopimuksen voimaantulosta. Toimitus Viron ulkopuolelle tapahtuu 10 kalenterip\u00e4iv\u00e4n sis\u00e4ll\u00e4.<\/p>\r\n\r\n\r\n\r\n<p>Poikkeustapauksissa sinulla on oikeus toimittaa tavarat 45 kalenterip\u00e4iv\u00e4n kuluessa.<\/p>\r\n\r\n\r\n\r\n<h2 class=\"wp-block-heading\">Peruuttamisoikeus<\/h2>\r\n\r\n\r\n\r\n<p>Tilauksen vastaanottamisen j\u00e4lkeen ostajalla on oikeus perua verkkokaupassa solmittu sopimus 14 p\u00e4iv\u00e4n kuluessa.<\/p>\r\n\r\n\r\n\r\n<p>HUOM! Ostajalla ei tuotteista riippuen voi olla peruuttamisoikeutta, jolloin vastaavat tuotteet ja palvelut on listattava ja niiden on t\u00e4ytett\u00e4v\u00e4 velkaoikeuslain 53 \u00a7:n 4 momentissa luetellut ehdot.<\/p>\r\n\r\n\r\n\r\n<p>Peruuttamisoikeus ei koske, jos ostaja on oikeushenkil\u00f6.<\/p>\r\n\r\n\r\n\r\n<p>14 p\u00e4iv\u00e4n palautusoikeuden k\u00e4ytt\u00e4miseksi tilattua tavaraa ei saa k\u00e4ytt\u00e4\u00e4 muulla tavalla kuin on tarpeen tavaran luonteen, ominaisuuksien ja toimivuuden varmistamiseksi tavalla, joka on mahdollista tavaroiden testaamiseksi fyysinen kauppa.<\/p>\r\n\r\n\r\n\r\n<p>Jos tavaraa on k\u00e4ytetty muuhun tarkoitukseen kuin on tarpeen tavaran luonteen, ominaisuuksien ja toiminnan tarkastamiseksi tai jos niiss\u00e4 on k\u00e4yt\u00f6n tai kulumisen merkkej\u00e4, Verkkokaupalla on oikeus alentaa palautusmaksua tavaran arvon aleneminen Tavarat tulee palauttaa alkuper\u00e4isess\u00e4 muodossaan - t\u00e4m\u00e4 tarkoittaa, ett\u00e4 tavaraa ei saa k\u00e4sitell\u00e4, leikata, asentaa jne. tehd\u00e4 tavaran kanssa.<\/p>\r\n\r\n\r\n\r\n<p>Tavaran palauttamiseksi sinun tulee toimittaa peruuttamisilmoitus tuotteen ostosta, jonka lomake l\u00f6ytyy t\u00e4\u00e4lt\u00e4:\u00a0 <a href=\"https:\/\/wellmax.ee\/wp-content\/uploads\/2020\/08\/Kauba-tagastuse-taotlus.docx\">https:\/\/wellmax.ee\/wp-content\/uploads\/2020\/08\/Kauba-tagastuse-taotlus.docx<\/a> , ja l\u00e4het\u00e4 se s\u00e4hk\u00f6postiosoitteeseen <a href=\"mailto:info@wellmax.ee\">info@wellmax.ee<\/a>\u00a0 viimeist\u00e4\u00e4n 14 p\u00e4iv\u00e4n kuluessa tavaran vastaanottamisesta.<\/p>\r\n\r\n\r\n\r\n<p>Tavaran palautuskulut maksaa ostaja, ellei palautuksen syyn\u00e4 ole se, ett\u00e4 palautettava tuote ei vastaa tilattua (esim. v\u00e4\u00e4r\u00e4 tai viallinen tuote).<\/p>\r\n\r\n\r\n\r\n<p>Ostajan on palautettava tavara 14 p\u00e4iv\u00e4n kuluessa hakemuksen j\u00e4tt\u00e4misest\u00e4 tai todistettava, ett\u00e4 h\u00e4n on luovuttanut tavaran tavaran kuljettajalle edell\u00e4 mainitun ajan kuluessa.<\/p>\r\n\r\n\r\n\r\n<p>Palautetun tavaran saatuaan verkkokauppa palauttaa ostajalle v\u00e4litt\u00f6m\u00e4sti, mutta viimeist\u00e4\u00e4n 14 p\u00e4iv\u00e4n kuluessa peruuttamisilmoituksen vastaanottamisesta, kaikki ostajalta sopimuksen mukaiset maksut.<\/p>\r\n\r\n\r\n\r\n<p>Verkkokauppa voi kielt\u00e4yty\u00e4 hyvitt\u00e4m\u00e4st\u00e4, kunnes se on vastaanottanut sopimuksen kohteena olevan tuotteen tai kunnes ostaja on esitt\u00e4nyt todisteita palauttaneensa tuotteen sen mukaan, kumpi tapahtuu ensin.<\/p>\r\n\r\n\r\n\r\n<p>Mik\u00e4li ostaja on nimenomaisesti valinnut muun toimitustavan kuin Verkkokaupan tarjoaman halvimman tavanomaisen toimitustavan, Verkkokaupan ei tarvitse palauttaa kuluttajalle tavanomaiseen toimitustapaan liittyv\u00e4\u00e4 hintaa ylitt\u00e4v\u00e4\u00e4 hintaa.<\/p>\r\n\r\n\r\n\r\n<p>Verkkokaupalla on oikeus vet\u00e4yty\u00e4 myynnist\u00e4 ja vaatia ostajalta tavaran palautus, jos tuotteen hinta verkkokaupassa on virheen vuoksi merkitty huomattavasti alle tavaran markkinahinnan.<\/p>\r\n\r\n\r\n\r\n<h2 class=\"wp-block-heading\">Oikeus tehd\u00e4 valitus<\/h2>\r\n\r\n\r\n\r\n<p>Verkkokauppa vastaa ostajalle myytyjen tuotteiden sopimusehtojen vastaisuudesta tai virheest\u00e4, joka oli olemassa jo tavaran luovutushetkell\u00e4 ja joka ilmenee kahden vuoden kuluessa tavaran luovuttamisesta ostaja. Ensimm\u00e4isen kuuden kuukauden kuluessa tavaran toimittamisesta ostajalle oletetaan, ett\u00e4 virhe oli olemassa jo tavaran toimitushetkell\u00e4. Verkkokaupan vastuulla on kumota vastaava olettamus.<\/p>\r\n\r\n\r\n\r\n<p>Ostajalla on oikeus ottaa virheen ilmetess\u00e4 yhteytt\u00e4 verkkokauppaan viimeist\u00e4\u00e4n kahden kuukauden kuluessa l\u00e4hett\u00e4m\u00e4ll\u00e4 s\u00e4hk\u00f6postia osoitteeseen info@wellmax.ee tai soittamalla numeroon +372 5699 0075.<\/p>\r\n\r\n\r\n\r\n<p>Verkkokauppa ei vastaa virheist\u00e4, jotka ovat ilmenneet sen j\u00e4lkeen, kun tavara on luovutettu ostajalle.<\/p>\r\n\r\n\r\n\r\n<p>Mik\u00e4li Verkkokaupasta ostetuissa tuotteissa on virheit\u00e4, joista Verkkokauppa vastaa, Verkkokauppa korjaa tai vaihtaa viallisen tuotteen. Mik\u00e4li tuotetta ei ole mahdollista korjata tai vaihtaa, verkkokauppa palauttaa ostajalle kaikki kauppasopimukseen liittyv\u00e4t maksut.<\/p>\r\n\r\n\r\n\r\n<p>Verkkokauppa vastaa kuluttajan valitukseen kirjallisesti tai kirjallisen j\u00e4ljent\u00e4misen mahdollistavassa muodossa 15 p\u00e4iv\u00e4n kuluessa.<\/p>\r\n\r\n\r\n\r\n<h2 class=\"wp-block-heading\">Suoramarkkinointi ja henkil\u00f6tietojen k\u00e4sittely<\/h2>\r\n\r\n\r\n\r\n<p>Verkkokauppa k\u00e4ytt\u00e4\u00e4 ostajan antamia henkil\u00f6tietoja vain tilauksen k\u00e4sittelyyn ja tavaran l\u00e4hett\u00e4miseen ostajalle. Verkkokauppa v\u00e4litt\u00e4\u00e4 henkil\u00f6tietoja kuljetuspalveluita tarjoaville yrityksille tavaroiden toimittamista varten.<\/p>\r\n\r\n\r\n\r\n<p>Verkkokauppa l\u00e4hett\u00e4\u00e4 ostajalle uutiskirjeit\u00e4 ja tarjouksia ostajan s\u00e4hk\u00f6postiosoitteeseen vain, jos ostaja on ilmoittanut niin halutessaan sy\u00f6tt\u00e4m\u00e4ll\u00e4 s\u00e4hk\u00f6postiosoitteen verkkosivuille ja ilmoittanut haluavansa vastaanottaa suoramainoksia.<\/p>\r\n\r\n\r\n\r\n<p>Ostaja voi milloin tahansa kielt\u00e4yty\u00e4 s\u00e4hk\u00f6postiin l\u00e4hetett\u00e4vist\u00e4 tarjouksista ja uutiskirjeist\u00e4 ilmoittamalla siit\u00e4 meille s\u00e4hk\u00f6postitse tai noudattamalla tarjoukset sis\u00e4lt\u00e4v\u00e4n s\u00e4hk\u00f6postin ohjeita.<\/p>\r\n\r\n\r\n\r\n<h2 class=\"wp-block-heading\">Argumenttien ratkaiseminen<\/h2>\r\n\r\n\r\n\r\n<p>Mik\u00e4li ostajalla on verkkokaupasta valituksia, ne tulee l\u00e4hett\u00e4\u00e4 s\u00e4hk\u00f6postitse osoitteeseen info@wellmax.ee tai soittamalla numeroon +372 5699 0075.<\/p>\r\n\r\n\r\n\r\n<p>Jos ostaja ja Verkkokauppa eiv\u00e4t pysty ratkaisemaan erimielisyytt\u00e4 sopimuksella, ostaja voi valittaa kuluttajariitalautakunnalle. Voit tutustua menettelyehtoihin ja j\u00e4tt\u00e4\u00e4 hakemuksen t\u00e4\u00e4ll\u00e4 <a href=\"https:\/\/ttja.ee\/tarbijavaidluste-komisjon\">https:\/\/ttja.ee\/tarbijavaidluste-komisjon<\/a> . Kuluttajariitalautakunnan toimivaltaan kuuluu ostajan ja Verkkokaupan v\u00e4lisest\u00e4 sopimuksesta aiheutuvien riitojen ratkaiseminen. Ostajan valituksen k\u00e4sittely komissiossa on maksuton.<\/p>\r\n\r\n\r\n\r\n<p><em>Ostaja voi k\u00e4\u00e4nty\u00e4 Euroopan unionin kuluttajariitojen ratkaisufoorumin puoleen.<\/em><\/p>","protected":false},"excerpt":{"rendered":"<p>Wellmax.ee-verkkokaupan (j\u00e4ljemp\u00e4n\u00e4 Verkkokauppa) omistaja on Wellmax Baltic O\u00dc (rekisteritunnus 11403020), joka sijaitsee Kurtnan kyl\u00e4ss\u00e4, Alutagusen seurakunnassa, Ida-Virumaalla, 41202, Viron tasavalta. Kauppasopimuksen voimassaolo, tavarat ja hintatiedot Verkkokaupasta ostettuihin tavaroihin sovelletaan n\u00e4it\u00e4 myyntiehtoja. Verkkokaupassa myyt\u00e4vien tuotteiden hinnat on ilmoitettu tuotteiden yhteydess\u00e4. Hintaan lis\u00e4t\u00e4\u00e4n toimitusmaksu. Kaikki verkkokaupassa myyt\u00e4vien tavaroiden hinnat ovat eurom\u00e4\u00e4r\u00e4isi\u00e4. Toimitusmaksu riippuu [...]<\/p>","protected":false},"author":2,"featured_media":0,"parent":0,"menu_order":0,"comment_status":"closed","ping_status":"closed","template":"","meta":{"_acf_changed":false,"footnotes":""},"tags":[],"class_list":["post-4964","page","type-page","status-publish","hentry"],"acf":[],"_links":{"self":[{"href":"https:\/\/wellmax.ee\/fi\/wp-json\/wp\/v2\/pages\/4964","targetHints":{"allow":["GET"]}}],"collection":[{"href":"https:\/\/wellmax.ee\/fi\/wp-json\/wp\/v2\/pages"}],"about":[{"href":"https:\/\/wellmax.ee\/fi\/wp-json\/wp\/v2\/types\/page"}],"author":[{"embeddable":true,"href":"https:\/\/wellmax.ee\/fi\/wp-json\/wp\/v2\/users\/2"}],"replies":[{"embeddable":true,"href":"https:\/\/wellmax.ee\/fi\/wp-json\/wp\/v2\/comments?post=4964"}],"version-history":[{"count":1,"href":"https:\/\/wellmax.ee\/fi\/wp-json\/wp\/v2\/pages\/4964\/revisions"}],"predecessor-version":[{"id":6245,"href":"https:\/\/wellmax.ee\/fi\/wp-json\/wp\/v2\/pages\/4964\/revisions\/6245"}],"wp:attachment":[{"href":"https:\/\/wellmax.ee\/fi\/wp-json\/wp\/v2\/media?parent=4964"}],"wp:term":[{"taxonomy":"post_tag","embeddable":true,"href":"https:\/\/wellmax.ee\/fi\/wp-json\/wp\/v2\/tags?post=4964"}],"curies":[{"name":"wp","href":"https:\/\/api.w.org\/{rel}","templated":true}]}}