{"id":5924,"date":"2024-02-13T09:48:43","date_gmt":"2024-02-13T07:48:43","guid":{"rendered":"https:\/\/wellmax.ee\/?post_type=product&#038;p=5924"},"modified":"2025-09-23T12:06:04","modified_gmt":"2025-09-23T10:06:04","slug":"termohaab","status":"publish","type":"product","link":"https:\/\/wellmax.ee\/de\/tooted\/thermische-espe\/","title":{"rendered":"Thermo-Espe"},"content":{"rendered":"<p><strong>Warum sollten Sie sich f\u00fcr eine Unterlageplatte aus w\u00e4rmebehandelter Wunde entscheiden?<\/strong><\/p>\n<ul>\n<li style=\"list-style-type: none;\">\n<ul>\n<li>100% nat\u00fcrliche Behandlung - das Verfahren verwendet nur hohe Temperaturen und Dampf<\/li>\n<li>Das Holz wird im gesamten Querschnitt vollst\u00e4ndig behandelt, nicht nur oberfl\u00e4chennah, wie es bei chemisch impr\u00e4gniertem Holz der Fall ist.<\/li>\n<li>Ohne Harz<\/li>\n<li>F\u00fcr jedes Klima geeignet<\/li>\n<li>Die Formstabilit\u00e4t und Langlebigkeit des Holzes steigt<\/li>\n<li>Verringerte Wasseraufnahme<\/li>\n<li>Weniger Verformungen und Spannungen durch Feuchtigkeits\u00e4nderungen<\/li>\n<\/ul>\n<\/li>\n<\/ul>\n<p><strong>Bei Projektverk\u00e4ufen sind die Preise verhandelbar.<\/strong> <strong>M\u00f6glichkeit, andere Querschnitte und L\u00e4ngen zu bestellen.<\/strong><\/p>","protected":false},"excerpt":{"rendered":"<p>Das Verkleidungsbrett aus w\u00e4rmebehandelter skandinavischer Espe ist ein sehr sch\u00f6nes und praktisches Produkt.<\/p>\n<p>&nbsp;<\/p>","protected":false},"featured_media":5948,"template":"","meta":{"_acf_changed":false},"product_brand":[],"product_cat":[48,707],"product_tag":[705],"class_list":{"0":"post-5924","1":"product","2":"type-product","3":"status-publish","4":"has-post-thumbnail","6":"product_cat-tooted","7":"product_cat-termotoodeldud-puit","8":"product_tag-est","9":"pa_laius-w-92mm","10":"pa_laius-w-127mm","11":"pa_paksus-t-15mm","12":"pa_paksus-t-27mm","13":"pa_pikkus-l-2-7m","14":"pa_pikkus-l-3m","16":"first","17":"instock","18":"taxable","19":"shipping-taxable","20":"purchasable","21":"product-type-variable"},"acf":[],"_links":{"self":[{"href":"https:\/\/wellmax.ee\/de\/wp-json\/wp\/v2\/product\/5924","targetHints":{"allow":["GET"]}}],"collection":[{"href":"https:\/\/wellmax.ee\/de\/wp-json\/wp\/v2\/product"}],"about":[{"href":"https:\/\/wellmax.ee\/de\/wp-json\/wp\/v2\/types\/product"}],"wp:featuredmedia":[{"embeddable":true,"href":"https:\/\/wellmax.ee\/de\/wp-json\/wp\/v2\/media\/5948"}],"wp:attachment":[{"href":"https:\/\/wellmax.ee\/de\/wp-json\/wp\/v2\/media?parent=5924"}],"wp:term":[{"taxonomy":"product_brand","embeddable":true,"href":"https:\/\/wellmax.ee\/de\/wp-json\/wp\/v2\/product_brand?post=5924"},{"taxonomy":"product_cat","embeddable":true,"href":"https:\/\/wellmax.ee\/de\/wp-json\/wp\/v2\/product_cat?post=5924"},{"taxonomy":"product_tag","embeddable":true,"href":"https:\/\/wellmax.ee\/de\/wp-json\/wp\/v2\/product_tag?post=5924"}],"curies":[{"name":"wp","href":"https:\/\/api.w.org\/{rel}","templated":true}]}}