{"id":5684,"date":"2023-03-11T12:55:38","date_gmt":"2023-03-11T10:55:38","guid":{"rendered":"https:\/\/wellmax.ee\/?post_type=product&#038;p=5684"},"modified":"2025-09-23T12:36:57","modified_gmt":"2025-09-23T10:36:57","slug":"termotoodeldud-kuuse-voodrilaud","status":"publish","type":"product","link":"https:\/\/wellmax.ee\/de\/tooted\/thermoproduzierte-fichtenholzplatte\/","title":{"rendered":"Futterbrett aus w\u00e4rmebehandelter Fichte"},"content":{"rendered":"<p><strong>Warum eine Platte aus w\u00e4rmebehandelter Fichte w\u00e4hlen?<\/strong><\/p>\n<ul>\n<li style=\"list-style-type: none;\">\n<ul>\n<li>100% nat\u00fcrliche Behandlung - das Verfahren verwendet nur hohe Temperaturen und Dampf<\/li>\n<li>Das Holz wird im gesamten Querschnitt vollst\u00e4ndig behandelt, nicht nur oberfl\u00e4chennah, wie es bei chemisch impr\u00e4gniertem Holz der Fall ist.<\/li>\n<li>Ohne Harz<\/li>\n<li>F\u00fcr jedes Klima geeignet<\/li>\n<li>Die Formstabilit\u00e4t und Langlebigkeit des Holzes steigt<\/li>\n<li>Verringerte Wasseraufnahme<\/li>\n<li>Weniger Verformungen und Spannungen durch Feuchtigkeits\u00e4nderungen<\/li>\n<\/ul>\n<\/li>\n<\/ul>\n<p><strong>Bei Projektverk\u00e4ufen sind die Preise verhandelbar.<\/strong> <strong>M\u00f6glichkeit, andere Querschnitte und L\u00e4ngen zu bestellen.<\/strong><\/p>","protected":false},"excerpt":{"rendered":"<p>Die Verkleidungsplatte aus w\u00e4rmebehandelter skandinavischer Fichte ist ein sehr sch\u00f6nes und praktisches Produkt.<\/p>","protected":false},"featured_media":5768,"template":"","meta":{"_acf_changed":false},"product_brand":[],"product_cat":[48,700,707,709],"product_tag":[705],"class_list":{"0":"post-5684","1":"product","2":"type-product","3":"status-publish","4":"has-post-thumbnail","6":"product_cat-tooted","7":"product_cat-paring","8":"product_cat-termotoodeldud-puit","9":"product_cat-voodrilauad","10":"product_tag-est","11":"pa_laius-w-118mm","12":"pa_laius-w-142mm","13":"pa_paksus-t-18mm","14":"pa_paksus-t-20mm","15":"pa_pikkus-l-3m","16":"pa_pikkus-l-3-3m","17":"pa_pikkus-l-3-6m","18":"pa_pikkus-l-3-9m","19":"pa_pikkus-l-4-2m","20":"pa_pikkus-l-4-5m","21":"pa_pikkus-l-4-8m","23":"first","24":"instock","25":"taxable","26":"shipping-taxable","27":"purchasable","28":"product-type-variable"},"acf":[],"_links":{"self":[{"href":"https:\/\/wellmax.ee\/de\/wp-json\/wp\/v2\/product\/5684","targetHints":{"allow":["GET"]}}],"collection":[{"href":"https:\/\/wellmax.ee\/de\/wp-json\/wp\/v2\/product"}],"about":[{"href":"https:\/\/wellmax.ee\/de\/wp-json\/wp\/v2\/types\/product"}],"wp:featuredmedia":[{"embeddable":true,"href":"https:\/\/wellmax.ee\/de\/wp-json\/wp\/v2\/media\/5768"}],"wp:attachment":[{"href":"https:\/\/wellmax.ee\/de\/wp-json\/wp\/v2\/media?parent=5684"}],"wp:term":[{"taxonomy":"product_brand","embeddable":true,"href":"https:\/\/wellmax.ee\/de\/wp-json\/wp\/v2\/product_brand?post=5684"},{"taxonomy":"product_cat","embeddable":true,"href":"https:\/\/wellmax.ee\/de\/wp-json\/wp\/v2\/product_cat?post=5684"},{"taxonomy":"product_tag","embeddable":true,"href":"https:\/\/wellmax.ee\/de\/wp-json\/wp\/v2\/product_tag?post=5684"}],"curies":[{"name":"wp","href":"https:\/\/api.w.org\/{rel}","templated":true}]}}