{"id":5582,"date":"2022-07-28T05:25:15","date_gmt":"2022-07-28T03:25:15","guid":{"rendered":"https:\/\/wellmax.digitalmango.uk\/tooted\/kuuse-voodrilaud\/"},"modified":"2025-09-23T12:37:12","modified_gmt":"2025-09-23T10:37:12","slug":"naturaalne-kuuse-voodrilaud","status":"publish","type":"product","link":"https:\/\/wellmax.ee\/de\/tooted\/natur-fichte-sperrholz\/","title":{"rendered":"Futter aus nat\u00fcrlicher Fichte"},"content":{"rendered":"<p>...<\/p>","protected":false},"excerpt":{"rendered":"<p><span style=\"font-weight: 400;\">Fichtenholz ist aufgrund seiner geringen Feuchtigkeitsaufnahme f\u00fcr den Au\u00dfenbereich geeignet. F\u00fcr eine langfristige Nutzung m\u00fcssen die Tische mit Holzschutzmitteln behandelt werden und den direkten Kontakt mit den Einfl\u00fcssen der \u00e4u\u00dferen Umgebung vermeiden.<\/span><span style=\"font-weight: 400;\"> Skandinavische Fichte ist aufgrund ihres Harzgehalts ein recht langlebiges und gut zu verarbeitendes Material. Fichtenholz hat einen sch\u00f6nen hellen Farbton und ist ein leichtes Material.<br \/>\n<\/span>Sie k\u00f6nnen weitere Informationen erhalten, indem Sie uns schreiben: info@wellmax.ee<\/p>\n<p>&nbsp;<\/p>\n<p>&nbsp;<\/p>","protected":false},"featured_media":5583,"template":"","meta":{"_acf_changed":false},"product_brand":[],"product_cat":[48,700,709],"product_tag":[705],"class_list":{"0":"post-5582","1":"product","2":"type-product","3":"status-publish","4":"has-post-thumbnail","6":"product_cat-tooted","7":"product_cat-paring","8":"product_cat-voodrilauad","9":"product_tag-est","11":"first","12":"instock","13":"taxable","14":"shipping-taxable","15":"purchasable","16":"product-type-simple"},"acf":[],"_links":{"self":[{"href":"https:\/\/wellmax.ee\/de\/wp-json\/wp\/v2\/product\/5582","targetHints":{"allow":["GET"]}}],"collection":[{"href":"https:\/\/wellmax.ee\/de\/wp-json\/wp\/v2\/product"}],"about":[{"href":"https:\/\/wellmax.ee\/de\/wp-json\/wp\/v2\/types\/product"}],"wp:featuredmedia":[{"embeddable":true,"href":"https:\/\/wellmax.ee\/de\/wp-json\/wp\/v2\/media\/5583"}],"wp:attachment":[{"href":"https:\/\/wellmax.ee\/de\/wp-json\/wp\/v2\/media?parent=5582"}],"wp:term":[{"taxonomy":"product_brand","embeddable":true,"href":"https:\/\/wellmax.ee\/de\/wp-json\/wp\/v2\/product_brand?post=5582"},{"taxonomy":"product_cat","embeddable":true,"href":"https:\/\/wellmax.ee\/de\/wp-json\/wp\/v2\/product_cat?post=5582"},{"taxonomy":"product_tag","embeddable":true,"href":"https:\/\/wellmax.ee\/de\/wp-json\/wp\/v2\/product_tag?post=5582"}],"curies":[{"name":"wp","href":"https:\/\/api.w.org\/{rel}","templated":true}]}}