{"id":5569,"date":"2021-10-04T23:19:38","date_gmt":"2021-10-04T21:19:38","guid":{"rendered":"https:\/\/wellmax.digitalmango.uk\/tooted\/termotoodeldud-kuusk\/"},"modified":"2025-09-23T12:55:27","modified_gmt":"2025-09-23T10:55:27","slug":"termotoodeldud-kuusk","status":"publish","type":"product","link":"https:\/\/wellmax.ee\/de\/tooted\/thermisch-erzeugte-fichte\/","title":{"rendered":"Terrassentisch aus thermobehandelter Fichte"},"content":{"rendered":"<ul>\n<li>100% nat\u00fcrliche Behandlung - das Verfahren verwendet nur hohe Temperaturen und Dampf<\/li>\n<li>Das Holz wird im gesamten Querschnitt vollst\u00e4ndig behandelt, nicht nur oberfl\u00e4chennah, wie es bei chemisch impr\u00e4gniertem Holz der Fall ist.<\/li>\n<li>Ohne Harz -F\u00fcr jedes Klima geeignet -Erh\u00f6ht die Formstabilit\u00e4t des Holzes und die Dauerhaftigkeit des Holzes<\/li>\n<li>Verringerte Wasseraufnahme<\/li>\n<li>Weniger Verformungen und Spannungen durch Feuchtigkeits\u00e4nderungen<\/li>\n<li>Umweltfreundlich und vollst\u00e4ndig recycelbar<\/li>\n<li>Leichteres Material<\/li>\n<\/ul>","protected":false},"excerpt":{"rendered":"<p>Durch die W\u00e4rmebehandlung wird die Fichte deutlich stabiler, vor allem aber langlebiger, ohne den Einsatz von Bearbeitungswerkzeugen. Optisch erh\u00e4lt w\u00e4rmebehandelte Fichte einen warmen Br\u00e4unungston.<\/p>","protected":false},"featured_media":5570,"template":"","meta":{"_acf_changed":false},"product_brand":[],"product_cat":[48,707,710],"product_tag":[705],"class_list":{"0":"post-5569","1":"product","2":"type-product","3":"status-publish","4":"has-post-thumbnail","6":"product_cat-tooted","7":"product_cat-termotoodeldud-puit","8":"product_cat-terrassilauad","9":"product_tag-est","10":"pa_laius-w-118mm","11":"pa_laius-w-142mm","12":"pa_paksus-t-27mm","13":"pa_pikkus-l-4m","14":"pa_pikkus-l-4-8m","15":"pa_pikkus-l-5-1m","16":"pa_pikkus-l-54m","17":"pa_pikkus-l-57m","18":"pa_pikkus-l-6m","20":"first","21":"instock","22":"taxable","23":"shipping-taxable","24":"purchasable","25":"product-type-variable"},"acf":[],"_links":{"self":[{"href":"https:\/\/wellmax.ee\/de\/wp-json\/wp\/v2\/product\/5569","targetHints":{"allow":["GET"]}}],"collection":[{"href":"https:\/\/wellmax.ee\/de\/wp-json\/wp\/v2\/product"}],"about":[{"href":"https:\/\/wellmax.ee\/de\/wp-json\/wp\/v2\/types\/product"}],"wp:featuredmedia":[{"embeddable":true,"href":"https:\/\/wellmax.ee\/de\/wp-json\/wp\/v2\/media\/5570"}],"wp:attachment":[{"href":"https:\/\/wellmax.ee\/de\/wp-json\/wp\/v2\/media?parent=5569"}],"wp:term":[{"taxonomy":"product_brand","embeddable":true,"href":"https:\/\/wellmax.ee\/de\/wp-json\/wp\/v2\/product_brand?post=5569"},{"taxonomy":"product_cat","embeddable":true,"href":"https:\/\/wellmax.ee\/de\/wp-json\/wp\/v2\/product_cat?post=5569"},{"taxonomy":"product_tag","embeddable":true,"href":"https:\/\/wellmax.ee\/de\/wp-json\/wp\/v2\/product_tag?post=5569"}],"curies":[{"name":"wp","href":"https:\/\/api.w.org\/{rel}","templated":true}]}}