{"id":5471,"date":"2021-10-04T22:22:00","date_gmt":"2021-10-04T20:22:00","guid":{"rendered":"https:\/\/wellmax.digitalmango.uk\/tooted\/katuselaud\/"},"modified":"2025-09-29T22:19:48","modified_gmt":"2025-09-29T20:19:48","slug":"katuselaud","status":"publish","type":"product","link":"https:\/\/wellmax.ee\/de\/tooted\/dachbrett\/","title":{"rendered":"Dachbrett"},"content":{"rendered":"<p><strong>Warum eine Dachplatte aus sibirischer L\u00e4rche w\u00e4hlen?<\/strong><\/p>\n<ul>\n<li>Von Natur aus langlebig \u2013 keine chemische Behandlung erforderlich<\/li>\n<li>Dichte und gleichm\u00e4\u00dfige Struktur - geh\u00f6rt zu den Hartholzarten<\/li>\n<li>Hohe Produktionsstandards - hochwertige Verarbeitung garantiert<\/li>\n<li>Umweltfreundlich \u2013 kann in Projekten verwendet werden, in denen chemisch behandelte Materialien nicht erlaubt sind<\/li>\n<li>Sch\u00f6nes Aussehen - sieht \u00e4sthetisch aus<\/li>\n<li>Sie sparen Zeit und Geld \u2013 die Lebensdauer ist lang<\/li>\n<\/ul>\n<p>Dachholz wird im Allgemeinen in zwei Klassen eingeteilt: AB und C. AB ist gesund und frei von M\u00e4ngeln, C wird haupts\u00e4chlich auf M\u00e4ngel und herabgefallene \u00c4ste hin gehobelt. <strong>F\u00fcr Projektverk\u00e4ufe, Preise nach Vereinbarung. Es besteht die M\u00f6glichkeit, andere Querschnitte und L\u00e4ngen zu bestellen.<\/strong><\/p>","protected":false},"excerpt":{"rendered":"<p>Nat\u00fcrliche und langlebige Dachbretter aus sibirischer L\u00e4rche.<\/p>\n<p>&nbsp;<\/p>\n<p>&nbsp;<\/p>","protected":false},"featured_media":5472,"template":"","meta":{"_acf_changed":false},"product_brand":[],"product_cat":[48],"product_tag":[705],"class_list":{"0":"post-5471","1":"product","2":"type-product","3":"status-publish","4":"has-post-thumbnail","6":"product_cat-tooted","7":"product_tag-est","8":"pa_laius-w-120mm","9":"pa_laius-w-145mm","10":"pa_paksus-t-21mm","11":"pa_pikkus-l-3m","12":"pa_pikkus-l-4m","13":"pa_pikkus-l-6m","15":"first","16":"instock","17":"taxable","18":"shipping-taxable","19":"purchasable","20":"product-type-variable"},"acf":[],"_links":{"self":[{"href":"https:\/\/wellmax.ee\/de\/wp-json\/wp\/v2\/product\/5471","targetHints":{"allow":["GET"]}}],"collection":[{"href":"https:\/\/wellmax.ee\/de\/wp-json\/wp\/v2\/product"}],"about":[{"href":"https:\/\/wellmax.ee\/de\/wp-json\/wp\/v2\/types\/product"}],"wp:featuredmedia":[{"embeddable":true,"href":"https:\/\/wellmax.ee\/de\/wp-json\/wp\/v2\/media\/5472"}],"wp:attachment":[{"href":"https:\/\/wellmax.ee\/de\/wp-json\/wp\/v2\/media?parent=5471"}],"wp:term":[{"taxonomy":"product_brand","embeddable":true,"href":"https:\/\/wellmax.ee\/de\/wp-json\/wp\/v2\/product_brand?post=5471"},{"taxonomy":"product_cat","embeddable":true,"href":"https:\/\/wellmax.ee\/de\/wp-json\/wp\/v2\/product_cat?post=5471"},{"taxonomy":"product_tag","embeddable":true,"href":"https:\/\/wellmax.ee\/de\/wp-json\/wp\/v2\/product_tag?post=5471"}],"curies":[{"name":"wp","href":"https:\/\/api.w.org\/{rel}","templated":true}]}}