{"id":5457,"date":"2021-10-04T22:21:55","date_gmt":"2021-10-04T20:21:55","guid":{"rendered":"https:\/\/wellmax.digitalmango.uk\/tooted\/voodrilaud\/"},"modified":"2025-09-23T12:37:22","modified_gmt":"2025-09-23T10:37:22","slug":"lehise-voodrilaud","status":"publish","type":"product","link":"https:\/\/wellmax.ee\/de\/tooted\/futterbrett-aus-larche\/","title":{"rendered":"L\u00e4rchenverkleidung"},"content":{"rendered":"<p><strong>Warum eine Verkleidung aus Sibirischer L\u00e4rche w\u00e4hlen?<\/strong><\/p>\n<ul>\n<li>Von Natur aus langlebig \u2013 keine chemische Behandlung erforderlich<\/li>\n<li>Dichte und gleichm\u00e4\u00dfige Struktur - geh\u00f6rt zu den Hartholzarten<\/li>\n<li>Hohe Produktionsstandards - hochwertige Verarbeitung garantiert<\/li>\n<li>Umweltfreundlich \u2013 kann in Projekten verwendet werden, in denen chemisch behandelte Materialien nicht erlaubt sind<\/li>\n<li>Sch\u00f6nes Aussehen - sieht \u00e4sthetisch aus<\/li>\n<li>Sie sparen Zeit und Geld \u2013 die Lebensdauer ist lang<\/li>\n<\/ul>\n<p><a href=\"https:\/\/wellmax.ee\/wp-content\/uploads\/2020\/08\/H\u00f6\u00f6velmaterjali-kvaliteeditingimused.pdf\" target=\"_blank\" rel=\"noopener noreferrer\">Generell sortieren wir Futterpappe in drei Klassen AB; ABC und C<\/a> AB ist ein Plattenmaterial mit ganzen \u00c4sten ohne M\u00e4ngel. Generell ist das Preis-Leistungs-Verh\u00e4ltnis f\u00fcr die ABC-Klasse g\u00fcnstiger, da man das Material beim Einbau der Platte teilweise optimieren kann. Haupts\u00e4chlich wird Material in C-Qualit\u00e4t einsortiert seine Klasse aufgrund von M\u00e4ngeln oder heruntergefallenen \u00c4sten, aber die Festigkeitseigenschaften des Bretts sind gleichwertig mit den vorherigen Sorten. Je nach Profil k\u00f6nnen sich diese Fehlstellen nach der Montage teilweise oder vollst\u00e4ndig \u00fcberdecken. <strong>Bei Projektverk\u00e4ufen sind die Preise verhandelbar.<\/strong> <strong>M\u00f6glichkeit, andere Querschnitte und L\u00e4ngen zu bestellen.<\/strong><\/p>","protected":false},"excerpt":{"rendered":"<p>Futterbrett aus Sibirischer L\u00e4rche ist ein sehr exklusives und praktisches Produkt.<\/p>\n<p>&nbsp;<\/p>","protected":false},"featured_media":5458,"template":"","meta":{"_acf_changed":false},"product_brand":[],"product_cat":[48,700,709],"product_tag":[705],"class_list":{"0":"post-5457","1":"product","2":"type-product","3":"status-publish","4":"has-post-thumbnail","6":"product_cat-tooted","7":"product_cat-paring","8":"product_cat-voodrilauad","9":"product_tag-est","10":"pa_laius-w-70mm","11":"pa_laius-w-95mm","12":"pa_laius-w-120mm","13":"pa_laius-w-145mm","14":"pa_paksus-t-21mm","15":"pa_pikkus-l-3m","16":"pa_pikkus-l-4m","17":"pa_pikkus-l-6m","19":"first","20":"instock","21":"taxable","22":"shipping-taxable","23":"purchasable","24":"product-type-variable"},"acf":[],"_links":{"self":[{"href":"https:\/\/wellmax.ee\/de\/wp-json\/wp\/v2\/product\/5457","targetHints":{"allow":["GET"]}}],"collection":[{"href":"https:\/\/wellmax.ee\/de\/wp-json\/wp\/v2\/product"}],"about":[{"href":"https:\/\/wellmax.ee\/de\/wp-json\/wp\/v2\/types\/product"}],"wp:featuredmedia":[{"embeddable":true,"href":"https:\/\/wellmax.ee\/de\/wp-json\/wp\/v2\/media\/5458"}],"wp:attachment":[{"href":"https:\/\/wellmax.ee\/de\/wp-json\/wp\/v2\/media?parent=5457"}],"wp:term":[{"taxonomy":"product_brand","embeddable":true,"href":"https:\/\/wellmax.ee\/de\/wp-json\/wp\/v2\/product_brand?post=5457"},{"taxonomy":"product_cat","embeddable":true,"href":"https:\/\/wellmax.ee\/de\/wp-json\/wp\/v2\/product_cat?post=5457"},{"taxonomy":"product_tag","embeddable":true,"href":"https:\/\/wellmax.ee\/de\/wp-json\/wp\/v2\/product_tag?post=5457"}],"curies":[{"name":"wp","href":"https:\/\/api.w.org\/{rel}","templated":true}]}}