{"id":5345,"date":"2021-10-04T23:16:35","date_gmt":"2021-10-04T21:16:35","guid":{"rendered":"https:\/\/wellmax.digitalmango.uk\/tooted\/terrassilaud\/"},"modified":"2025-09-23T12:55:33","modified_gmt":"2025-09-23T10:55:33","slug":"lehise-terrassilaud","status":"publish","type":"product","link":"https:\/\/wellmax.ee\/de\/tooted\/terrassentisch-aus-larche\/","title":{"rendered":"Terrassentisch aus L\u00e4rche"},"content":{"rendered":"<p><strong>Warum eine L\u00e4rchenterrasse w\u00e4hlen?<\/strong><\/p>\n<ul>\n<li>Von Natur aus langlebig \u2013 keine chemische Behandlung erforderlich<\/li>\n<li>Dichte und gleichm\u00e4\u00dfige Struktur - geh\u00f6rt zu den Hartholzarten<\/li>\n<li>Hohe Produktionsstandards - hochwertige Verarbeitung garantiert<\/li>\n<li>Umweltfreundlich \u2013 kann in Projekten verwendet werden, in denen chemisch behandelte Materialien nicht erlaubt sind<\/li>\n<li>Sch\u00f6nes Aussehen - sieht \u00e4sthetisch aus<\/li>\n<li>Sie sparen Zeit und Geld \u2013 die Lebensdauer ist lang<\/li>\n<\/ul>\n<p>Exclusive ist ein Terrassenmaterial mit wenigen und ganzen \u00c4sten und ohne M\u00e4ngel, das f\u00fcr einen besonders anspruchsvollen Kunden am besten geeignet ist.<\/p>\n<p>Im Allgemeinen ist das Preis-Leistungs-Verh\u00e4ltnis f\u00fcr Materialien der Oberklasse am g\u00fcnstigsten, da es m\u00f6glich ist, das Material bei der Installation der Terrasse bis zu einem gewissen Grad zu optimieren.<\/p>\n<p>\u00d6koqualit\u00e4tsmaterial wird in seiner Klasse haupts\u00e4chlich aufgrund von Hobelfehlern oder heruntergefallenen \u00c4sten eingestuft, aber die Festigkeitseigenschaften der Terrasse entsprechen den vorherigen Sorten.<\/p>\n<p><span style=\"color: #ff0000;\"><span style=\"color: #000000;\">Fordern Sie ein pers\u00f6nliches Angebot f\u00fcr Material in ECO-Qualit\u00e4t an<\/span> <strong><a style=\"color: #ff0000;\" href=\"mailto:info@wellmax.ee\">VON HIER<span style=\"color: #000000;\">.<\/span><\/a><\/strong><\/span><\/p>\n<p>&nbsp;<\/p>\n<p><strong>Bei Projektverk\u00e4ufen sind die Preise verhandelbar.<br \/>\nM\u00f6glichkeit, andere Querschnitte und L\u00e4ngen zu bestellen.<br \/>\n.<\/strong><\/p>\n<p><strong>Der Preisrechner zeigt die Preise der Terrassentische der Klasse \u201eExklusiv\u201c f\u00fcr 28mm starke Dielen.\u00a0<\/strong><\/p>","protected":false},"excerpt":{"rendered":"<p>Ein Terrassentisch aus Sibirischer L\u00e4rche ist eine Investition in eine Terrasse mit einer sch\u00f6nen Struktur, deren Lebensdauer um ein Vielfaches l\u00e4nger ist als die einer Kiefernterrasse.<\/p>\n<p>&nbsp;<\/p>\n<p>&nbsp;<\/p>","protected":false},"featured_media":5346,"template":"","meta":{"_acf_changed":false},"product_brand":[],"product_cat":[48,710],"product_tag":[705],"class_list":{"0":"post-5345","1":"product","2":"type-product","3":"status-publish","4":"has-post-thumbnail","6":"product_cat-tooted","7":"product_cat-terrassilauad","8":"product_tag-est","9":"pa_laius-w-95mm","10":"pa_laius-w-120mm","11":"pa_laius-w-145mm","12":"pa_paksus-t-24mm","13":"pa_paksus-t-28mm","14":"pa_pikkus-l-3m","15":"pa_pikkus-l-4m","16":"pa_pikkus-l-5-1m","17":"pa_pikkus-l-6m","19":"first","20":"instock","21":"taxable","22":"shipping-taxable","23":"purchasable","24":"product-type-variable"},"acf":[],"_links":{"self":[{"href":"https:\/\/wellmax.ee\/de\/wp-json\/wp\/v2\/product\/5345","targetHints":{"allow":["GET"]}}],"collection":[{"href":"https:\/\/wellmax.ee\/de\/wp-json\/wp\/v2\/product"}],"about":[{"href":"https:\/\/wellmax.ee\/de\/wp-json\/wp\/v2\/types\/product"}],"wp:featuredmedia":[{"embeddable":true,"href":"https:\/\/wellmax.ee\/de\/wp-json\/wp\/v2\/media\/5346"}],"wp:attachment":[{"href":"https:\/\/wellmax.ee\/de\/wp-json\/wp\/v2\/media?parent=5345"}],"wp:term":[{"taxonomy":"product_brand","embeddable":true,"href":"https:\/\/wellmax.ee\/de\/wp-json\/wp\/v2\/product_brand?post=5345"},{"taxonomy":"product_cat","embeddable":true,"href":"https:\/\/wellmax.ee\/de\/wp-json\/wp\/v2\/product_cat?post=5345"},{"taxonomy":"product_tag","embeddable":true,"href":"https:\/\/wellmax.ee\/de\/wp-json\/wp\/v2\/product_tag?post=5345"}],"curies":[{"name":"wp","href":"https:\/\/api.w.org\/{rel}","templated":true}]}}