{"id":928,"date":"2020-07-29T20:19:50","date_gmt":"2020-07-29T20:19:50","guid":{"rendered":"https:\/\/wp.wellmax.ee\/?page_id=928"},"modified":"2025-09-22T22:11:38","modified_gmt":"2025-09-22T20:11:38","slug":"privaatsuspoliitika","status":"publish","type":"page","link":"https:\/\/wellmax.ee\/de\/datenschutz-bestimmungen\/","title":{"rendered":"Datenschutz-Bestimmungen"},"content":{"rendered":"<h2>1. Allgemeine Bestimmungen<\/h2>\n<p>Diese Datenschutzerkl\u00e4rung regelt die Grunds\u00e4tze zur Erhebung, Verarbeitung und Speicherung personenbezogener Daten. Personenbezogene Daten werden von dem f\u00fcr die Verarbeitung personenbezogener Daten Verantwortlichen erhoben, verarbeitet und gespeichert <strong>Wellmax Baltikum O\u00dc<\/strong> (im Folgenden der Datenverarbeiter).<\/p>\n<p>1.2. Betroffene Person im Sinne der Datenschutzerkl\u00e4rung ist ein Kunde oder eine andere nat\u00fcrliche Person, deren personenbezogene Daten von dem Auftragsverarbeiter verarbeitet werden.<\/p>\n<p>1.3. Kunde im Sinne der Datenschutzerkl\u00e4rung ist jeder, der auf der Website des Auftragsverarbeiters Waren oder Dienstleistungen erwirbt.<\/p>\n<p>1.4. Der Datenverarbeiter h\u00e4lt sich an die gesetzlich vorgeschriebenen Grunds\u00e4tze der Datenverarbeitung, unter anderem verarbeitet der Datenverarbeiter personenbezogene Daten rechtm\u00e4\u00dfig, fair und sicher. Der Datenverarbeiter kann best\u00e4tigen, dass personenbezogene Daten gem\u00e4\u00df den gesetzlichen Bestimmungen verarbeitet wurden.<\/p>\n<h2>2. Erhebung, Verarbeitung und Speicherung personenbezogener Daten<\/h2>\n<p>2.1. Die personenbezogenen Daten, die der Datenverarbeiter erhebt, verarbeitet und speichert, werden elektronisch erhoben, haupts\u00e4chlich \u00fcber die Website und E-Mail.<\/p>\n<p>2.2. Durch die Weitergabe seiner personenbezogenen Daten erteilt die betroffene Person dem Datenverarbeiter das Recht, personenbezogene Daten f\u00fcr die in der Datenschutzrichtlinie angegebenen Zwecke zu sammeln, zu organisieren, zu verwenden und zu verwalten, die die betroffene Person beim Kauf von Waren oder direkt oder indirekt mit dem Datenverarbeiter teilt Dienstleistungen auf der Website.<\/p>\n<p>2.3. Die betroffene Person ist daf\u00fcr verantwortlich, dass die von ihr angegebenen Daten richtig, richtig und vollst\u00e4ndig sind. Die wissentliche Angabe falscher Informationen gilt als Versto\u00df gegen die Datenschutzrichtlinie. Die betroffene Person ist verpflichtet, dem Datenverarbeiter \u00c4nderungen der bereitgestellten Daten unverz\u00fcglich mitzuteilen.<\/p>\n<p>2.4. Der Datenverarbeiter haftet nicht f\u00fcr Sch\u00e4den, die der betroffenen Person oder Dritten dadurch entstehen, dass die betroffene Person falsche Angaben macht.<\/p>\n<h2>3. Verarbeitung personenbezogener Daten von Kunden<\/h2>\n<p>3.1. Der Datenverarbeiter kann die folgenden personenbezogenen Daten der betroffenen Person verarbeiten:<\/p>\n<p>3.1.1. Vor-und Nachname;<\/p>\n<p>3.1.2. Geburtsdatum;<\/p>\n<p>3.1.3. Telefonnummer;<\/p>\n<p>3.1.4. E-Mail-Addresse;<\/p>\n<p>3.1.5. Lieferadresse;<\/p>\n<p>3.1.6. Girokontonummer;<\/p>\n<p>3.1.7. Zahlungskartendaten;<\/p>\n<p>3.2. Dar\u00fcber hinaus hat der Datenverarbeiter das Recht, Daten \u00fcber den Kunden zu sammeln, die in \u00f6ffentlichen Registern verf\u00fcgbar sind.<\/p>\n<p>3.3. Die Rechtsgrundlage f\u00fcr die Verarbeitung personenbezogener Daten ist Artikel 6 (1) (a), (b), (c) und (f) der Allgemeinen Verordnung zum Schutz personenbezogener Daten:<\/p>\n<p>a) die betroffene Person hat ihre Einwilligung zur Verarbeitung ihrer personenbezogenen Daten f\u00fcr einen oder mehrere bestimmte Zwecke erteilt;<\/p>\n<p>b) die Verarbeitung personenbezogener Daten zur Erf\u00fcllung eines unter Beteiligung der betroffenen Person abgeschlossenen Vertrages oder zur Durchf\u00fchrung vorvertraglicher Ma\u00dfnahmen entsprechend dem Wunsch der betroffenen Person erforderlich ist;<\/p>\n<p>c) die Verarbeitung personenbezogener Daten zur Erf\u00fcllung der gesetzlichen Verpflichtung des f\u00fcr die Verarbeitung Verantwortlichen erforderlich ist;<\/p>\n<p>f) Die Verarbeitung personenbezogener Daten ist im Falle eines berechtigten Interesses des Verantwortlichen oder eines Dritten erforderlich, sofern dieses Interesse nicht durch die Interessen der betroffenen Person oder die Grundrechte und Grundfreiheiten, f\u00fcr die personenbezogene Daten gesch\u00fctzt werden m\u00fcssen, \u00fcberwiegen , insbesondere wenn es sich bei der betroffenen Person um ein Kind handelt.<\/p>\n<p>3.4. Verarbeitung personenbezogener Daten nach Verarbeitungszweck:<\/p>\n<p>3.4.1. Zweck der Verarbeitung \u2013 Sicherheit und Schutz<br \/>\nDie maximale Dauer der Speicherung personenbezogener Daten - gem\u00e4\u00df den gesetzlich festgelegten Fristen<\/p>\n<p>3.4.2. Zweck der Verarbeitung - Auftragsabwicklung<br \/>\nDie maximale Dauer der Speicherung personenbezogener Daten \u2013 12 Monate<\/p>\n<p>3.4.3. Zweck der Verarbeitung \u2013 Gew\u00e4hrleistung des Funktionierens der E-Shop-Dienste<br \/>\nDie maximale Dauer der Speicherung personenbezogener Daten \u2013 12 Monate<\/p>\n<p>3.4.4. Zweck der Verarbeitung \u2013 Kundenverwaltung<br \/>\nDie maximale Dauer der Speicherung personenbezogener Daten \u2013 12 Monate<\/p>\n<p>3.4.5. Zweck der Verarbeitung \u2013 Finanzt\u00e4tigkeit, Buchhaltung<br \/>\nDie maximale Dauer der Speicherung personenbezogener Daten - gem\u00e4\u00df den gesetzlich festgelegten Fristen<\/p>\n<p>3.4.6. Zweck der Verarbeitung \u2013 Marketing<br \/>\nDie maximale Dauer der Speicherung personenbezogener Daten \u2013 12 Monate<\/p>\n<p>3.5. Der Datenverarbeiter hat das Recht, die personenbezogenen Daten des Kunden an Dritte weiterzugeben, wie beispielsweise autorisierte Datenverarbeiter, Buchhalter, Transport- und Kurierunternehmen, Unternehmen, die Transferdienste erbringen.Der Datenverarbeiter ist der verantwortliche Verarbeiter personenbezogener Daten. Der Datenverarbeiter \u00fcbermittelt die f\u00fcr die Zahlung erforderlichen personenbezogenen Daten an den autorisierten Verarbeiter Maksekeskus AS.<\/p>\n<p>3.6. Bei der Verarbeitung und Speicherung der personenbezogenen Daten der betroffenen Person setzt der Datenverarbeiter organisatorische und technische Ma\u00dfnahmen um, die den Schutz personenbezogener Daten vor zuf\u00e4lliger oder rechtswidriger Zerst\u00f6rung, Ver\u00e4nderung, Offenlegung und jeder anderen rechtswidrigen Verarbeitung gew\u00e4hrleisten.<\/p>\n<p>3.7. Der Datenverarbeiter speichert die Daten der betroffenen Personen je nach Zweck der Verarbeitung, jedoch nicht l\u00e4nger als 1 Jahr.<\/p>\n<h2>4. Rechte der betroffenen Person<\/h2>\n<p>4.1. Die betroffene Person hat das Recht, auf ihre personenbezogenen Daten zuzugreifen und sie einzusehen.<\/p>\n<p>4.2. Die betroffene Person hat das Recht, Auskunft \u00fcber die Verarbeitung ihrer personenbezogenen Daten zu erhalten.<\/p>\n<p>4.3. Die betroffene Person hat das Recht, unrichtige Daten zu erg\u00e4nzen oder zu berichtigen.<\/p>\n<p>4.4. Verarbeitet der Auftragsverarbeiter personenbezogene Daten der betroffenen Person auf Grundlage der Einwilligung der betroffenen Person, so hat die betroffene Person das Recht, die Einwilligung jederzeit zu widerrufen.<\/p>\n<p>4.5. Zur Aus\u00fcbung der Rechte kann sich die betroffene Person an den Kundensupport des E-Shops unter wenden <strong>info@wellmax.ee<\/strong>.<\/p>\n<p>4.6. Die betroffene Person kann zum Schutz ihrer Rechte eine Beschwerde bei der Datenschutzbeh\u00f6rde einreichen.<\/p>\n<h2>5. Schlussbestimmungen<\/h2>\n<p>5.1. Diese Datenschutzbedingungen wurden in \u00dcbereinstimmung mit der Verordnung (EU) Nr. 2016\/679 des Europ\u00e4ischen Parlaments und des Rates zum Schutz nat\u00fcrlicher Personen bei der Verarbeitung personenbezogener Daten und zum freien Datenverkehr und \u00fcber die Aufhebung der Richtlinie 95\/46 \/ EG \/ EG (Allgemeine Verordnung zum Schutz personenbezogener Daten), Gesetz zum Schutz personenbezogener Daten der Republik Estland und Rechtsvorschriften der Republik Estland und der Europ\u00e4ischen Union.<\/p>\n<p>5.2. Der Datenverarbeiter hat das Recht, die Datenschutzbedingungen teilweise oder vollst\u00e4ndig zu \u00e4ndern, indem er die betroffenen Personen \u00fcber die \u00c4nderungen auf der Website informiert <a href=\"https:\/\/wellmax.ee\/de\/\">https:\/\/wellmax.ee<\/a><strong>\u00a0<\/strong>durch.<\/p>","protected":false},"excerpt":{"rendered":"<p>1. \u00dclds\u00e4tted K\u00e4esolev privaatsuspoliitika reguleerib isikuandmete kogumist, t\u00f6\u00f6tlemist ja s\u00e4ilitamist k\u00e4sitlevaid p\u00f5him\u00f5tteid. Isikuandmeid kogub t\u00f6\u00f6tleb ja s\u00e4ilitab isikuandmete vastutav t\u00f6\u00f6tleja Wellmax Baltic O\u00dc (edaspidi andmet\u00f6\u00f6tleja). 1.2. Andmesubjekt privaatsuspoliitika t\u00e4henduses on klient v\u00f5i muu f\u00fc\u00fcsiline isik, kelle isikuandmeid andmet\u00f6\u00f6tleja t\u00f6\u00f6tleb. 1.3. Klient privaatsuspoliitika t\u00e4henduses on iga\u00fcks, kes ostab andmet\u00f6\u00f6tleja kodulehelt kaupu v\u00f5i teenuseid. 1.4. Andmet\u00f6\u00f6tleja j\u00e4rgib [&hellip;]<\/p>","protected":false},"author":2,"featured_media":0,"parent":0,"menu_order":0,"comment_status":"closed","ping_status":"closed","template":"","meta":{"_acf_changed":false,"footnotes":""},"tags":[],"class_list":["post-928","page","type-page","status-publish","hentry"],"acf":[],"_links":{"self":[{"href":"https:\/\/wellmax.ee\/de\/wp-json\/wp\/v2\/pages\/928","targetHints":{"allow":["GET"]}}],"collection":[{"href":"https:\/\/wellmax.ee\/de\/wp-json\/wp\/v2\/pages"}],"about":[{"href":"https:\/\/wellmax.ee\/de\/wp-json\/wp\/v2\/types\/page"}],"author":[{"embeddable":true,"href":"https:\/\/wellmax.ee\/de\/wp-json\/wp\/v2\/users\/2"}],"replies":[{"embeddable":true,"href":"https:\/\/wellmax.ee\/de\/wp-json\/wp\/v2\/comments?post=928"}],"version-history":[{"count":1,"href":"https:\/\/wellmax.ee\/de\/wp-json\/wp\/v2\/pages\/928\/revisions"}],"predecessor-version":[{"id":6248,"href":"https:\/\/wellmax.ee\/de\/wp-json\/wp\/v2\/pages\/928\/revisions\/6248"}],"wp:attachment":[{"href":"https:\/\/wellmax.ee\/de\/wp-json\/wp\/v2\/media?parent=928"}],"wp:term":[{"taxonomy":"post_tag","embeddable":true,"href":"https:\/\/wellmax.ee\/de\/wp-json\/wp\/v2\/tags?post=928"}],"curies":[{"name":"wp","href":"https:\/\/api.w.org\/{rel}","templated":true}]}}