{"id":4964,"date":"2022-09-01T19:53:16","date_gmt":"2022-09-01T17:53:16","guid":{"rendered":"https:\/\/wellmax.ee\/?page_id=4964"},"modified":"2025-09-22T22:11:16","modified_gmt":"2025-09-22T20:11:16","slug":"muugitingimused-wellmax","status":"publish","type":"page","link":"https:\/\/wellmax.ee\/de\/andere-bedingungen-najamax\/","title":{"rendered":"Verkaufsbedingungen"},"content":{"rendered":"<p>Der Eigent\u00fcmer des Online-Shops Wellmax.ee (im Folgenden der Online-Shop) ist Wellmax Baltic O\u00dc (Registrierungscode 11403020) mit Sitz in Kurtna k\u00fcla, Gemeinde Alutaguse, Ida-Virumaa, 41202, Republik Estland.<\/p>\r\n\r\n\r\n\r\n<h2 class=\"wp-block-heading\">G\u00fcltigkeit des Kaufvertrages, Produkt- und Preisinformationen<\/h2>\r\n\r\n\r\n\r\n<p>Die Verkaufsbedingungen gelten f\u00fcr den Kauf von Waren aus dem Online-Shop.<\/p>\r\n\r\n\r\n\r\n<p>Die Preise der im Online-Shop verkauften Produkte sind neben den Produkten angegeben. Der Preis beinhaltet eine Geb\u00fchr f\u00fcr die Lieferung der Ware. Alle Preise der im Online-Shop verkauften Waren sind in Euro angegeben.<\/p>\r\n\r\n\r\n\r\n<p>Die Geb\u00fchr f\u00fcr die Lieferung der Ware h\u00e4ngt vom Standort des K\u00e4ufers und der Lieferart ab. Die Versandkosten werden dem K\u00e4ufer beim Abschluss der Bestellung angezeigt.<\/p>\r\n\r\n\r\n\r\n<p>Informationen zum Produkt finden Sie im Webshop direkt neben dem Produkt.<\/p>\r\n\r\n\r\n\r\n<h2 class=\"wp-block-heading\" id=\"h-tellimuse-vormistamine\">Bestellung bilden<\/h2>\r\n\r\n\r\n\r\n<p>Um die Ware zu bestellen, m\u00fcssen Sie die gew\u00fcnschten Produkte in den Warenkorb legen. Um die Bestellung abzuschlie\u00dfen, m\u00fcssen Sie die erforderlichen Datenfelder ausf\u00fcllen und die entsprechende Art der Produktlieferung ausw\u00e4hlen. Auf dem Bildschirm wird dann die H\u00f6he der Geb\u00fchr angezeigt, die sicher \u00fcber die folgenden Zahlungsmethoden bezahlt werden kann:<\/p>\r\n\r\n\r\n\r\n<p>Estnische Bankzahlungen: Swedbank, SEB, Luminor, LHV, Coop Pank, Pocopay<\/p>\r\n\r\n\r\n\r\n<p>Estnische Pay-Later-L\u00f6sungen: Indivy, Indivy 3, Liisi ID, Kniks-Geschenkkarte<\/p>\r\n\r\n\r\n\r\n<p>Finnische Bankverbindungen: Aktia, \u00c5landsbanken, Danske, Handelsbanken, Nordea, Oma S\u00e4\u00e4stopankki, Pohjola, POP Pankki, S-Pankki, S\u00e4\u00e4stopankki<\/p>\r\n\r\n\r\n\r\n<p>ACHTUNG! Wenn Sie mit einem Banklink bezahlen, achten Sie darauf, auf der Seite der Bank auf die Schaltfl\u00e4che &quot;Zur\u00fcck zum H\u00e4ndler&quot; zu klicken.<\/p>\r\n\r\n\r\n\r\n<p>Zahlungen werden von Maksekeskus AS vermittelt. Die Zahlung erfolgt au\u00dferhalb des Webshops in einer sicheren Umgebung \u2013 bei Zahlung mit einer Bankverbindung in der sicheren Umgebung der jeweiligen Bank und in der sicheren Umgebung von Maksekeskus AS bei Zahlung mit Kreditkarte. Der Verk\u00e4ufer hat keinen Zugriff auf die Bank- und Kreditkartendaten des Kunden. Der Vertrag tritt mit Eingang des zu zahlenden Betrages auf dem Girokonto des Online-Shops in Kraft.<\/p>\r\n\r\n\r\n\r\n<p>Der Eigent\u00fcmer des Online-Shops ist der verantwortliche Verarbeiter personenbezogener Daten und leitet die f\u00fcr die Zahlung erforderlichen personenbezogenen Daten an den autorisierten Verarbeiter Maksekeskus AS weiter.<\/p>\r\n\r\n\r\n\r\n<p>Kann die bestellte Ware aufgrund des Warenendes oder aus anderen Gr\u00fcnden nicht geliefert werden, wird der K\u00e4ufer schnellstm\u00f6glich dar\u00fcber informiert und das gezahlte Geld (einschlie\u00dflich der Kosten f\u00fcr die Lieferung der Ware) unverz\u00fcglich zur\u00fcckerstattet, sp\u00e4testens jedoch innerhalb von 14 Tagen nach Absendung der Mitteilung.<\/p>\r\n\r\n\r\n\r\n<h2 class=\"wp-block-heading\">Lieferung<\/h2>\r\n\r\n\r\n\r\n<p>Die Waren werden in folgende L\u00e4nder versandt: Estland, Finnland<\/p>\r\n\r\n\r\n\r\n<p>Zur Abholung der Ware hat der K\u00e4ufer folgende M\u00f6glichkeiten: Per Express\/Greencarrier Logistikversand oder die M\u00f6glichkeit der Selbstabholung der Ware.<\/p>\r\n\r\n\r\n\r\n<p>Die Versandkosten der Ware tr\u00e4gt der K\u00e4ufer, die entsprechenden Preisinformationen werden neben der Versandart angezeigt.<\/p>\r\n\r\n\r\n\r\n<p>Die Ware wird mit einem Sattelauflieger mit einer Gesamtl\u00e4nge von 17m und ohne Hebevorrichtung geliefert. Voraussetzung f\u00fcr die Lieferung ist, dass der Bestimmungsort\/das Objekt\/das Grundst\u00fcck mit einem Sattelauflieger angefahren werden kann. Ist die Zufahrt mit einem Sattelauflieger nicht m\u00f6glich, m\u00fcssen alternative M\u00f6glichkeiten gesondert besprochen werden, die gegen Aufpreis m\u00f6glich sind (z. B. HIAB-Transport).<\/p>\r\n\r\n\r\n\r\n<p>Sendungen innerhalb Estlands kommen im Allgemeinen innerhalb von 7 Werktagen nach Inkrafttreten des Kaufvertrags am vom K\u00e4ufer angegebenen Bestimmungsort an. Die Lieferung au\u00dferhalb Estlands erfolgt innerhalb von 10 Kalendertagen.<\/p>\r\n\r\n\r\n\r\n<p>In Ausnahmef\u00e4llen haben Sie das Recht, die Ware innerhalb von 45 Kalendertagen zu liefern.<\/p>\r\n\r\n\r\n\r\n<h2 class=\"wp-block-heading\">R\u00fccktrittsrecht<\/h2>\r\n\r\n\r\n\r\n<p>Nach Erhalt der Bestellung hat der K\u00e4ufer das Recht, innerhalb von 14 Tagen von dem im E-Shop abgeschlossenen Vertrag zur\u00fcckzutreten.<\/p>\r\n\r\n\r\n\r\n<p>Achtung! Je nach Produkt kann dem K\u00e4ufer kein Widerrufsrecht zustehen, in diesem Fall m\u00fcssen die entsprechenden Produkte und Dienstleistungen aufgef\u00fchrt sein und die in \u00a7 53 (4) Schuldrechtsgesetz aufgef\u00fchrten Voraussetzungen erf\u00fcllen.<\/p>\r\n\r\n\r\n\r\n<p>Das Widerrufsrecht besteht nicht, wenn der K\u00e4ufer eine juristische Person ist.<\/p>\r\n\r\n\r\n\r\n<p>Zur Inanspruchnahme des 14-t\u00e4gigen R\u00fcckgaberechts darf die bestellte Ware nicht anders verwendet werden, als es erforderlich ist, um sich von Beschaffenheit, Eigenschaften und Funktionsweise der Ware so zu \u00fcberzeugen, dass eine Pr\u00fcfung der Ware zul\u00e4ssig ist ein Ladengesch\u00e4ft.<\/p>\r\n\r\n\r\n\r\n<p>Wenn die Ware zu einem anderen Zweck verwendet wurde, als es zur \u00dcberpr\u00fcfung der Beschaffenheit, Eigenschaften und Funktionsweise der Ware erforderlich ist, oder wenn sie Gebrauchs- oder Verschlei\u00dfspuren aufweist, hat der Online-Shop das Recht, die R\u00fccksendegeb\u00fchr entsprechend zu mindern Minderung des Warenwertes Die Ware muss im Originalzustand zur\u00fcckgesendet werden - das hei\u00dft, die Ware darf nicht mit der Ware verarbeitet, geschnitten, eingebaut etc. werden.<\/p>\r\n\r\n\r\n\r\n<p>Um die Ware zur\u00fcckzusenden, m\u00fcssen Sie eine R\u00fccktrittserkl\u00e4rung vom Kauf der Ware abgeben, deren Formular Sie hier finden:\u00a0 <a href=\"https:\/\/wellmax.ee\/wp-content\/uploads\/2020\/08\/Kauba-tagastuse-taotlus.docx\">https:\/\/wellmax.ee\/wp-content\/uploads\/2020\/08\/Kauba-tagastuse-taotlus.docx<\/a> , und senden Sie es an die E-Mail-Adresse <a href=\"mailto:info@wellmax.ee\">info@wellmax.ee<\/a>\u00a0 sp\u00e4testens innerhalb von 14 Tagen nach Erhalt der Ware.<\/p>\r\n\r\n\r\n\r\n<p>Die Kosten der R\u00fccksendung der Ware tr\u00e4gt der K\u00e4ufer, es sei denn, der Grund der R\u00fccksendung liegt darin, dass die zur\u00fcckzusendende Ware nicht der bestellten entspricht (z. B. falsche oder mangelhafte Ware).<\/p>\r\n\r\n\r\n\r\n<p>Der K\u00e4ufer hat die Ware innerhalb von 14 Tagen nach Antragstellung zur\u00fcckzusenden oder den Nachweis zu erbringen, dass er die Ware innerhalb der vorgenannten Frist dem Frachtf\u00fchrer \u00fcbergeben hat.<\/p>\r\n\r\n\r\n\r\n<p>Nach Erhalt der zur\u00fcckgesendeten Ware wird der Online-Shop dem K\u00e4ufer unverz\u00fcglich, sp\u00e4testens jedoch 14 Tage nach Erhalt des Widerrufs, alle vom K\u00e4ufer im Rahmen des Vertrags erhaltenen Geb\u00fchren zur\u00fcckerstatten.<\/p>\r\n\r\n\r\n\r\n<p>Der Online-Shop kann die R\u00fcckzahlung verweigern, bis er die vertragsgegenst\u00e4ndliche Ware wieder zur\u00fcckerhalten hat oder bis der K\u00e4ufer den Nachweis erbracht hat, dass er die Ware zur\u00fcckgesandt hat, je nachdem, welches der fr\u00fchere Zeitpunkt ist.<\/p>\r\n\r\n\r\n\r\n<p>Wenn der K\u00e4ufer ausdr\u00fccklich eine andere Versandart als die vom Online-Shop angebotene billigste \u00fcbliche Versandart gew\u00e4hlt hat, muss der Online-Shop dem Verbraucher keine Kosten erstatten, die die mit der \u00fcblichen Versandart verbundenen Kosten \u00fcbersteigen.<\/p>\r\n\r\n\r\n\r\n<p>Der Online-Shop hat das Recht, vom Kaufgesch\u00e4ft zur\u00fcckzutreten und die Ware vom K\u00e4ufer zur\u00fcckzufordern, wenn der Preis der Ware im Online-Shop aufgrund eines Irrtums erheblich unter dem Marktpreis der Ware liegt.<\/p>\r\n\r\n\r\n\r\n<h2 class=\"wp-block-heading\">Das Recht, einen Anspruch geltend zu machen<\/h2>\r\n\r\n\r\n\r\n<p>Der Online-Shop haftet f\u00fcr die Nichtkonformit\u00e4t der an den K\u00e4ufer verkauften Ware mit den Vertragsbedingungen oder einen Mangel, der bereits zum Zeitpunkt der \u00dcbergabe der Sache bestand und der innerhalb von zwei Jahren ab \u00dcbergabe der Ware an den auftritt K\u00e4ufer. Innerhalb der ersten sechs Monate ab \u00dcbergabe der Sache an den K\u00e4ufer wird vermutet, dass der Mangel bereits bei \u00dcbergabe der Sache vorhanden war. Es obliegt dem Webshop, die entsprechende Annahme zu widerlegen.<\/p>\r\n\r\n\r\n\r\n<p>Im Falle eines Mangels hat der K\u00e4ufer das Recht, den Online-Shop sp\u00e4testens innerhalb von zwei Monaten per E-Mail an info@wellmax.ee oder telefonisch unter +372 5699 0075 zu kontaktieren.<\/p>\r\n\r\n\r\n\r\n<p>Der Online-Shop haftet nicht f\u00fcr M\u00e4ngel, die nach \u00dcbergabe der Ware an den K\u00e4ufer aufgetreten sind.<\/p>\r\n\r\n\r\n\r\n<p>Wenn die im Online-Shop gekauften Waren M\u00e4ngel aufweisen, f\u00fcr die der Online-Shop verantwortlich ist, repariert oder ersetzt der Online-Shop die mangelhafte Ware. Wenn es nicht m\u00f6glich ist, die Ware zu reparieren oder zu ersetzen, erstattet der Webshop dem K\u00e4ufer alle mit dem Kaufvertrag verbundenen Geb\u00fchren.<\/p>\r\n\r\n\r\n\r\n<p>Der Online-Shop antwortet auf die Beschwerde des Verbrauchers schriftlich oder in einer Form, die eine schriftliche Wiedergabe innerhalb von 15 Tagen erm\u00f6glicht.<\/p>\r\n\r\n\r\n\r\n<h2 class=\"wp-block-heading\">Direktmarketing und Verarbeitung personenbezogener Daten<\/h2>\r\n\r\n\r\n\r\n<p>Der Online-Shop verwendet die vom K\u00e4ufer eingegebenen pers\u00f6nlichen Daten nur zur Abwicklung der Bestellung und zum Versand der Ware an den K\u00e4ufer. Der Online-Shop \u00fcbermittelt personenbezogene Daten an Unternehmen, die Transportdienstleistungen erbringen, um die Waren zu liefern.<\/p>\r\n\r\n\r\n\r\n<p>Der Online-Shop sendet dem K\u00e4ufer Newsletter und Angebote nur dann an die E-Mail-Adresse des K\u00e4ufers, wenn der K\u00e4ufer seinen Wunsch durch Eingabe einer E-Mail-Adresse auf der Website zum Ausdruck gebracht und seinen Wunsch angegeben hat, Direktmail-Benachrichtigungen zu erhalten.<\/p>\r\n\r\n\r\n\r\n<p>Der K\u00e4ufer kann Angebote und Newsletter, die per E-Mail versendet werden, jederzeit abbestellen, indem er uns dies per E-Mail mitteilt oder den Anweisungen in der E-Mail mit den Angeboten folgt.<\/p>\r\n\r\n\r\n\r\n<h2 class=\"wp-block-heading\">Argumente l\u00f6sen<\/h2>\r\n\r\n\r\n\r\n<p>Wenn der K\u00e4ufer Beschwerden \u00fcber den Online-Shop hat, m\u00fcssen diese per E-Mail an info@wellmax.ee oder telefonisch unter +372 5699 0075 gesendet werden.<\/p>\r\n\r\n\r\n\r\n<p>Wenn der K\u00e4ufer und der Online-Shop den Streit nicht einvernehmlich l\u00f6sen k\u00f6nnen, kann der K\u00e4ufer die Verbraucherstreitbeilegung anrufen. Hier k\u00f6nnen Sie sich \u00fcber die Verfahrensvoraussetzungen informieren und einen Antrag stellen <a href=\"https:\/\/ttja.ee\/tarbijavaidluste-komisjon\">https:\/\/ttja.ee\/tarbijavaidluste-komisjon<\/a> . Die Zust\u00e4ndigkeit des Ausschusses f\u00fcr Verbraucherstreitigkeiten besteht in der Beilegung von Streitigkeiten, die sich aus dem zwischen dem K\u00e4ufer und dem Online-Shop geschlossenen Vertrag ergeben. Die Pr\u00fcfung der K\u00e4uferreklamation durch die Kommission ist kostenlos.<\/p>\r\n\r\n\r\n\r\n<p><em>Der K\u00e4ufer kann sich an die Plattform zur Beilegung verbraucherrechtlicher Streitigkeiten der Europ\u00e4ischen Union wenden.<\/em><\/p>","protected":false},"excerpt":{"rendered":"<p>Veebipoe Wellmax.ee (edaspidi Veebipood) omanik on Wellmax Baltic O\u00dc (registrikood 11403020), asukohaga Kurtna k\u00fcla, Alutaguse vald, Ida-Virumaa, 41202, Eesti Vabariik. M\u00fc\u00fcgilepingu kehtivus, kauba- ja hinnainfo M\u00fc\u00fcgitingimused kehtivad Veebipoest kaupade ostmisel. Veebipoes m\u00fc\u00fcdavate toodete hinnad on m\u00e4rgitud toodete juurde. Hinnale lisandub tasu kauba k\u00e4ttetoimetamise eest. K\u00f5ik veebipoes m\u00fc\u00fcdavate kaupade hinnad on eurodes. Kauba k\u00e4ttetoimetamise tasu s\u00f5ltub [&hellip;]<\/p>","protected":false},"author":2,"featured_media":0,"parent":0,"menu_order":0,"comment_status":"closed","ping_status":"closed","template":"","meta":{"_acf_changed":false,"footnotes":""},"tags":[],"class_list":["post-4964","page","type-page","status-publish","hentry"],"acf":[],"_links":{"self":[{"href":"https:\/\/wellmax.ee\/de\/wp-json\/wp\/v2\/pages\/4964","targetHints":{"allow":["GET"]}}],"collection":[{"href":"https:\/\/wellmax.ee\/de\/wp-json\/wp\/v2\/pages"}],"about":[{"href":"https:\/\/wellmax.ee\/de\/wp-json\/wp\/v2\/types\/page"}],"author":[{"embeddable":true,"href":"https:\/\/wellmax.ee\/de\/wp-json\/wp\/v2\/users\/2"}],"replies":[{"embeddable":true,"href":"https:\/\/wellmax.ee\/de\/wp-json\/wp\/v2\/comments?post=4964"}],"version-history":[{"count":1,"href":"https:\/\/wellmax.ee\/de\/wp-json\/wp\/v2\/pages\/4964\/revisions"}],"predecessor-version":[{"id":6245,"href":"https:\/\/wellmax.ee\/de\/wp-json\/wp\/v2\/pages\/4964\/revisions\/6245"}],"wp:attachment":[{"href":"https:\/\/wellmax.ee\/de\/wp-json\/wp\/v2\/media?parent=4964"}],"wp:term":[{"taxonomy":"post_tag","embeddable":true,"href":"https:\/\/wellmax.ee\/de\/wp-json\/wp\/v2\/tags?post=4964"}],"curies":[{"name":"wp","href":"https:\/\/api.w.org\/{rel}","templated":true}]}}